{"id":691,"date":"2020-05-26T14:29:57","date_gmt":"2020-05-26T12:29:57","guid":{"rendered":"http:\/\/transtex.jaq\/?page_id=691"},"modified":"2020-11-27T09:16:42","modified_gmt":"2020-11-27T08:16:42","slug":"dzianiny","status":"publish","type":"page","link":"https:\/\/trans-tex.pl\/?page_id=691","title":{"rendered":"Dzianiny"},"content":{"rendered":"","protected":false},"excerpt":{"rendered":"","protected":false},"author":1,"featured_media":0,"parent":0,"menu_order":0,"comment_status":"closed","ping_status":"closed","template":"knitted-template.php","meta":{"footnotes":""},"yoast_head":"<!-- This site is optimized with the Yoast SEO plugin v18.6 - https:\/\/yoast.com\/wordpress\/plugins\/seo\/ -->\n<title>Dzianiny - Wyroby z dzianiny - Trans-Tex Producent dzianin i tkanin<\/title>\n<meta name=\"description\" content=\"Fiirma Trans-Tex oferuje nast\u0119puj\u0105ce dzianiny: materacowe - meblowe, funkcyjne, trudnopalne, antybakteryjne, antypo\u015blizgowe, naturalne. Sprawd\u017a!\" \/>\n<meta name=\"robots\" content=\"index, follow, max-snippet:-1, max-image-preview:large, max-video-preview:-1\" \/>\n<link rel=\"canonical\" href=\"https:\/\/trans-tex.pl\/dzianiny\/\" \/>\n<meta property=\"og:locale\" content=\"pl_PL\" \/>\n<meta property=\"og:type\" content=\"article\" \/>\n<meta property=\"og:title\" content=\"Dzianiny - Wyroby z dzianiny - Trans-Tex Producent dzianin i tkanin\" \/>\n<meta property=\"og:description\" content=\"Fiirma Trans-Tex oferuje nast\u0119puj\u0105ce dzianiny: materacowe - meblowe, funkcyjne, trudnopalne, antybakteryjne, antypo\u015blizgowe, naturalne. Sprawd\u017a!\" \/>\n<meta property=\"og:url\" content=\"https:\/\/trans-tex.pl\/dzianiny\/\" \/>\n<meta property=\"og:site_name\" content=\"Trans-Tex Producent dzianin i tkanin\" \/>\n<meta property=\"article:modified_time\" content=\"2020-11-27T08:16:42+00:00\" \/>\n<meta name=\"twitter:card\" content=\"summary_large_image\" \/>\n<script type=\"application\/ld+json\" class=\"yoast-schema-graph\">{\"@context\":\"https:\/\/schema.org\",\"@graph\":[{\"@type\":\"WebSite\",\"@id\":\"https:\/\/trans-tex.pl\/#website\",\"url\":\"https:\/\/trans-tex.pl\/\",\"name\":\"Trans-Tex Producent dzianin i tkanin\",\"description\":\"\",\"potentialAction\":[{\"@type\":\"SearchAction\",\"target\":{\"@type\":\"EntryPoint\",\"urlTemplate\":\"https:\/\/trans-tex.pl\/?s={search_term_string}\"},\"query-input\":\"required name=search_term_string\"}],\"inLanguage\":\"pl-PL\"},{\"@type\":\"WebPage\",\"@id\":\"https:\/\/trans-tex.pl\/dzianiny\/#webpage\",\"url\":\"https:\/\/trans-tex.pl\/dzianiny\/\",\"name\":\"Dzianiny - Wyroby z dzianiny - Trans-Tex Producent dzianin i tkanin\",\"isPartOf\":{\"@id\":\"https:\/\/trans-tex.pl\/#website\"},\"datePublished\":\"2020-05-26T12:29:57+00:00\",\"dateModified\":\"2020-11-27T08:16:42+00:00\",\"description\":\"Fiirma Trans-Tex oferuje nast\u0119puj\u0105ce dzianiny: materacowe - meblowe, funkcyjne, trudnopalne, antybakteryjne, antypo\u015blizgowe, naturalne. Sprawd\u017a!\",\"breadcrumb\":{\"@id\":\"https:\/\/trans-tex.pl\/dzianiny\/#breadcrumb\"},\"inLanguage\":\"pl-PL\",\"potentialAction\":[{\"@type\":\"ReadAction\",\"target\":[\"https:\/\/trans-tex.pl\/dzianiny\/\"]}]},{\"@type\":\"BreadcrumbList\",\"@id\":\"https:\/\/trans-tex.pl\/dzianiny\/#breadcrumb\",\"itemListElement\":[{\"@type\":\"ListItem\",\"position\":1,\"name\":\"Strona g\u0142\u00f3wna\",\"item\":\"https:\/\/trans-tex.pl\/\"},{\"@type\":\"ListItem\",\"position\":2,\"name\":\"Dzianiny\"}]}]}<\/script>\n<!-- \/ Yoast SEO plugin. -->","yoast_head_json":{"title":"Dzianiny - Wyroby z dzianiny - Trans-Tex Producent dzianin i tkanin","description":"Fiirma Trans-Tex oferuje nast\u0119puj\u0105ce dzianiny: materacowe - meblowe, funkcyjne, trudnopalne, antybakteryjne, antypo\u015blizgowe, naturalne. Sprawd\u017a!","robots":{"index":"index","follow":"follow","max-snippet":"max-snippet:-1","max-image-preview":"max-image-preview:large","max-video-preview":"max-video-preview:-1"},"canonical":"https:\/\/trans-tex.pl\/dzianiny\/","og_locale":"pl_PL","og_type":"article","og_title":"Dzianiny - Wyroby z dzianiny - Trans-Tex Producent dzianin i tkanin","og_description":"Fiirma Trans-Tex oferuje nast\u0119puj\u0105ce dzianiny: materacowe - meblowe, funkcyjne, trudnopalne, antybakteryjne, antypo\u015blizgowe, naturalne. Sprawd\u017a!","og_url":"https:\/\/trans-tex.pl\/dzianiny\/","og_site_name":"Trans-Tex Producent dzianin i tkanin","article_modified_time":"2020-11-27T08:16:42+00:00","twitter_card":"summary_large_image","schema":{"@context":"https:\/\/schema.org","@graph":[{"@type":"WebSite","@id":"https:\/\/trans-tex.pl\/#website","url":"https:\/\/trans-tex.pl\/","name":"Trans-Tex Producent dzianin i tkanin","description":"","potentialAction":[{"@type":"SearchAction","target":{"@type":"EntryPoint","urlTemplate":"https:\/\/trans-tex.pl\/?s={search_term_string}"},"query-input":"required name=search_term_string"}],"inLanguage":"pl-PL"},{"@type":"WebPage","@id":"https:\/\/trans-tex.pl\/dzianiny\/#webpage","url":"https:\/\/trans-tex.pl\/dzianiny\/","name":"Dzianiny - Wyroby z dzianiny - Trans-Tex Producent dzianin i tkanin","isPartOf":{"@id":"https:\/\/trans-tex.pl\/#website"},"datePublished":"2020-05-26T12:29:57+00:00","dateModified":"2020-11-27T08:16:42+00:00","description":"Fiirma Trans-Tex oferuje nast\u0119puj\u0105ce dzianiny: materacowe - meblowe, funkcyjne, trudnopalne, antybakteryjne, antypo\u015blizgowe, naturalne. Sprawd\u017a!","breadcrumb":{"@id":"https:\/\/trans-tex.pl\/dzianiny\/#breadcrumb"},"inLanguage":"pl-PL","potentialAction":[{"@type":"ReadAction","target":["https:\/\/trans-tex.pl\/dzianiny\/"]}]},{"@type":"BreadcrumbList","@id":"https:\/\/trans-tex.pl\/dzianiny\/#breadcrumb","itemListElement":[{"@type":"ListItem","position":1,"name":"Strona g\u0142\u00f3wna","item":"https:\/\/trans-tex.pl\/"},{"@type":"ListItem","position":2,"name":"Dzianiny"}]}]}},"_links":{"self":[{"href":"https:\/\/trans-tex.pl\/index.php?rest_route=\/wp\/v2\/pages\/691"}],"collection":[{"href":"https:\/\/trans-tex.pl\/index.php?rest_route=\/wp\/v2\/pages"}],"about":[{"href":"https:\/\/trans-tex.pl\/index.php?rest_route=\/wp\/v2\/types\/page"}],"author":[{"embeddable":true,"href":"https:\/\/trans-tex.pl\/index.php?rest_route=\/wp\/v2\/users\/1"}],"replies":[{"embeddable":true,"href":"https:\/\/trans-tex.pl\/index.php?rest_route=%2Fwp%2Fv2%2Fcomments&post=691"}],"version-history":[{"count":1,"href":"https:\/\/trans-tex.pl\/index.php?rest_route=\/wp\/v2\/pages\/691\/revisions"}],"predecessor-version":[{"id":692,"href":"https:\/\/trans-tex.pl\/index.php?rest_route=\/wp\/v2\/pages\/691\/revisions\/692"}],"wp:attachment":[{"href":"https:\/\/trans-tex.pl\/index.php?rest_route=%2Fwp%2Fv2%2Fmedia&parent=691"}],"curies":[{"name":"wp","href":"https:\/\/api.w.org\/{rel}","templated":true}]}}