{"id":68,"date":"2020-05-12T10:48:41","date_gmt":"2020-05-12T08:48:41","guid":{"rendered":"http:\/\/transtex.jaq\/?page_id=68"},"modified":"2020-11-27T10:11:36","modified_gmt":"2020-11-27T09:11:36","slug":"home","status":"publish","type":"page","link":"https:\/\/trans-tex.pl\/","title":{"rendered":"Home"},"content":{"rendered":"","protected":false},"excerpt":{"rendered":"","protected":false},"author":1,"featured_media":0,"parent":0,"menu_order":0,"comment_status":"closed","ping_status":"closed","template":"templates\/full-width.php","meta":{"footnotes":""},"yoast_head":"<!-- This site is optimized with the Yoast SEO plugin v18.6 - https:\/\/yoast.com\/wordpress\/plugins\/seo\/ -->\n<title>Produkcja: dzianin, tekstyli\u00f3w, tkanin - Producent - Dzianiny materacowe - Trans-Tex<\/title>\n<meta name=\"description\" content=\"Trans-Tex - Producent dziani i tkanin dla przemys\u0142u. Zobacz co oferujemych dla naszych producent\u00f3w i dlaczego warto z nami wsp\u00f3\u0142pracowa\u0107.\" \/>\n<meta name=\"robots\" content=\"index, follow, max-snippet:-1, max-image-preview:large, max-video-preview:-1\" \/>\n<link rel=\"canonical\" href=\"https:\/\/trans-tex.pl\/\" \/>\n<meta property=\"og:locale\" content=\"pl_PL\" \/>\n<meta property=\"og:type\" content=\"article\" \/>\n<meta property=\"og:title\" content=\"Produkcja: dzianin, tekstyli\u00f3w, tkanin - Producent - Dzianiny materacowe - Trans-Tex\" \/>\n<meta property=\"og:description\" content=\"Trans-Tex - Producent dziani i tkanin dla przemys\u0142u. Zobacz co oferujemych dla naszych producent\u00f3w i dlaczego warto z nami wsp\u00f3\u0142pracowa\u0107.\" \/>\n<meta property=\"og:url\" content=\"https:\/\/trans-tex.pl\/\" \/>\n<meta property=\"og:site_name\" content=\"Trans-Tex Producent dzianin i tkanin\" \/>\n<meta property=\"article:modified_time\" content=\"2020-11-27T09:11:36+00:00\" \/>\n<meta name=\"twitter:card\" content=\"summary_large_image\" \/>\n<script type=\"application\/ld+json\" class=\"yoast-schema-graph\">{\"@context\":\"https:\/\/schema.org\",\"@graph\":[{\"@type\":\"WebSite\",\"@id\":\"https:\/\/trans-tex.pl\/#website\",\"url\":\"https:\/\/trans-tex.pl\/\",\"name\":\"Trans-Tex Producent dzianin i tkanin\",\"description\":\"\",\"potentialAction\":[{\"@type\":\"SearchAction\",\"target\":{\"@type\":\"EntryPoint\",\"urlTemplate\":\"https:\/\/trans-tex.pl\/?s={search_term_string}\"},\"query-input\":\"required name=search_term_string\"}],\"inLanguage\":\"pl-PL\"},{\"@type\":\"WebPage\",\"@id\":\"https:\/\/trans-tex.pl\/#webpage\",\"url\":\"https:\/\/trans-tex.pl\/\",\"name\":\"Produkcja: dzianin, tekstyli\u00f3w, tkanin - Producent - Dzianiny materacowe - Trans-Tex\",\"isPartOf\":{\"@id\":\"https:\/\/trans-tex.pl\/#website\"},\"datePublished\":\"2020-05-12T08:48:41+00:00\",\"dateModified\":\"2020-11-27T09:11:36+00:00\",\"description\":\"Trans-Tex - Producent dziani i tkanin dla przemys\u0142u. Zobacz co oferujemych dla naszych producent\u00f3w i dlaczego warto z nami wsp\u00f3\u0142pracowa\u0107.\",\"breadcrumb\":{\"@id\":\"https:\/\/trans-tex.pl\/#breadcrumb\"},\"inLanguage\":\"pl-PL\",\"potentialAction\":[{\"@type\":\"ReadAction\",\"target\":[\"https:\/\/trans-tex.pl\/\"]}]},{\"@type\":\"BreadcrumbList\",\"@id\":\"https:\/\/trans-tex.pl\/#breadcrumb\",\"itemListElement\":[{\"@type\":\"ListItem\",\"position\":1,\"name\":\"Strona g\u0142\u00f3wna\",\"item\":\"https:\/\/trans-tex.pl\/\"},{\"@type\":\"ListItem\",\"position\":2,\"name\":\"Home\"}]}]}<\/script>\n<!-- \/ Yoast SEO plugin. -->","yoast_head_json":{"title":"Produkcja: dzianin, tekstyli\u00f3w, tkanin - Producent - Dzianiny materacowe - Trans-Tex","description":"Trans-Tex - Producent dziani i tkanin dla przemys\u0142u. Zobacz co oferujemych dla naszych producent\u00f3w i dlaczego warto z nami wsp\u00f3\u0142pracowa\u0107.","robots":{"index":"index","follow":"follow","max-snippet":"max-snippet:-1","max-image-preview":"max-image-preview:large","max-video-preview":"max-video-preview:-1"},"canonical":"https:\/\/trans-tex.pl\/","og_locale":"pl_PL","og_type":"article","og_title":"Produkcja: dzianin, tekstyli\u00f3w, tkanin - Producent - Dzianiny materacowe - Trans-Tex","og_description":"Trans-Tex - Producent dziani i tkanin dla przemys\u0142u. Zobacz co oferujemych dla naszych producent\u00f3w i dlaczego warto z nami wsp\u00f3\u0142pracowa\u0107.","og_url":"https:\/\/trans-tex.pl\/","og_site_name":"Trans-Tex Producent dzianin i tkanin","article_modified_time":"2020-11-27T09:11:36+00:00","twitter_card":"summary_large_image","schema":{"@context":"https:\/\/schema.org","@graph":[{"@type":"WebSite","@id":"https:\/\/trans-tex.pl\/#website","url":"https:\/\/trans-tex.pl\/","name":"Trans-Tex Producent dzianin i tkanin","description":"","potentialAction":[{"@type":"SearchAction","target":{"@type":"EntryPoint","urlTemplate":"https:\/\/trans-tex.pl\/?s={search_term_string}"},"query-input":"required name=search_term_string"}],"inLanguage":"pl-PL"},{"@type":"WebPage","@id":"https:\/\/trans-tex.pl\/#webpage","url":"https:\/\/trans-tex.pl\/","name":"Produkcja: dzianin, tekstyli\u00f3w, tkanin - Producent - Dzianiny materacowe - Trans-Tex","isPartOf":{"@id":"https:\/\/trans-tex.pl\/#website"},"datePublished":"2020-05-12T08:48:41+00:00","dateModified":"2020-11-27T09:11:36+00:00","description":"Trans-Tex - Producent dziani i tkanin dla przemys\u0142u. Zobacz co oferujemych dla naszych producent\u00f3w i dlaczego warto z nami wsp\u00f3\u0142pracowa\u0107.","breadcrumb":{"@id":"https:\/\/trans-tex.pl\/#breadcrumb"},"inLanguage":"pl-PL","potentialAction":[{"@type":"ReadAction","target":["https:\/\/trans-tex.pl\/"]}]},{"@type":"BreadcrumbList","@id":"https:\/\/trans-tex.pl\/#breadcrumb","itemListElement":[{"@type":"ListItem","position":1,"name":"Strona g\u0142\u00f3wna","item":"https:\/\/trans-tex.pl\/"},{"@type":"ListItem","position":2,"name":"Home"}]}]}},"_links":{"self":[{"href":"https:\/\/trans-tex.pl\/index.php?rest_route=\/wp\/v2\/pages\/68"}],"collection":[{"href":"https:\/\/trans-tex.pl\/index.php?rest_route=\/wp\/v2\/pages"}],"about":[{"href":"https:\/\/trans-tex.pl\/index.php?rest_route=\/wp\/v2\/types\/page"}],"author":[{"embeddable":true,"href":"https:\/\/trans-tex.pl\/index.php?rest_route=\/wp\/v2\/users\/1"}],"replies":[{"embeddable":true,"href":"https:\/\/trans-tex.pl\/index.php?rest_route=%2Fwp%2Fv2%2Fcomments&post=68"}],"version-history":[{"count":1,"href":"https:\/\/trans-tex.pl\/index.php?rest_route=\/wp\/v2\/pages\/68\/revisions"}],"predecessor-version":[{"id":69,"href":"https:\/\/trans-tex.pl\/index.php?rest_route=\/wp\/v2\/pages\/68\/revisions\/69"}],"wp:attachment":[{"href":"https:\/\/trans-tex.pl\/index.php?rest_route=%2Fwp%2Fv2%2Fmedia&parent=68"}],"curies":[{"name":"wp","href":"https:\/\/api.w.org\/{rel}","templated":true}]}}