{"id":5,"date":"2020-05-11T10:30:54","date_gmt":"2020-05-11T08:30:54","guid":{"rendered":"http:\/\/transtex.omg\/?page_id=5"},"modified":"2020-06-30T11:10:14","modified_gmt":"2020-06-30T09:10:14","slug":"firma","status":"publish","type":"page","link":"https:\/\/trans-tex.pl\/?page_id=5","title":{"rendered":"Firma"},"content":{"rendered":"","protected":false},"excerpt":{"rendered":"","protected":false},"author":1,"featured_media":0,"parent":0,"menu_order":0,"comment_status":"closed","ping_status":"closed","template":"company-template.php","meta":{"footnotes":""},"yoast_head":"<!-- This site is optimized with the Yoast SEO plugin v18.6 - https:\/\/yoast.com\/wordpress\/plugins\/seo\/ -->\n<title>Firma - Trans-Tex Producent dzianin i tkanin<\/title>\n<meta name=\"description\" content=\"Sp\u00f3\u0142ka Trans-Tex jest firm\u0105 rodzinn\u0105, kt\u00f3ra powsta\u0142a w 1992 roku. Ponad 25 lat w bran\u017cy zajmuj\u0105cej si\u0119 produkcj\u0105 tekstyli\u00f3w zaowocowa\u0142o zdobyciem cennego do\u015bwiadczenia.\" \/>\n<meta name=\"robots\" content=\"index, follow, max-snippet:-1, max-image-preview:large, max-video-preview:-1\" \/>\n<link rel=\"canonical\" href=\"https:\/\/trans-tex.pl\/firma\/\" \/>\n<meta property=\"og:locale\" content=\"pl_PL\" \/>\n<meta property=\"og:type\" content=\"article\" \/>\n<meta property=\"og:title\" content=\"Firma - Trans-Tex Producent dzianin i tkanin\" \/>\n<meta property=\"og:description\" content=\"Sp\u00f3\u0142ka Trans-Tex jest firm\u0105 rodzinn\u0105, kt\u00f3ra powsta\u0142a w 1992 roku. Ponad 25 lat w bran\u017cy zajmuj\u0105cej si\u0119 produkcj\u0105 tekstyli\u00f3w zaowocowa\u0142o zdobyciem cennego do\u015bwiadczenia.\" \/>\n<meta property=\"og:url\" content=\"https:\/\/trans-tex.pl\/firma\/\" \/>\n<meta property=\"og:site_name\" content=\"Trans-Tex Producent dzianin i tkanin\" \/>\n<meta property=\"article:modified_time\" content=\"2020-06-30T09:10:14+00:00\" \/>\n<meta name=\"twitter:card\" content=\"summary_large_image\" \/>\n<script type=\"application\/ld+json\" class=\"yoast-schema-graph\">{\"@context\":\"https:\/\/schema.org\",\"@graph\":[{\"@type\":\"WebSite\",\"@id\":\"https:\/\/trans-tex.pl\/#website\",\"url\":\"https:\/\/trans-tex.pl\/\",\"name\":\"Trans-Tex Producent dzianin i tkanin\",\"description\":\"\",\"potentialAction\":[{\"@type\":\"SearchAction\",\"target\":{\"@type\":\"EntryPoint\",\"urlTemplate\":\"https:\/\/trans-tex.pl\/?s={search_term_string}\"},\"query-input\":\"required name=search_term_string\"}],\"inLanguage\":\"pl-PL\"},{\"@type\":\"WebPage\",\"@id\":\"https:\/\/trans-tex.pl\/firma\/#webpage\",\"url\":\"https:\/\/trans-tex.pl\/firma\/\",\"name\":\"Firma - Trans-Tex Producent dzianin i tkanin\",\"isPartOf\":{\"@id\":\"https:\/\/trans-tex.pl\/#website\"},\"datePublished\":\"2020-05-11T08:30:54+00:00\",\"dateModified\":\"2020-06-30T09:10:14+00:00\",\"description\":\"Sp\u00f3\u0142ka Trans-Tex jest firm\u0105 rodzinn\u0105, kt\u00f3ra powsta\u0142a w 1992 roku. Ponad 25 lat w bran\u017cy zajmuj\u0105cej si\u0119 produkcj\u0105 tekstyli\u00f3w zaowocowa\u0142o zdobyciem cennego do\u015bwiadczenia.\",\"breadcrumb\":{\"@id\":\"https:\/\/trans-tex.pl\/firma\/#breadcrumb\"},\"inLanguage\":\"pl-PL\",\"potentialAction\":[{\"@type\":\"ReadAction\",\"target\":[\"https:\/\/trans-tex.pl\/firma\/\"]}]},{\"@type\":\"BreadcrumbList\",\"@id\":\"https:\/\/trans-tex.pl\/firma\/#breadcrumb\",\"itemListElement\":[{\"@type\":\"ListItem\",\"position\":1,\"name\":\"Strona g\u0142\u00f3wna\",\"item\":\"https:\/\/trans-tex.pl\/\"},{\"@type\":\"ListItem\",\"position\":2,\"name\":\"Firma\"}]}]}<\/script>\n<!-- \/ Yoast SEO plugin. -->","yoast_head_json":{"title":"Firma - Trans-Tex Producent dzianin i tkanin","description":"Sp\u00f3\u0142ka Trans-Tex jest firm\u0105 rodzinn\u0105, kt\u00f3ra powsta\u0142a w 1992 roku. Ponad 25 lat w bran\u017cy zajmuj\u0105cej si\u0119 produkcj\u0105 tekstyli\u00f3w zaowocowa\u0142o zdobyciem cennego do\u015bwiadczenia.","robots":{"index":"index","follow":"follow","max-snippet":"max-snippet:-1","max-image-preview":"max-image-preview:large","max-video-preview":"max-video-preview:-1"},"canonical":"https:\/\/trans-tex.pl\/firma\/","og_locale":"pl_PL","og_type":"article","og_title":"Firma - Trans-Tex Producent dzianin i tkanin","og_description":"Sp\u00f3\u0142ka Trans-Tex jest firm\u0105 rodzinn\u0105, kt\u00f3ra powsta\u0142a w 1992 roku. Ponad 25 lat w bran\u017cy zajmuj\u0105cej si\u0119 produkcj\u0105 tekstyli\u00f3w zaowocowa\u0142o zdobyciem cennego do\u015bwiadczenia.","og_url":"https:\/\/trans-tex.pl\/firma\/","og_site_name":"Trans-Tex Producent dzianin i tkanin","article_modified_time":"2020-06-30T09:10:14+00:00","twitter_card":"summary_large_image","schema":{"@context":"https:\/\/schema.org","@graph":[{"@type":"WebSite","@id":"https:\/\/trans-tex.pl\/#website","url":"https:\/\/trans-tex.pl\/","name":"Trans-Tex Producent dzianin i tkanin","description":"","potentialAction":[{"@type":"SearchAction","target":{"@type":"EntryPoint","urlTemplate":"https:\/\/trans-tex.pl\/?s={search_term_string}"},"query-input":"required name=search_term_string"}],"inLanguage":"pl-PL"},{"@type":"WebPage","@id":"https:\/\/trans-tex.pl\/firma\/#webpage","url":"https:\/\/trans-tex.pl\/firma\/","name":"Firma - Trans-Tex Producent dzianin i tkanin","isPartOf":{"@id":"https:\/\/trans-tex.pl\/#website"},"datePublished":"2020-05-11T08:30:54+00:00","dateModified":"2020-06-30T09:10:14+00:00","description":"Sp\u00f3\u0142ka Trans-Tex jest firm\u0105 rodzinn\u0105, kt\u00f3ra powsta\u0142a w 1992 roku. Ponad 25 lat w bran\u017cy zajmuj\u0105cej si\u0119 produkcj\u0105 tekstyli\u00f3w zaowocowa\u0142o zdobyciem cennego do\u015bwiadczenia.","breadcrumb":{"@id":"https:\/\/trans-tex.pl\/firma\/#breadcrumb"},"inLanguage":"pl-PL","potentialAction":[{"@type":"ReadAction","target":["https:\/\/trans-tex.pl\/firma\/"]}]},{"@type":"BreadcrumbList","@id":"https:\/\/trans-tex.pl\/firma\/#breadcrumb","itemListElement":[{"@type":"ListItem","position":1,"name":"Strona g\u0142\u00f3wna","item":"https:\/\/trans-tex.pl\/"},{"@type":"ListItem","position":2,"name":"Firma"}]}]}},"_links":{"self":[{"href":"https:\/\/trans-tex.pl\/index.php?rest_route=\/wp\/v2\/pages\/5"}],"collection":[{"href":"https:\/\/trans-tex.pl\/index.php?rest_route=\/wp\/v2\/pages"}],"about":[{"href":"https:\/\/trans-tex.pl\/index.php?rest_route=\/wp\/v2\/types\/page"}],"author":[{"embeddable":true,"href":"https:\/\/trans-tex.pl\/index.php?rest_route=\/wp\/v2\/users\/1"}],"replies":[{"embeddable":true,"href":"https:\/\/trans-tex.pl\/index.php?rest_route=%2Fwp%2Fv2%2Fcomments&post=5"}],"version-history":[{"count":1,"href":"https:\/\/trans-tex.pl\/index.php?rest_route=\/wp\/v2\/pages\/5\/revisions"}],"predecessor-version":[{"id":6,"href":"https:\/\/trans-tex.pl\/index.php?rest_route=\/wp\/v2\/pages\/5\/revisions\/6"}],"wp:attachment":[{"href":"https:\/\/trans-tex.pl\/index.php?rest_route=%2Fwp%2Fv2%2Fmedia&parent=5"}],"curies":[{"name":"wp","href":"https:\/\/api.w.org\/{rel}","templated":true}]}}