{"id":1224,"date":"2023-01-30T12:43:20","date_gmt":"2023-01-30T11:43:20","guid":{"rendered":"https:\/\/trans-tex.pl\/?page_id=1224"},"modified":"2023-01-30T12:43:20","modified_gmt":"2023-01-30T11:43:20","slug":"sackcloth-fabrics","status":"publish","type":"page","link":"https:\/\/trans-tex.pl\/?page_id=1224&lang=en","title":{"rendered":"Sackcloth fabrics"},"content":{"rendered":"<p><img decoding=\"async\" class=\"textiles-two-section__icon\" style=\"margin: 30px 20px 10px 30px;\" src=\"https:\/\/trans-tex.pl\/wp-content\/uploads\/2020\/05\/noun-leggings-1018714-1.svg\" alt=\"tkaniny workowe\" \/><span style=\"font-size: 18px; font-weight: bold;\"> Sackcloth fabrics <\/span><\/p>\n<p style=\"margin: 30px 20px 10px 30px;\">Do tkanin produkowanych przez firm\u0119 Trans-Tex, a u\u017cywanych wy\u0142\u0105cznie w r\u00f3\u017cnego rodzaju ga\u0142\u0119ziach przemys\u0142u, nale\u017c\u0105 <strong>tkaniny workowe<\/strong> lub inaczej zwane workami filtracyjnymi. S\u0105 to materia\u0142y w kszta\u0142cie tuneli o r\u00f3\u017cnej \u015brednicy i d\u0142ugo\u015bci, kt\u00f3re s\u0142u\u017c\u0105 przede wszystkim do odprowadzania zanieczyszcze\u0144 powstaj\u0105cych podczas proces\u00f3w produkcyjnych.<\/p>\n<p style=\"margin: 30px 20px 10px 30px;\">Filter bags, or tunnels, are mostly used in various machines serving as \u201cvacuum cleaners\u201d that remove dusts, chippings, filings and even toxic vapours from the work or process environment. Fibres used in the production of sackcloth fabrics depend on the type of contaminations stopped by a given sackcloth.<\/p>\n<h2 style=\"margin: 30px 20px 10px 30px;\"><strong> Sackcloth fabrics &#8211; types and applications <\/strong><\/h2>\n<p style=\"margin: 30px 20px 10px 30px;\">Filter tunnel fabrics can be divided into three types:<\/p>\n<ul>\n<li class=\"li1\">fabrics filtering liquids and fluids &#8211; here the weight and composition of specific sackcloth are selected to the needs of particular customers, due to the unique nature of each tunnel. The best materials here are polypropylene, polyester or viscose fabrics. They have to feature first and foremost high resistance to abrasion and to high temperatures if the temperature of the process liquid should require it. The major function of such tunnels is filtering specific liquids off of larger contaminant solids;<\/li>\n<li class=\"li1\">fabrics for dry filtration &#8211; acting as \u201cvacuum cleaners\u201d that remove fine process waste, mostly wood chippings and metal filings. Such tunnels are manufactured from polypropylene, polyester, polyamide or cotton fabrics. The main features that fine particle filtering fabrics have to demonstrate are antistatic properties, high resistance to abrasion and high temperatures. They should also ensure smooth enough flow of the liquid. Such tunnel filters are mostly used in woodworking shops to remove wood chips, metal working shops, e.g. with CNC machines, where failure to filter off small filings may have an adverse effect on the production process.<\/li>\n<li class=\"li2\">filtering off noxious vapours and dusts &#8211; in this application polyester, polypropylene, polyacrylic and cotton fabrics work best. They must feature high resistance to chemicals, temperatures and fire, and in particular they must be gas-tight so that filtered gases are not released to the workplace atmosphere. They are used wherever production processes involve high emissions of dust or toxic vapours, e.g. in paint shops, chemical plants or flour mills.<\/li>\n<\/ul>\n<p style=\"margin: 30px 20px 10px 30px;\">Using filter tunnels of fabrics is much more economic than using filters made from other materials; in addition, when in rest they do not take up much space.<\/p>\n","protected":false},"excerpt":{"rendered":"<p>Sackcloth fabrics Do tkanin produkowanych przez firm\u0119 Trans-Tex, a u\u017cywanych wy\u0142\u0105cznie w r\u00f3\u017cnego rodzaju ga\u0142\u0119ziach przemys\u0142u, nale\u017c\u0105 tkaniny workowe lub<\/p>\n<div><a class=\"read-more-blog-button\" href=\"https:\/\/trans-tex.pl\/?page_id=1224&#038;lang=en\"><span>Czytaj ca\u0142o\u015b\u0107 <img decoding=\"async\" src=\"\/wp-content\/uploads\/2020\/05\/path-copy-2.svg\"><\/span><\/a><\/div>\n","protected":false},"author":6,"featured_media":0,"parent":0,"menu_order":0,"comment_status":"closed","ping_status":"closed","template":"","meta":{"footnotes":""},"yoast_head":"<!-- This site is optimized with the Yoast SEO plugin v18.6 - https:\/\/yoast.com\/wordpress\/plugins\/seo\/ -->\n<title>Sackcloth fabrics - Trans-Tex Producent dzianin i tkanin<\/title>\n<meta name=\"description\" content=\"Trans-Tex - Producent dzianin i tkanin dla przemys\u0142u. W naszej ofercie \u2705 tkaniny workowe najwy\u017cszej jako\u015bci potwierdzone certyfikatami. Sprawd\u017a!\" \/>\n<meta name=\"robots\" content=\"index, follow, max-snippet:-1, max-image-preview:large, max-video-preview:-1\" \/>\n<link rel=\"canonical\" href=\"https:\/\/trans-tex.pl\/?page_id=1224&#038;lang=en\" \/>\n<meta property=\"og:locale\" content=\"pl_PL\" \/>\n<meta property=\"og:type\" content=\"article\" \/>\n<meta property=\"og:title\" content=\"Sackcloth fabrics - Trans-Tex Producent dzianin i tkanin\" \/>\n<meta property=\"og:description\" content=\"Trans-Tex - Producent dzianin i tkanin dla przemys\u0142u. W naszej ofercie \u2705 tkaniny workowe najwy\u017cszej jako\u015bci potwierdzone certyfikatami. Sprawd\u017a!\" \/>\n<meta property=\"og:url\" content=\"https:\/\/trans-tex.pl\/?page_id=1224&amp;lang=en\" \/>\n<meta property=\"og:site_name\" content=\"Trans-Tex Producent dzianin i tkanin\" \/>\n<meta property=\"og:image\" content=\"https:\/\/trans-tex.pl\/wp-content\/uploads\/2020\/05\/noun-leggings-1018714-1.svg\" \/>\n<meta name=\"twitter:card\" content=\"summary_large_image\" \/>\n<meta name=\"twitter:label1\" content=\"Szacowany czas czytania\" \/>\n\t<meta name=\"twitter:data1\" content=\"2 minuty\" \/>\n<script type=\"application\/ld+json\" class=\"yoast-schema-graph\">{\"@context\":\"https:\/\/schema.org\",\"@graph\":[{\"@type\":\"WebSite\",\"@id\":\"https:\/\/trans-tex.pl\/#website\",\"url\":\"https:\/\/trans-tex.pl\/\",\"name\":\"Trans-Tex Producent dzianin i tkanin\",\"description\":\"\",\"potentialAction\":[{\"@type\":\"SearchAction\",\"target\":{\"@type\":\"EntryPoint\",\"urlTemplate\":\"https:\/\/trans-tex.pl\/?s={search_term_string}\"},\"query-input\":\"required name=search_term_string\"}],\"inLanguage\":\"pl-PL\"},{\"@type\":\"ImageObject\",\"@id\":\"https:\/\/trans-tex.pl\/?page_id=1224&lang=en#primaryimage\",\"inLanguage\":\"pl-PL\",\"url\":\"https:\/\/trans-tex.pl\/wp-content\/uploads\/2020\/05\/noun-leggings-1018714-1.svg\",\"contentUrl\":\"https:\/\/trans-tex.pl\/wp-content\/uploads\/2020\/05\/noun-leggings-1018714-1.svg\"},{\"@type\":\"WebPage\",\"@id\":\"https:\/\/trans-tex.pl\/?page_id=1224&lang=en#webpage\",\"url\":\"https:\/\/trans-tex.pl\/?page_id=1224&lang=en\",\"name\":\"Sackcloth fabrics - Trans-Tex Producent dzianin i tkanin\",\"isPartOf\":{\"@id\":\"https:\/\/trans-tex.pl\/#website\"},\"primaryImageOfPage\":{\"@id\":\"https:\/\/trans-tex.pl\/?page_id=1224&lang=en#primaryimage\"},\"datePublished\":\"2023-01-30T11:43:20+00:00\",\"dateModified\":\"2023-01-30T11:43:20+00:00\",\"description\":\"Trans-Tex - Producent dzianin i tkanin dla przemys\u0142u. W naszej ofercie \u2705 tkaniny workowe najwy\u017cszej jako\u015bci potwierdzone certyfikatami. Sprawd\u017a!\",\"breadcrumb\":{\"@id\":\"https:\/\/trans-tex.pl\/?page_id=1224&lang=en#breadcrumb\"},\"inLanguage\":\"pl-PL\",\"potentialAction\":[{\"@type\":\"ReadAction\",\"target\":[\"https:\/\/trans-tex.pl\/?page_id=1224&lang=en\"]}]},{\"@type\":\"BreadcrumbList\",\"@id\":\"https:\/\/trans-tex.pl\/?page_id=1224&lang=en#breadcrumb\",\"itemListElement\":[{\"@type\":\"ListItem\",\"position\":1,\"name\":\"Strona g\u0142\u00f3wna\",\"item\":\"https:\/\/trans-tex.pl\/\"},{\"@type\":\"ListItem\",\"position\":2,\"name\":\"Sackcloth fabrics\"}]}]}<\/script>\n<!-- \/ Yoast SEO plugin. -->","yoast_head_json":{"title":"Sackcloth fabrics - Trans-Tex Producent dzianin i tkanin","description":"Trans-Tex - Producent dzianin i tkanin dla przemys\u0142u. W naszej ofercie \u2705 tkaniny workowe najwy\u017cszej jako\u015bci potwierdzone certyfikatami. Sprawd\u017a!","robots":{"index":"index","follow":"follow","max-snippet":"max-snippet:-1","max-image-preview":"max-image-preview:large","max-video-preview":"max-video-preview:-1"},"canonical":"https:\/\/trans-tex.pl\/?page_id=1224&lang=en","og_locale":"pl_PL","og_type":"article","og_title":"Sackcloth fabrics - Trans-Tex Producent dzianin i tkanin","og_description":"Trans-Tex - Producent dzianin i tkanin dla przemys\u0142u. W naszej ofercie \u2705 tkaniny workowe najwy\u017cszej jako\u015bci potwierdzone certyfikatami. Sprawd\u017a!","og_url":"https:\/\/trans-tex.pl\/?page_id=1224&lang=en","og_site_name":"Trans-Tex Producent dzianin i tkanin","og_image":[{"url":"https:\/\/trans-tex.pl\/wp-content\/uploads\/2020\/05\/noun-leggings-1018714-1.svg"}],"twitter_card":"summary_large_image","twitter_misc":{"Szacowany czas czytania":"2 minuty"},"schema":{"@context":"https:\/\/schema.org","@graph":[{"@type":"WebSite","@id":"https:\/\/trans-tex.pl\/#website","url":"https:\/\/trans-tex.pl\/","name":"Trans-Tex Producent dzianin i tkanin","description":"","potentialAction":[{"@type":"SearchAction","target":{"@type":"EntryPoint","urlTemplate":"https:\/\/trans-tex.pl\/?s={search_term_string}"},"query-input":"required name=search_term_string"}],"inLanguage":"pl-PL"},{"@type":"ImageObject","@id":"https:\/\/trans-tex.pl\/?page_id=1224&lang=en#primaryimage","inLanguage":"pl-PL","url":"https:\/\/trans-tex.pl\/wp-content\/uploads\/2020\/05\/noun-leggings-1018714-1.svg","contentUrl":"https:\/\/trans-tex.pl\/wp-content\/uploads\/2020\/05\/noun-leggings-1018714-1.svg"},{"@type":"WebPage","@id":"https:\/\/trans-tex.pl\/?page_id=1224&lang=en#webpage","url":"https:\/\/trans-tex.pl\/?page_id=1224&lang=en","name":"Sackcloth fabrics - Trans-Tex Producent dzianin i tkanin","isPartOf":{"@id":"https:\/\/trans-tex.pl\/#website"},"primaryImageOfPage":{"@id":"https:\/\/trans-tex.pl\/?page_id=1224&lang=en#primaryimage"},"datePublished":"2023-01-30T11:43:20+00:00","dateModified":"2023-01-30T11:43:20+00:00","description":"Trans-Tex - Producent dzianin i tkanin dla przemys\u0142u. W naszej ofercie \u2705 tkaniny workowe najwy\u017cszej jako\u015bci potwierdzone certyfikatami. Sprawd\u017a!","breadcrumb":{"@id":"https:\/\/trans-tex.pl\/?page_id=1224&lang=en#breadcrumb"},"inLanguage":"pl-PL","potentialAction":[{"@type":"ReadAction","target":["https:\/\/trans-tex.pl\/?page_id=1224&lang=en"]}]},{"@type":"BreadcrumbList","@id":"https:\/\/trans-tex.pl\/?page_id=1224&lang=en#breadcrumb","itemListElement":[{"@type":"ListItem","position":1,"name":"Strona g\u0142\u00f3wna","item":"https:\/\/trans-tex.pl\/"},{"@type":"ListItem","position":2,"name":"Sackcloth fabrics"}]}]}},"_links":{"self":[{"href":"https:\/\/trans-tex.pl\/index.php?rest_route=\/wp\/v2\/pages\/1224"}],"collection":[{"href":"https:\/\/trans-tex.pl\/index.php?rest_route=\/wp\/v2\/pages"}],"about":[{"href":"https:\/\/trans-tex.pl\/index.php?rest_route=\/wp\/v2\/types\/page"}],"author":[{"embeddable":true,"href":"https:\/\/trans-tex.pl\/index.php?rest_route=\/wp\/v2\/users\/6"}],"replies":[{"embeddable":true,"href":"https:\/\/trans-tex.pl\/index.php?rest_route=%2Fwp%2Fv2%2Fcomments&post=1224"}],"version-history":[{"count":1,"href":"https:\/\/trans-tex.pl\/index.php?rest_route=\/wp\/v2\/pages\/1224\/revisions"}],"predecessor-version":[{"id":1225,"href":"https:\/\/trans-tex.pl\/index.php?rest_route=\/wp\/v2\/pages\/1224\/revisions\/1225"}],"wp:attachment":[{"href":"https:\/\/trans-tex.pl\/index.php?rest_route=%2Fwp%2Fv2%2Fmedia&parent=1224"}],"curies":[{"name":"wp","href":"https:\/\/api.w.org\/{rel}","templated":true}]}}