{"id":1222,"date":"2023-01-30T12:42:16","date_gmt":"2023-01-30T11:42:16","guid":{"rendered":"https:\/\/trans-tex.pl\/?page_id=1222"},"modified":"2023-01-30T12:42:16","modified_gmt":"2023-01-30T11:42:16","slug":"polyester-fabrics","status":"publish","type":"page","link":"https:\/\/trans-tex.pl\/?page_id=1222&lang=en","title":{"rendered":"Polyester fabrics"},"content":{"rendered":"<p><img decoding=\"async\" class=\"textiles-two-section__icon\" style=\"margin: 30px 20px 10px 30px;\" src=\"https:\/\/trans-tex.pl\/wp-content\/uploads\/2020\/05\/noun-mattress-2275221-1.svg\" alt=\"tkaniny poliesterowe\" \/><span style=\"font-size: 18px; font-weight: bold;\">Polyester fabrics<\/span><\/p>\n<p style=\"margin: 30px 20px 10px 30px;\">Both woven and knitted fabrics accompany the human race everywhere. They protect our bodies against adverse weather conditions or against the workplace environment, but also improve the comfort of our daily routines. Trans-Tex, as a manufacturer of polyester fabrics and fabrics from natural and artificial fibres, makes every effort to ensure that the daily use of our products is not only work but also fun.<\/p>\n<p style=\"margin: 30px 20px 10px 30px;\">Tkaniny poliestrowe charakteryzuj\u0105 si\u0119 stosunkowo nisk\u0105 cen\u0105 oraz niemal nieograniczonymi mo\u017cliwo\u015bciami wykorzystania. Mo\u017cna nadawa\u0107 im szereg niezwykle praktycznych i po\u017cytecznych w\u0142a\u015bciwo\u015bci po\u017c\u0105danych w codziennym \u017cyciu oraz w trudnych warunkach pracy. To materia\u0142y niezwykle odporne na blakni\u0119cie, zar\u00f3wno pod wp\u0142ywem dzia\u0142ania promieni s\u0142onecznych, jak i wielokrotnego prania. Bez problemu daj\u0105 si\u0119 barwi\u0107 na wszystkie kolory oraz wzory. Nie ima si\u0119 ich ple\u015b\u0144 ani insekty. Poza tym w\u0142\u00f3kna poliestru stanowi\u0105 cz\u0119sty dodatek do w\u0142\u00f3kien naturalnych, aby je wzmocni\u0107 i przed\u0142u\u017cy\u0107 ich trwa\u0142o\u015b\u0107.<\/p>\n<h2 style=\"margin: 30px 20px 10px 30px;\"><strong>Applications of polyester fabrics<br \/>\n<\/strong><\/h2>\n<p style=\"margin: 30px 20px 10px 30px;\">The production potential and areas of polyester fabrics application are almost unlimited. New technologies are being developed all the time to give fabrics new and better properties.<\/p>\n<p style=\"margin: 30px 20px 10px 30px;\"><strong> Trans-Tex<\/strong>, a manufacturer of polyester fabrics, makes every effort that products leaving the weaving shop are of top quality and strictly satisfy customers\u2019 needs. We can produce textiles from polyester fabrics and give them the required properties, e.g.:<\/p>\n<ul>\n<li class=\"li1\"><strong>water resistant<\/strong> &#8211; coating the fabric with a special appret that prevent ingress and soaking of water. This is desirable in fabrics designated for the manufacture of backpacks, bags, jackets for every season, raincoats, covers and some work clothes.<\/li>\n<li class=\"li1\"><strong>breathable<\/strong> &#8211; being completely synthetic material, polyester, with its cohesive structure, tends not to permit air; when designated for clothing, especially sports clothing, such properties as breathability have to be produced;<\/li>\n<li class=\"li2\"><strong>flame-retardant<\/strong> &#8211; the property desirable in special purpose work clothes, in curtains and some screens.<\/li>\n<\/ul>\n<p style=\"margin: 30px 20px 10px 30px;\">Jako producent posiadamy mo\u017cliwo\u015bci nadawania tkaninom wielu r\u00f3\u017cnorodnych funkcji i w\u0142a\u015bciwo\u015bci wed\u0142ug zlece\u0144 klient\u00f3w. Jeste\u015bmy dumni, gdy udaje nam si\u0119 zaspokoi\u0107 wszystkie potrzeby i zadowoli\u0107 ka\u017cdego. Tkaniny poliestrowe produkujemy r\u00f3wnie\u017c w wersji pikowanej dwu- lub trzywarstwowe, z owat\u0105 r\u00f3\u017cnej grubo\u015bci. Staramy si\u0119 zaspokoi\u0107 potrzeby ka\u017cdej ga\u0142\u0119zi przemys\u0142u, odpowiednio dopasowuj\u0105c produkcj\u0119.<\/p>\n","protected":false},"excerpt":{"rendered":"<p>Polyester fabrics Both woven and knitted fabrics accompany the human race everywhere. They protect our bodies against adverse weather conditions<\/p>\n<div><a class=\"read-more-blog-button\" href=\"https:\/\/trans-tex.pl\/?page_id=1222&#038;lang=en\"><span>Czytaj ca\u0142o\u015b\u0107 <img decoding=\"async\" src=\"\/wp-content\/uploads\/2020\/05\/path-copy-2.svg\"><\/span><\/a><\/div>\n","protected":false},"author":6,"featured_media":0,"parent":0,"menu_order":0,"comment_status":"closed","ping_status":"closed","template":"","meta":{"footnotes":""},"yoast_head":"<!-- This site is optimized with the Yoast SEO plugin v18.6 - https:\/\/yoast.com\/wordpress\/plugins\/seo\/ -->\n<title>Polyester fabrics - Trans-Tex Producent dzianin i tkanin<\/title>\n<meta name=\"description\" content=\"Trans-Tex - Producent dzianin i tkanin dla przemys\u0142u. W naszej ofercie \u2705 tkaniny poliestrowe najwy\u017cszej jako\u015bci potwierdzone certyfikatami. Sprawd\u017a!\" \/>\n<meta name=\"robots\" content=\"index, follow, max-snippet:-1, max-image-preview:large, max-video-preview:-1\" \/>\n<link rel=\"canonical\" href=\"https:\/\/trans-tex.pl\/?page_id=1222&#038;lang=en\" \/>\n<meta property=\"og:locale\" content=\"pl_PL\" \/>\n<meta property=\"og:type\" content=\"article\" \/>\n<meta property=\"og:title\" content=\"Polyester fabrics - Trans-Tex Producent dzianin i tkanin\" \/>\n<meta property=\"og:description\" content=\"Trans-Tex - Producent dzianin i tkanin dla przemys\u0142u. W naszej ofercie \u2705 tkaniny poliestrowe najwy\u017cszej jako\u015bci potwierdzone certyfikatami. Sprawd\u017a!\" \/>\n<meta property=\"og:url\" content=\"https:\/\/trans-tex.pl\/?page_id=1222&amp;lang=en\" \/>\n<meta property=\"og:site_name\" content=\"Trans-Tex Producent dzianin i tkanin\" \/>\n<meta property=\"og:image\" content=\"https:\/\/trans-tex.pl\/wp-content\/uploads\/2020\/05\/noun-mattress-2275221-1.svg\" \/>\n<meta name=\"twitter:card\" content=\"summary_large_image\" \/>\n<meta name=\"twitter:label1\" content=\"Szacowany czas czytania\" \/>\n\t<meta name=\"twitter:data1\" content=\"2 minuty\" \/>\n<script type=\"application\/ld+json\" class=\"yoast-schema-graph\">{\"@context\":\"https:\/\/schema.org\",\"@graph\":[{\"@type\":\"WebSite\",\"@id\":\"https:\/\/trans-tex.pl\/#website\",\"url\":\"https:\/\/trans-tex.pl\/\",\"name\":\"Trans-Tex Producent dzianin i tkanin\",\"description\":\"\",\"potentialAction\":[{\"@type\":\"SearchAction\",\"target\":{\"@type\":\"EntryPoint\",\"urlTemplate\":\"https:\/\/trans-tex.pl\/?s={search_term_string}\"},\"query-input\":\"required name=search_term_string\"}],\"inLanguage\":\"pl-PL\"},{\"@type\":\"ImageObject\",\"@id\":\"https:\/\/trans-tex.pl\/?page_id=1222&lang=en#primaryimage\",\"inLanguage\":\"pl-PL\",\"url\":\"https:\/\/trans-tex.pl\/wp-content\/uploads\/2020\/05\/noun-mattress-2275221-1.svg\",\"contentUrl\":\"https:\/\/trans-tex.pl\/wp-content\/uploads\/2020\/05\/noun-mattress-2275221-1.svg\"},{\"@type\":\"WebPage\",\"@id\":\"https:\/\/trans-tex.pl\/?page_id=1222&lang=en#webpage\",\"url\":\"https:\/\/trans-tex.pl\/?page_id=1222&lang=en\",\"name\":\"Polyester fabrics - Trans-Tex Producent dzianin i tkanin\",\"isPartOf\":{\"@id\":\"https:\/\/trans-tex.pl\/#website\"},\"primaryImageOfPage\":{\"@id\":\"https:\/\/trans-tex.pl\/?page_id=1222&lang=en#primaryimage\"},\"datePublished\":\"2023-01-30T11:42:16+00:00\",\"dateModified\":\"2023-01-30T11:42:16+00:00\",\"description\":\"Trans-Tex - Producent dzianin i tkanin dla przemys\u0142u. W naszej ofercie \u2705 tkaniny poliestrowe najwy\u017cszej jako\u015bci potwierdzone certyfikatami. Sprawd\u017a!\",\"breadcrumb\":{\"@id\":\"https:\/\/trans-tex.pl\/?page_id=1222&lang=en#breadcrumb\"},\"inLanguage\":\"pl-PL\",\"potentialAction\":[{\"@type\":\"ReadAction\",\"target\":[\"https:\/\/trans-tex.pl\/?page_id=1222&lang=en\"]}]},{\"@type\":\"BreadcrumbList\",\"@id\":\"https:\/\/trans-tex.pl\/?page_id=1222&lang=en#breadcrumb\",\"itemListElement\":[{\"@type\":\"ListItem\",\"position\":1,\"name\":\"Strona g\u0142\u00f3wna\",\"item\":\"https:\/\/trans-tex.pl\/\"},{\"@type\":\"ListItem\",\"position\":2,\"name\":\"Polyester fabrics\"}]}]}<\/script>\n<!-- \/ Yoast SEO plugin. -->","yoast_head_json":{"title":"Polyester fabrics - Trans-Tex Producent dzianin i tkanin","description":"Trans-Tex - Producent dzianin i tkanin dla przemys\u0142u. W naszej ofercie \u2705 tkaniny poliestrowe najwy\u017cszej jako\u015bci potwierdzone certyfikatami. Sprawd\u017a!","robots":{"index":"index","follow":"follow","max-snippet":"max-snippet:-1","max-image-preview":"max-image-preview:large","max-video-preview":"max-video-preview:-1"},"canonical":"https:\/\/trans-tex.pl\/?page_id=1222&lang=en","og_locale":"pl_PL","og_type":"article","og_title":"Polyester fabrics - Trans-Tex Producent dzianin i tkanin","og_description":"Trans-Tex - Producent dzianin i tkanin dla przemys\u0142u. W naszej ofercie \u2705 tkaniny poliestrowe najwy\u017cszej jako\u015bci potwierdzone certyfikatami. Sprawd\u017a!","og_url":"https:\/\/trans-tex.pl\/?page_id=1222&lang=en","og_site_name":"Trans-Tex Producent dzianin i tkanin","og_image":[{"url":"https:\/\/trans-tex.pl\/wp-content\/uploads\/2020\/05\/noun-mattress-2275221-1.svg"}],"twitter_card":"summary_large_image","twitter_misc":{"Szacowany czas czytania":"2 minuty"},"schema":{"@context":"https:\/\/schema.org","@graph":[{"@type":"WebSite","@id":"https:\/\/trans-tex.pl\/#website","url":"https:\/\/trans-tex.pl\/","name":"Trans-Tex Producent dzianin i tkanin","description":"","potentialAction":[{"@type":"SearchAction","target":{"@type":"EntryPoint","urlTemplate":"https:\/\/trans-tex.pl\/?s={search_term_string}"},"query-input":"required name=search_term_string"}],"inLanguage":"pl-PL"},{"@type":"ImageObject","@id":"https:\/\/trans-tex.pl\/?page_id=1222&lang=en#primaryimage","inLanguage":"pl-PL","url":"https:\/\/trans-tex.pl\/wp-content\/uploads\/2020\/05\/noun-mattress-2275221-1.svg","contentUrl":"https:\/\/trans-tex.pl\/wp-content\/uploads\/2020\/05\/noun-mattress-2275221-1.svg"},{"@type":"WebPage","@id":"https:\/\/trans-tex.pl\/?page_id=1222&lang=en#webpage","url":"https:\/\/trans-tex.pl\/?page_id=1222&lang=en","name":"Polyester fabrics - Trans-Tex Producent dzianin i tkanin","isPartOf":{"@id":"https:\/\/trans-tex.pl\/#website"},"primaryImageOfPage":{"@id":"https:\/\/trans-tex.pl\/?page_id=1222&lang=en#primaryimage"},"datePublished":"2023-01-30T11:42:16+00:00","dateModified":"2023-01-30T11:42:16+00:00","description":"Trans-Tex - Producent dzianin i tkanin dla przemys\u0142u. W naszej ofercie \u2705 tkaniny poliestrowe najwy\u017cszej jako\u015bci potwierdzone certyfikatami. Sprawd\u017a!","breadcrumb":{"@id":"https:\/\/trans-tex.pl\/?page_id=1222&lang=en#breadcrumb"},"inLanguage":"pl-PL","potentialAction":[{"@type":"ReadAction","target":["https:\/\/trans-tex.pl\/?page_id=1222&lang=en"]}]},{"@type":"BreadcrumbList","@id":"https:\/\/trans-tex.pl\/?page_id=1222&lang=en#breadcrumb","itemListElement":[{"@type":"ListItem","position":1,"name":"Strona g\u0142\u00f3wna","item":"https:\/\/trans-tex.pl\/"},{"@type":"ListItem","position":2,"name":"Polyester fabrics"}]}]}},"_links":{"self":[{"href":"https:\/\/trans-tex.pl\/index.php?rest_route=\/wp\/v2\/pages\/1222"}],"collection":[{"href":"https:\/\/trans-tex.pl\/index.php?rest_route=\/wp\/v2\/pages"}],"about":[{"href":"https:\/\/trans-tex.pl\/index.php?rest_route=\/wp\/v2\/types\/page"}],"author":[{"embeddable":true,"href":"https:\/\/trans-tex.pl\/index.php?rest_route=\/wp\/v2\/users\/6"}],"replies":[{"embeddable":true,"href":"https:\/\/trans-tex.pl\/index.php?rest_route=%2Fwp%2Fv2%2Fcomments&post=1222"}],"version-history":[{"count":1,"href":"https:\/\/trans-tex.pl\/index.php?rest_route=\/wp\/v2\/pages\/1222\/revisions"}],"predecessor-version":[{"id":1223,"href":"https:\/\/trans-tex.pl\/index.php?rest_route=\/wp\/v2\/pages\/1222\/revisions\/1223"}],"wp:attachment":[{"href":"https:\/\/trans-tex.pl\/index.php?rest_route=%2Fwp%2Fv2%2Fmedia&parent=1222"}],"curies":[{"name":"wp","href":"https:\/\/api.w.org\/{rel}","templated":true}]}}