{"id":1220,"date":"2023-01-30T12:40:21","date_gmt":"2023-01-30T11:40:21","guid":{"rendered":"https:\/\/trans-tex.pl\/?page_id=1220"},"modified":"2023-01-30T12:40:21","modified_gmt":"2023-01-30T11:40:21","slug":"upholstery-fabrics","status":"publish","type":"page","link":"https:\/\/trans-tex.pl\/?page_id=1220&lang=en","title":{"rendered":"Upholstery fabrics"},"content":{"rendered":"<p><img decoding=\"async\" class=\"textiles-two-section__icon\" style=\"margin: 30px 20px 10px 30px;\" src=\"https:\/\/trans-tex.pl\/wp-content\/uploads\/2020\/05\/noun-furniture-1047926-1.svg\" alt=\"tkaniny obiciowe\" \/><span style=\"font-size: 18px; font-weight: bold;\">Upholstery fabrics<\/span><\/p>\n<p style=\"margin: 30px 20px 10px 30px;\">Each woven and knitted fabric is manufactured with a specific purpose in mind. In the phase of design, preparation, and selection of relevant fibres it is good to know what purpose the end product will serve in order to be able to shape its properties accordingly. This is especially true with upholstery products, which, depending on the place of use (outdoor, indoor, business use), have to feature properties matching their intended location.<\/p>\n<p style=\"margin: 30px 20px 10px 30px;\"><strong> Upholstery fabrics <\/strong>are intensely used and face all kinds of challenges during their service life, especially when attached to furniture in public spaces, with hundreds of people using them daily. Such places include public transit vehicles (trams, trains, buses), cinemas, restaurants, etc. Once the seats were upholstered with artificial leather, which was very easy to clean albeit providing little comfort when sitting for a longer time. Presently we have at our disposal a full range of pleasant and comfortable fabrics, equally hygienic as artificial leather but much more durable.<\/p>\n<h2 style=\"margin: 30px 20px 10px 30px;\"><strong> Types and properties of upholstery fabrics. <\/strong><\/h2>\n<p style=\"margin: 30px 20px 10px 30px;\">Upholstery fabrics should have properties matching their purpose. What properties can Trans-Tex provide? General ones include tensile strength, resistance to abrasion and piling. Additional ones include antibacterial, antifungal, slip-proof properties, enhanced resistance to contamination, reduced adsorption of liquids, improved resistance to fading under UV radiation, or fireproof properties.<\/p>\n<p style=\"margin: 30px 20px 10px 30px;\">We manufacture upholstery fabrics from twisted cotton yarns with the addition of synthetic fibres, or completely from synthetic fibres. They may also be plaited fabrics (solid coloured and patterned, tweeds) with visible weave, giving the fabric the appearance of linen. Suede and velvet, which are pleasant in touch due to their delicate hairs, are also very popular. In addition, each upholstery fabric can be manufactured in a quilted variant, which will significantly set each furniture item apart.<\/p>\n<p style=\"margin: 30px 20px 10px 30px;\">One upholstery fabric can be provided to you in two variants &#8211; as upholstery material, with all necessary properties, or without additional options, designated for the manufacture of matching accessories, such as curtains or cushions.<\/p>\n","protected":false},"excerpt":{"rendered":"<p>Upholstery fabrics Each woven and knitted fabric is manufactured with a specific purpose in mind. In the phase of design,<\/p>\n<div><a class=\"read-more-blog-button\" href=\"https:\/\/trans-tex.pl\/?page_id=1220&#038;lang=en\"><span>Czytaj ca\u0142o\u015b\u0107 <img decoding=\"async\" src=\"\/wp-content\/uploads\/2020\/05\/path-copy-2.svg\"><\/span><\/a><\/div>\n","protected":false},"author":6,"featured_media":0,"parent":0,"menu_order":0,"comment_status":"closed","ping_status":"closed","template":"","meta":{"footnotes":""},"yoast_head":"<!-- This site is optimized with the Yoast SEO plugin v18.6 - https:\/\/yoast.com\/wordpress\/plugins\/seo\/ -->\n<title>Upholstery fabrics - Dzianiny obiciowe - Trans-Tex<\/title>\n<meta name=\"description\" content=\"Trans-Tex - Producent dzianin i tkanin dla przemys\u0142u. W naszej ofercie \u2705 tkaniny obiciowe najwy\u017cszej jako\u015bci potwierdzone certyfikatami. Sprawd\u017a!\" \/>\n<meta name=\"robots\" content=\"index, follow, max-snippet:-1, max-image-preview:large, max-video-preview:-1\" \/>\n<link rel=\"canonical\" href=\"https:\/\/trans-tex.pl\/?page_id=1220&#038;lang=en\" \/>\n<meta property=\"og:locale\" content=\"pl_PL\" \/>\n<meta property=\"og:type\" content=\"article\" \/>\n<meta property=\"og:title\" content=\"Upholstery fabrics - Dzianiny obiciowe - Trans-Tex\" \/>\n<meta property=\"og:description\" content=\"Trans-Tex - Producent dzianin i tkanin dla przemys\u0142u. W naszej ofercie \u2705 tkaniny obiciowe najwy\u017cszej jako\u015bci potwierdzone certyfikatami. Sprawd\u017a!\" \/>\n<meta property=\"og:url\" content=\"https:\/\/trans-tex.pl\/?page_id=1220&amp;lang=en\" \/>\n<meta property=\"og:site_name\" content=\"Trans-Tex Producent dzianin i tkanin\" \/>\n<meta property=\"og:image\" content=\"https:\/\/trans-tex.pl\/wp-content\/uploads\/2020\/05\/noun-furniture-1047926-1.svg\" \/>\n<meta name=\"twitter:card\" content=\"summary_large_image\" \/>\n<meta name=\"twitter:label1\" content=\"Szacowany czas czytania\" \/>\n\t<meta name=\"twitter:data1\" content=\"2 minuty\" \/>\n<script type=\"application\/ld+json\" class=\"yoast-schema-graph\">{\"@context\":\"https:\/\/schema.org\",\"@graph\":[{\"@type\":\"WebSite\",\"@id\":\"https:\/\/trans-tex.pl\/#website\",\"url\":\"https:\/\/trans-tex.pl\/\",\"name\":\"Trans-Tex Producent dzianin i tkanin\",\"description\":\"\",\"potentialAction\":[{\"@type\":\"SearchAction\",\"target\":{\"@type\":\"EntryPoint\",\"urlTemplate\":\"https:\/\/trans-tex.pl\/?s={search_term_string}\"},\"query-input\":\"required name=search_term_string\"}],\"inLanguage\":\"pl-PL\"},{\"@type\":\"ImageObject\",\"@id\":\"https:\/\/trans-tex.pl\/?page_id=1220&lang=en#primaryimage\",\"inLanguage\":\"pl-PL\",\"url\":\"https:\/\/trans-tex.pl\/wp-content\/uploads\/2020\/05\/noun-furniture-1047926-1.svg\",\"contentUrl\":\"https:\/\/trans-tex.pl\/wp-content\/uploads\/2020\/05\/noun-furniture-1047926-1.svg\"},{\"@type\":\"WebPage\",\"@id\":\"https:\/\/trans-tex.pl\/?page_id=1220&lang=en#webpage\",\"url\":\"https:\/\/trans-tex.pl\/?page_id=1220&lang=en\",\"name\":\"Upholstery fabrics - Dzianiny obiciowe - Trans-Tex\",\"isPartOf\":{\"@id\":\"https:\/\/trans-tex.pl\/#website\"},\"primaryImageOfPage\":{\"@id\":\"https:\/\/trans-tex.pl\/?page_id=1220&lang=en#primaryimage\"},\"datePublished\":\"2023-01-30T11:40:21+00:00\",\"dateModified\":\"2023-01-30T11:40:21+00:00\",\"description\":\"Trans-Tex - Producent dzianin i tkanin dla przemys\u0142u. W naszej ofercie \u2705 tkaniny obiciowe najwy\u017cszej jako\u015bci potwierdzone certyfikatami. Sprawd\u017a!\",\"breadcrumb\":{\"@id\":\"https:\/\/trans-tex.pl\/?page_id=1220&lang=en#breadcrumb\"},\"inLanguage\":\"pl-PL\",\"potentialAction\":[{\"@type\":\"ReadAction\",\"target\":[\"https:\/\/trans-tex.pl\/?page_id=1220&lang=en\"]}]},{\"@type\":\"BreadcrumbList\",\"@id\":\"https:\/\/trans-tex.pl\/?page_id=1220&lang=en#breadcrumb\",\"itemListElement\":[{\"@type\":\"ListItem\",\"position\":1,\"name\":\"Strona g\u0142\u00f3wna\",\"item\":\"https:\/\/trans-tex.pl\/\"},{\"@type\":\"ListItem\",\"position\":2,\"name\":\"Upholstery fabrics\"}]}]}<\/script>\n<!-- \/ Yoast SEO plugin. -->","yoast_head_json":{"title":"Upholstery fabrics - Dzianiny obiciowe - Trans-Tex","description":"Trans-Tex - Producent dzianin i tkanin dla przemys\u0142u. W naszej ofercie \u2705 tkaniny obiciowe najwy\u017cszej jako\u015bci potwierdzone certyfikatami. Sprawd\u017a!","robots":{"index":"index","follow":"follow","max-snippet":"max-snippet:-1","max-image-preview":"max-image-preview:large","max-video-preview":"max-video-preview:-1"},"canonical":"https:\/\/trans-tex.pl\/?page_id=1220&lang=en","og_locale":"pl_PL","og_type":"article","og_title":"Upholstery fabrics - Dzianiny obiciowe - Trans-Tex","og_description":"Trans-Tex - Producent dzianin i tkanin dla przemys\u0142u. W naszej ofercie \u2705 tkaniny obiciowe najwy\u017cszej jako\u015bci potwierdzone certyfikatami. Sprawd\u017a!","og_url":"https:\/\/trans-tex.pl\/?page_id=1220&lang=en","og_site_name":"Trans-Tex Producent dzianin i tkanin","og_image":[{"url":"https:\/\/trans-tex.pl\/wp-content\/uploads\/2020\/05\/noun-furniture-1047926-1.svg"}],"twitter_card":"summary_large_image","twitter_misc":{"Szacowany czas czytania":"2 minuty"},"schema":{"@context":"https:\/\/schema.org","@graph":[{"@type":"WebSite","@id":"https:\/\/trans-tex.pl\/#website","url":"https:\/\/trans-tex.pl\/","name":"Trans-Tex Producent dzianin i tkanin","description":"","potentialAction":[{"@type":"SearchAction","target":{"@type":"EntryPoint","urlTemplate":"https:\/\/trans-tex.pl\/?s={search_term_string}"},"query-input":"required name=search_term_string"}],"inLanguage":"pl-PL"},{"@type":"ImageObject","@id":"https:\/\/trans-tex.pl\/?page_id=1220&lang=en#primaryimage","inLanguage":"pl-PL","url":"https:\/\/trans-tex.pl\/wp-content\/uploads\/2020\/05\/noun-furniture-1047926-1.svg","contentUrl":"https:\/\/trans-tex.pl\/wp-content\/uploads\/2020\/05\/noun-furniture-1047926-1.svg"},{"@type":"WebPage","@id":"https:\/\/trans-tex.pl\/?page_id=1220&lang=en#webpage","url":"https:\/\/trans-tex.pl\/?page_id=1220&lang=en","name":"Upholstery fabrics - Dzianiny obiciowe - Trans-Tex","isPartOf":{"@id":"https:\/\/trans-tex.pl\/#website"},"primaryImageOfPage":{"@id":"https:\/\/trans-tex.pl\/?page_id=1220&lang=en#primaryimage"},"datePublished":"2023-01-30T11:40:21+00:00","dateModified":"2023-01-30T11:40:21+00:00","description":"Trans-Tex - Producent dzianin i tkanin dla przemys\u0142u. W naszej ofercie \u2705 tkaniny obiciowe najwy\u017cszej jako\u015bci potwierdzone certyfikatami. Sprawd\u017a!","breadcrumb":{"@id":"https:\/\/trans-tex.pl\/?page_id=1220&lang=en#breadcrumb"},"inLanguage":"pl-PL","potentialAction":[{"@type":"ReadAction","target":["https:\/\/trans-tex.pl\/?page_id=1220&lang=en"]}]},{"@type":"BreadcrumbList","@id":"https:\/\/trans-tex.pl\/?page_id=1220&lang=en#breadcrumb","itemListElement":[{"@type":"ListItem","position":1,"name":"Strona g\u0142\u00f3wna","item":"https:\/\/trans-tex.pl\/"},{"@type":"ListItem","position":2,"name":"Upholstery fabrics"}]}]}},"_links":{"self":[{"href":"https:\/\/trans-tex.pl\/index.php?rest_route=\/wp\/v2\/pages\/1220"}],"collection":[{"href":"https:\/\/trans-tex.pl\/index.php?rest_route=\/wp\/v2\/pages"}],"about":[{"href":"https:\/\/trans-tex.pl\/index.php?rest_route=\/wp\/v2\/types\/page"}],"author":[{"embeddable":true,"href":"https:\/\/trans-tex.pl\/index.php?rest_route=\/wp\/v2\/users\/6"}],"replies":[{"embeddable":true,"href":"https:\/\/trans-tex.pl\/index.php?rest_route=%2Fwp%2Fv2%2Fcomments&post=1220"}],"version-history":[{"count":1,"href":"https:\/\/trans-tex.pl\/index.php?rest_route=\/wp\/v2\/pages\/1220\/revisions"}],"predecessor-version":[{"id":1221,"href":"https:\/\/trans-tex.pl\/index.php?rest_route=\/wp\/v2\/pages\/1220\/revisions\/1221"}],"wp:attachment":[{"href":"https:\/\/trans-tex.pl\/index.php?rest_route=%2Fwp%2Fv2%2Fmedia&parent=1220"}],"curies":[{"name":"wp","href":"https:\/\/api.w.org\/{rel}","templated":true}]}}