{"id":1218,"date":"2023-01-30T12:39:01","date_gmt":"2023-01-30T11:39:01","guid":{"rendered":"http:\/\/trans-tex.pl\/?page_id=1218"},"modified":"2023-01-30T12:39:01","modified_gmt":"2023-01-30T11:39:01","slug":"cleaning-abrasive-cotton","status":"publish","type":"page","link":"https:\/\/trans-tex.pl\/?page_id=1218&lang=en","title":{"rendered":"Cleaning abrasive cotton"},"content":{"rendered":"<p><img decoding=\"async\" class=\"textiles-two-section__icon\" style=\"margin: 30px 20px 10px 30px;\" src=\"https:\/\/trans-tex.pl\/wp-content\/uploads\/2020\/05\/noun-carrier-2140357.svg\" alt=\"Czy\u015bciwo bawe\u0142niane\" \/><span style=\"font-size: 18px; font-weight: bold;\"> Cleaning abrasive cotton <\/span><\/p>\n<p style=\"margin-right: 30px; margin-left: 30px;\">Multiple industries require cleaning abrasives to handle their contamination, and no regular cloth or sponge is as good as cleaning abrasive cotton. The advantage of daily household cleaning products is due to their being manufactured of synthetic fibres or synthetic fibre and cotton blends. They are sufficient in household cleaning, but inadequate in car garages or the metallurgic industry.<\/p>\n<p style=\"margin-right: 30px; margin-left: 30px;\">Our cleaning abrasive is characterized by exceptional adsorption of all kinds of liquids and protection of delicate surfaces. Thanks to 100% content of cotton, the material is also soft to hand skin and it may be used to clean hands too.<\/p>\n<p style=\"margin-right: 30px; margin-left: 30px;\">Fabrics in the TRANS-TEX portfolio that are often used as cleaning abrasive include:<\/p>\n<ul>\n<li class=\"li1\"><strong>flannel (molton) fabrics<\/strong>, available in weights 160-180 g\/m<span class=\"s2\">2 <\/span>and widths 160 and 220 cm;<\/li>\n<li class=\"li2\"><strong>muslin fabrics<\/strong> in widths 80 cm and 160 cm.<\/li>\n<\/ul>\n<p style=\"margin-right: 30px; margin-left: 30px;\">Both fabric types are manufactured first and foremost as material for baby and child products (diapers, bed sheets, blankets), which by definition have to feature particular softness. At customer\u2019s request, after certain adjustments, they may be manufactured as a material for cleaning abrasive.<\/p>\n<h2 style=\"margin-right: 30px; margin-left: 30px;\">Cotton cleaning abrasive \u2013 an all-rounder fabric<\/h2>\n<p style=\"margin-right: 30px; margin-left: 30px;\">All kinds of \u201cspecial purpose\u201d cloths are used in all industries. Due to their low price, used clothing items, sorted by colour and by material, are very often used as cleaning abrasives. The best ones are those made of 100% cotton, although some of them do not offer good adsorption properties required for cleaning specific types of dirt.<\/p>\n<p style=\"margin-right: 30px; margin-left: 30px;\">The best solution is the manufacture of top quality 100% cotton cleaning abrasives designed to remove specific types of contaminations. The latest technologies enable obtaining incredible results, even with seemingly prosaic objects like cleaning rugs.<\/p>\n<p style=\"margin-right: 30px; margin-left: 30px;\">I recommend ordering cleaning abrasive cotton not with the sale but with the lease option, which is more and more popular because of reducing the quantity of waste. Cleaning rugs are available in various weights, depending on the end product purpose. Rougher cleaning abrasive can be used as a universal cleaning cloth for all kinds of surfaces, washing oil from hands and even washing floors. Finer variants will match the surface, prevent scratching, and reduce the release of lints when cleaning the most delicate parts.<\/p>\n","protected":false},"excerpt":{"rendered":"<p>Cleaning abrasive cotton Multiple industries require cleaning abrasives to handle their contamination, and no regular cloth or sponge is as<\/p>\n<div><a class=\"read-more-blog-button\" href=\"https:\/\/trans-tex.pl\/?page_id=1218&#038;lang=en\"><span>Czytaj ca\u0142o\u015b\u0107 <img decoding=\"async\" src=\"\/wp-content\/uploads\/2020\/05\/path-copy-2.svg\"><\/span><\/a><\/div>\n","protected":false},"author":6,"featured_media":0,"parent":0,"menu_order":0,"comment_status":"closed","ping_status":"closed","template":"","meta":{"footnotes":""},"yoast_head":"<!-- This site is optimized with the Yoast SEO plugin v18.6 - https:\/\/yoast.com\/wordpress\/plugins\/seo\/ -->\n<title>Cleaning abrasive cotton - Trans-Tex Producent dzianin i tkanin<\/title>\n<meta name=\"description\" content=\"Trans-Tex - Producent dzianin i tkanin dla przemys\u0142u. W naszej ofercie \u2705 czy\u015bciwo bawe\u0142niane najwy\u017cszej jako\u015bci potwierdzone certyfikatami. Sprawd\u017a!\" \/>\n<meta name=\"robots\" content=\"index, follow, max-snippet:-1, max-image-preview:large, max-video-preview:-1\" \/>\n<link rel=\"canonical\" href=\"https:\/\/trans-tex.pl\/?page_id=1218&#038;lang=en\" \/>\n<meta property=\"og:locale\" content=\"pl_PL\" \/>\n<meta property=\"og:type\" content=\"article\" \/>\n<meta property=\"og:title\" content=\"Cleaning abrasive cotton - Trans-Tex Producent dzianin i tkanin\" \/>\n<meta property=\"og:description\" content=\"Trans-Tex - Producent dzianin i tkanin dla przemys\u0142u. W naszej ofercie \u2705 czy\u015bciwo bawe\u0142niane najwy\u017cszej jako\u015bci potwierdzone certyfikatami. Sprawd\u017a!\" \/>\n<meta property=\"og:url\" content=\"https:\/\/trans-tex.pl\/?page_id=1218&amp;lang=en\" \/>\n<meta property=\"og:site_name\" content=\"Trans-Tex Producent dzianin i tkanin\" \/>\n<meta property=\"og:image\" content=\"https:\/\/trans-tex.pl\/wp-content\/uploads\/2020\/05\/noun-carrier-2140357.svg\" \/>\n<meta name=\"twitter:card\" content=\"summary_large_image\" \/>\n<meta name=\"twitter:label1\" content=\"Szacowany czas czytania\" \/>\n\t<meta name=\"twitter:data1\" content=\"2 minuty\" \/>\n<script type=\"application\/ld+json\" class=\"yoast-schema-graph\">{\"@context\":\"https:\/\/schema.org\",\"@graph\":[{\"@type\":\"WebSite\",\"@id\":\"https:\/\/trans-tex.pl\/#website\",\"url\":\"https:\/\/trans-tex.pl\/\",\"name\":\"Trans-Tex Producent dzianin i tkanin\",\"description\":\"\",\"potentialAction\":[{\"@type\":\"SearchAction\",\"target\":{\"@type\":\"EntryPoint\",\"urlTemplate\":\"https:\/\/trans-tex.pl\/?s={search_term_string}\"},\"query-input\":\"required name=search_term_string\"}],\"inLanguage\":\"pl-PL\"},{\"@type\":\"ImageObject\",\"@id\":\"https:\/\/trans-tex.pl\/?page_id=1218&lang=en#primaryimage\",\"inLanguage\":\"pl-PL\",\"url\":\"https:\/\/trans-tex.pl\/wp-content\/uploads\/2020\/05\/noun-carrier-2140357.svg\",\"contentUrl\":\"https:\/\/trans-tex.pl\/wp-content\/uploads\/2020\/05\/noun-carrier-2140357.svg\"},{\"@type\":\"WebPage\",\"@id\":\"https:\/\/trans-tex.pl\/?page_id=1218&lang=en#webpage\",\"url\":\"https:\/\/trans-tex.pl\/?page_id=1218&lang=en\",\"name\":\"Cleaning abrasive cotton - Trans-Tex Producent dzianin i tkanin\",\"isPartOf\":{\"@id\":\"https:\/\/trans-tex.pl\/#website\"},\"primaryImageOfPage\":{\"@id\":\"https:\/\/trans-tex.pl\/?page_id=1218&lang=en#primaryimage\"},\"datePublished\":\"2023-01-30T11:39:01+00:00\",\"dateModified\":\"2023-01-30T11:39:01+00:00\",\"description\":\"Trans-Tex - Producent dzianin i tkanin dla przemys\u0142u. W naszej ofercie \u2705 czy\u015bciwo bawe\u0142niane najwy\u017cszej jako\u015bci potwierdzone certyfikatami. Sprawd\u017a!\",\"breadcrumb\":{\"@id\":\"https:\/\/trans-tex.pl\/?page_id=1218&lang=en#breadcrumb\"},\"inLanguage\":\"pl-PL\",\"potentialAction\":[{\"@type\":\"ReadAction\",\"target\":[\"https:\/\/trans-tex.pl\/?page_id=1218&lang=en\"]}]},{\"@type\":\"BreadcrumbList\",\"@id\":\"https:\/\/trans-tex.pl\/?page_id=1218&lang=en#breadcrumb\",\"itemListElement\":[{\"@type\":\"ListItem\",\"position\":1,\"name\":\"Strona g\u0142\u00f3wna\",\"item\":\"https:\/\/trans-tex.pl\/\"},{\"@type\":\"ListItem\",\"position\":2,\"name\":\"Cleaning abrasive cotton\"}]}]}<\/script>\n<!-- \/ Yoast SEO plugin. -->","yoast_head_json":{"title":"Cleaning abrasive cotton - Trans-Tex Producent dzianin i tkanin","description":"Trans-Tex - Producent dzianin i tkanin dla przemys\u0142u. W naszej ofercie \u2705 czy\u015bciwo bawe\u0142niane najwy\u017cszej jako\u015bci potwierdzone certyfikatami. Sprawd\u017a!","robots":{"index":"index","follow":"follow","max-snippet":"max-snippet:-1","max-image-preview":"max-image-preview:large","max-video-preview":"max-video-preview:-1"},"canonical":"https:\/\/trans-tex.pl\/?page_id=1218&lang=en","og_locale":"pl_PL","og_type":"article","og_title":"Cleaning abrasive cotton - Trans-Tex Producent dzianin i tkanin","og_description":"Trans-Tex - Producent dzianin i tkanin dla przemys\u0142u. W naszej ofercie \u2705 czy\u015bciwo bawe\u0142niane najwy\u017cszej jako\u015bci potwierdzone certyfikatami. Sprawd\u017a!","og_url":"https:\/\/trans-tex.pl\/?page_id=1218&lang=en","og_site_name":"Trans-Tex Producent dzianin i tkanin","og_image":[{"url":"https:\/\/trans-tex.pl\/wp-content\/uploads\/2020\/05\/noun-carrier-2140357.svg"}],"twitter_card":"summary_large_image","twitter_misc":{"Szacowany czas czytania":"2 minuty"},"schema":{"@context":"https:\/\/schema.org","@graph":[{"@type":"WebSite","@id":"https:\/\/trans-tex.pl\/#website","url":"https:\/\/trans-tex.pl\/","name":"Trans-Tex Producent dzianin i tkanin","description":"","potentialAction":[{"@type":"SearchAction","target":{"@type":"EntryPoint","urlTemplate":"https:\/\/trans-tex.pl\/?s={search_term_string}"},"query-input":"required name=search_term_string"}],"inLanguage":"pl-PL"},{"@type":"ImageObject","@id":"https:\/\/trans-tex.pl\/?page_id=1218&lang=en#primaryimage","inLanguage":"pl-PL","url":"https:\/\/trans-tex.pl\/wp-content\/uploads\/2020\/05\/noun-carrier-2140357.svg","contentUrl":"https:\/\/trans-tex.pl\/wp-content\/uploads\/2020\/05\/noun-carrier-2140357.svg"},{"@type":"WebPage","@id":"https:\/\/trans-tex.pl\/?page_id=1218&lang=en#webpage","url":"https:\/\/trans-tex.pl\/?page_id=1218&lang=en","name":"Cleaning abrasive cotton - Trans-Tex Producent dzianin i tkanin","isPartOf":{"@id":"https:\/\/trans-tex.pl\/#website"},"primaryImageOfPage":{"@id":"https:\/\/trans-tex.pl\/?page_id=1218&lang=en#primaryimage"},"datePublished":"2023-01-30T11:39:01+00:00","dateModified":"2023-01-30T11:39:01+00:00","description":"Trans-Tex - Producent dzianin i tkanin dla przemys\u0142u. W naszej ofercie \u2705 czy\u015bciwo bawe\u0142niane najwy\u017cszej jako\u015bci potwierdzone certyfikatami. Sprawd\u017a!","breadcrumb":{"@id":"https:\/\/trans-tex.pl\/?page_id=1218&lang=en#breadcrumb"},"inLanguage":"pl-PL","potentialAction":[{"@type":"ReadAction","target":["https:\/\/trans-tex.pl\/?page_id=1218&lang=en"]}]},{"@type":"BreadcrumbList","@id":"https:\/\/trans-tex.pl\/?page_id=1218&lang=en#breadcrumb","itemListElement":[{"@type":"ListItem","position":1,"name":"Strona g\u0142\u00f3wna","item":"https:\/\/trans-tex.pl\/"},{"@type":"ListItem","position":2,"name":"Cleaning abrasive cotton"}]}]}},"_links":{"self":[{"href":"https:\/\/trans-tex.pl\/index.php?rest_route=\/wp\/v2\/pages\/1218"}],"collection":[{"href":"https:\/\/trans-tex.pl\/index.php?rest_route=\/wp\/v2\/pages"}],"about":[{"href":"https:\/\/trans-tex.pl\/index.php?rest_route=\/wp\/v2\/types\/page"}],"author":[{"embeddable":true,"href":"https:\/\/trans-tex.pl\/index.php?rest_route=\/wp\/v2\/users\/6"}],"replies":[{"embeddable":true,"href":"https:\/\/trans-tex.pl\/index.php?rest_route=%2Fwp%2Fv2%2Fcomments&post=1218"}],"version-history":[{"count":1,"href":"https:\/\/trans-tex.pl\/index.php?rest_route=\/wp\/v2\/pages\/1218\/revisions"}],"predecessor-version":[{"id":1219,"href":"https:\/\/trans-tex.pl\/index.php?rest_route=\/wp\/v2\/pages\/1218\/revisions\/1219"}],"wp:attachment":[{"href":"https:\/\/trans-tex.pl\/index.php?rest_route=%2Fwp%2Fv2%2Fmedia&parent=1218"}],"curies":[{"name":"wp","href":"https:\/\/api.w.org\/{rel}","templated":true}]}}