{"id":1212,"date":"2023-01-30T12:34:30","date_gmt":"2023-01-30T11:34:30","guid":{"rendered":"http:\/\/trans-tex.pl\/?page_id=1212"},"modified":"2023-01-30T12:34:30","modified_gmt":"2023-01-30T11:34:30","slug":"canvas-cotton","status":"publish","type":"page","link":"https:\/\/trans-tex.pl\/?page_id=1212&lang=en","title":{"rendered":"Canvas cotton"},"content":{"rendered":"<p><!--<span data-mce-type=\"bookmark\" style=\"display: inline-block; width: 0px; overflow: hidden; line-height: 0;\" class=\"mce_SELRES_start\"><\/span><img decoding=\"async\" width=\"445\" height=\"425\" class=\"wp-image-83 size-full alignleft\" style=\"float: left; margin-right: 30px; margin-left: 20px;\" src=\"http:\/\/trans-tex.pl\/wp-content\/uploads\/2020\/05\/mask.png\" alt=\"bawe\u0142na kanwas\" srcset=\"https:\/\/trans-tex.pl\/wp-content\/uploads\/2020\/05\/mask.png 445w, https:\/\/trans-tex.pl\/wp-content\/uploads\/2020\/05\/mask-300x287.png 300w\" sizes=\"(max-width: 445px) 100vw, 445px\" \/><span data-mce-type=\"bookmark\" style=\"display: inline-block; width: 0px; overflow: hidden; line-height: 0;\" class=\"mce_SELRES_end\"><\/span>--><img decoding=\"async\" class=\"textiles-two-section__icon\" style=\"margin: 30px 20px 10px 30px;\" src=\"http:\/\/trans-tex.pl\/wp-content\/uploads\/2020\/05\/flanelowe-1.svg\" alt=\"Dzianiny antybakteryjne\" \/><span style=\"font-size: 18px; font-weight: bold;\"> Canvas cotton <\/span><\/p>\n<p style=\"margin-right: 30px; margin-left: 30px;\">Canvas cotton (canvas) or its blend with polyester is manufactured in weights exceeding 300 g\/m2 and widths up to 250 cm. It is a solid material, with high abrasion resistance, and the addition of polyester improves its resistance to crumpling (the higher the content the higher the resistance to crumpling).<\/p>\n<p style=\"margin-right: 30px; margin-left: 30px;\">Thinner canvas may be used in tablecloth (also printed). Thicker canvas is the ideal material for protective clothing and uniforms; its additional advantage is in the flame-retardant properties (especially useful in work clothes).<br \/>\nWe dye canvas as per the customer\u2019s specification and we can present you samples of colours.<\/p>\n<h2 style=\"margin-left: 30px;\">Possible applications<\/h2>\n<p style=\"margin-right: 30px; margin-left: 30px;\">Canvas fabrics are similar in texture and in strength to sailcloth. Thanks to its \u201craw\u201d and rustic appearance, it is the ideal material for original decorative cushions matching the Nordic style and modern concrete interiors.<br \/>\nCanvas cotton is also the ideal base for various bags &#8211; men\u2019s bags, women\u2019s bags, sacks, and travel bags. Combines well with leather details that give finished products a more classy look.<\/p>\n<p style=\"margin-right: 30px; margin-left: 30px;\">Materials designated for bags may be treated with an impregnant adding some water-resistant properties. Likewise with canvas for various types of covers for outdoor use. When used in the manufacture of work clothing, in addition to flame retardant properties, we can also add antibacterial properties, just as in canvas for upholstery and cushion covers.<\/p>\n","protected":false},"excerpt":{"rendered":"<p>Canvas cotton Canvas cotton (canvas) or its blend with polyester is manufactured in weights exceeding 300 g\/m2 and widths up<\/p>\n<div><a class=\"read-more-blog-button\" href=\"https:\/\/trans-tex.pl\/?page_id=1212&#038;lang=en\"><span>Czytaj ca\u0142o\u015b\u0107 <img decoding=\"async\" src=\"\/wp-content\/uploads\/2020\/05\/path-copy-2.svg\"><\/span><\/a><\/div>\n","protected":false},"author":6,"featured_media":0,"parent":0,"menu_order":0,"comment_status":"closed","ping_status":"closed","template":"","meta":{"footnotes":""},"yoast_head":"<!-- This site is optimized with the Yoast SEO plugin v18.6 - https:\/\/yoast.com\/wordpress\/plugins\/seo\/ -->\n<title>Canvas cotton - Trans-Tex Producent dzianin i tkanin<\/title>\n<meta name=\"description\" content=\"Trans-Tex - Producent dzianin i tkanin dla przemys\u0142u. W naszej ofercie \u2705 bawe\u0142na kanwas najwy\u017cszej jako\u015bci potwierdzone certyfikatami. Sprawd\u017a!\" \/>\n<meta name=\"robots\" content=\"index, follow, max-snippet:-1, max-image-preview:large, max-video-preview:-1\" \/>\n<link rel=\"canonical\" href=\"https:\/\/trans-tex.pl\/?page_id=1212&#038;lang=en\" \/>\n<meta property=\"og:locale\" content=\"pl_PL\" \/>\n<meta property=\"og:type\" content=\"article\" \/>\n<meta property=\"og:title\" content=\"Canvas cotton - Trans-Tex Producent dzianin i tkanin\" \/>\n<meta property=\"og:description\" content=\"Trans-Tex - Producent dzianin i tkanin dla przemys\u0142u. W naszej ofercie \u2705 bawe\u0142na kanwas najwy\u017cszej jako\u015bci potwierdzone certyfikatami. Sprawd\u017a!\" \/>\n<meta property=\"og:url\" content=\"https:\/\/trans-tex.pl\/?page_id=1212&amp;lang=en\" \/>\n<meta property=\"og:site_name\" content=\"Trans-Tex Producent dzianin i tkanin\" \/>\n<meta property=\"og:image\" content=\"http:\/\/trans-tex.pl\/wp-content\/uploads\/2020\/05\/mask.png\" \/>\n<meta name=\"twitter:card\" content=\"summary_large_image\" \/>\n<meta name=\"twitter:label1\" content=\"Szacowany czas czytania\" \/>\n\t<meta name=\"twitter:data1\" content=\"1 minuta\" \/>\n<script type=\"application\/ld+json\" class=\"yoast-schema-graph\">{\"@context\":\"https:\/\/schema.org\",\"@graph\":[{\"@type\":\"WebSite\",\"@id\":\"https:\/\/trans-tex.pl\/#website\",\"url\":\"https:\/\/trans-tex.pl\/\",\"name\":\"Trans-Tex Producent dzianin i tkanin\",\"description\":\"\",\"potentialAction\":[{\"@type\":\"SearchAction\",\"target\":{\"@type\":\"EntryPoint\",\"urlTemplate\":\"https:\/\/trans-tex.pl\/?s={search_term_string}\"},\"query-input\":\"required name=search_term_string\"}],\"inLanguage\":\"pl-PL\"},{\"@type\":\"ImageObject\",\"@id\":\"https:\/\/trans-tex.pl\/?page_id=1212&lang=en#primaryimage\",\"inLanguage\":\"pl-PL\",\"url\":\"https:\/\/trans-tex.pl\/wp-content\/uploads\/2020\/05\/mask.png\",\"contentUrl\":\"https:\/\/trans-tex.pl\/wp-content\/uploads\/2020\/05\/mask.png\",\"width\":445,\"height\":425},{\"@type\":\"WebPage\",\"@id\":\"https:\/\/trans-tex.pl\/?page_id=1212&lang=en#webpage\",\"url\":\"https:\/\/trans-tex.pl\/?page_id=1212&lang=en\",\"name\":\"Canvas cotton - Trans-Tex Producent dzianin i tkanin\",\"isPartOf\":{\"@id\":\"https:\/\/trans-tex.pl\/#website\"},\"primaryImageOfPage\":{\"@id\":\"https:\/\/trans-tex.pl\/?page_id=1212&lang=en#primaryimage\"},\"datePublished\":\"2023-01-30T11:34:30+00:00\",\"dateModified\":\"2023-01-30T11:34:30+00:00\",\"description\":\"Trans-Tex - Producent dzianin i tkanin dla przemys\u0142u. W naszej ofercie \u2705 bawe\u0142na kanwas najwy\u017cszej jako\u015bci potwierdzone certyfikatami. Sprawd\u017a!\",\"breadcrumb\":{\"@id\":\"https:\/\/trans-tex.pl\/?page_id=1212&lang=en#breadcrumb\"},\"inLanguage\":\"pl-PL\",\"potentialAction\":[{\"@type\":\"ReadAction\",\"target\":[\"https:\/\/trans-tex.pl\/?page_id=1212&lang=en\"]}]},{\"@type\":\"BreadcrumbList\",\"@id\":\"https:\/\/trans-tex.pl\/?page_id=1212&lang=en#breadcrumb\",\"itemListElement\":[{\"@type\":\"ListItem\",\"position\":1,\"name\":\"Strona g\u0142\u00f3wna\",\"item\":\"https:\/\/trans-tex.pl\/\"},{\"@type\":\"ListItem\",\"position\":2,\"name\":\"Canvas cotton\"}]}]}<\/script>\n<!-- \/ Yoast SEO plugin. -->","yoast_head_json":{"title":"Canvas cotton - Trans-Tex Producent dzianin i tkanin","description":"Trans-Tex - Producent dzianin i tkanin dla przemys\u0142u. W naszej ofercie \u2705 bawe\u0142na kanwas najwy\u017cszej jako\u015bci potwierdzone certyfikatami. Sprawd\u017a!","robots":{"index":"index","follow":"follow","max-snippet":"max-snippet:-1","max-image-preview":"max-image-preview:large","max-video-preview":"max-video-preview:-1"},"canonical":"https:\/\/trans-tex.pl\/?page_id=1212&lang=en","og_locale":"pl_PL","og_type":"article","og_title":"Canvas cotton - Trans-Tex Producent dzianin i tkanin","og_description":"Trans-Tex - Producent dzianin i tkanin dla przemys\u0142u. W naszej ofercie \u2705 bawe\u0142na kanwas najwy\u017cszej jako\u015bci potwierdzone certyfikatami. Sprawd\u017a!","og_url":"https:\/\/trans-tex.pl\/?page_id=1212&lang=en","og_site_name":"Trans-Tex Producent dzianin i tkanin","og_image":[{"url":"http:\/\/trans-tex.pl\/wp-content\/uploads\/2020\/05\/mask.png"}],"twitter_card":"summary_large_image","twitter_misc":{"Szacowany czas czytania":"1 minuta"},"schema":{"@context":"https:\/\/schema.org","@graph":[{"@type":"WebSite","@id":"https:\/\/trans-tex.pl\/#website","url":"https:\/\/trans-tex.pl\/","name":"Trans-Tex Producent dzianin i tkanin","description":"","potentialAction":[{"@type":"SearchAction","target":{"@type":"EntryPoint","urlTemplate":"https:\/\/trans-tex.pl\/?s={search_term_string}"},"query-input":"required name=search_term_string"}],"inLanguage":"pl-PL"},{"@type":"ImageObject","@id":"https:\/\/trans-tex.pl\/?page_id=1212&lang=en#primaryimage","inLanguage":"pl-PL","url":"https:\/\/trans-tex.pl\/wp-content\/uploads\/2020\/05\/mask.png","contentUrl":"https:\/\/trans-tex.pl\/wp-content\/uploads\/2020\/05\/mask.png","width":445,"height":425},{"@type":"WebPage","@id":"https:\/\/trans-tex.pl\/?page_id=1212&lang=en#webpage","url":"https:\/\/trans-tex.pl\/?page_id=1212&lang=en","name":"Canvas cotton - Trans-Tex Producent dzianin i tkanin","isPartOf":{"@id":"https:\/\/trans-tex.pl\/#website"},"primaryImageOfPage":{"@id":"https:\/\/trans-tex.pl\/?page_id=1212&lang=en#primaryimage"},"datePublished":"2023-01-30T11:34:30+00:00","dateModified":"2023-01-30T11:34:30+00:00","description":"Trans-Tex - Producent dzianin i tkanin dla przemys\u0142u. W naszej ofercie \u2705 bawe\u0142na kanwas najwy\u017cszej jako\u015bci potwierdzone certyfikatami. Sprawd\u017a!","breadcrumb":{"@id":"https:\/\/trans-tex.pl\/?page_id=1212&lang=en#breadcrumb"},"inLanguage":"pl-PL","potentialAction":[{"@type":"ReadAction","target":["https:\/\/trans-tex.pl\/?page_id=1212&lang=en"]}]},{"@type":"BreadcrumbList","@id":"https:\/\/trans-tex.pl\/?page_id=1212&lang=en#breadcrumb","itemListElement":[{"@type":"ListItem","position":1,"name":"Strona g\u0142\u00f3wna","item":"https:\/\/trans-tex.pl\/"},{"@type":"ListItem","position":2,"name":"Canvas cotton"}]}]}},"_links":{"self":[{"href":"https:\/\/trans-tex.pl\/index.php?rest_route=\/wp\/v2\/pages\/1212"}],"collection":[{"href":"https:\/\/trans-tex.pl\/index.php?rest_route=\/wp\/v2\/pages"}],"about":[{"href":"https:\/\/trans-tex.pl\/index.php?rest_route=\/wp\/v2\/types\/page"}],"author":[{"embeddable":true,"href":"https:\/\/trans-tex.pl\/index.php?rest_route=\/wp\/v2\/users\/6"}],"replies":[{"embeddable":true,"href":"https:\/\/trans-tex.pl\/index.php?rest_route=%2Fwp%2Fv2%2Fcomments&post=1212"}],"version-history":[{"count":1,"href":"https:\/\/trans-tex.pl\/index.php?rest_route=\/wp\/v2\/pages\/1212\/revisions"}],"predecessor-version":[{"id":1213,"href":"https:\/\/trans-tex.pl\/index.php?rest_route=\/wp\/v2\/pages\/1212\/revisions\/1213"}],"wp:attachment":[{"href":"https:\/\/trans-tex.pl\/index.php?rest_route=%2Fwp%2Fv2%2Fmedia&parent=1212"}],"curies":[{"name":"wp","href":"https:\/\/api.w.org\/{rel}","templated":true}]}}