{"id":1208,"date":"2023-01-30T12:31:20","date_gmt":"2023-01-30T11:31:20","guid":{"rendered":"https:\/\/trans-tex.pl\/?page_id=1208"},"modified":"2023-01-30T12:31:20","modified_gmt":"2023-01-30T11:31:20","slug":"patterned-fabrics","status":"publish","type":"page","link":"https:\/\/trans-tex.pl\/?page_id=1208&lang=en","title":{"rendered":"Patterned fabrics"},"content":{"rendered":"<p><img decoding=\"async\" class=\"textiles-two-section__icon\" style=\"margin: 30px 20px 10px 30px;\" src=\"https:\/\/trans-tex.pl\/wp-content\/uploads\/2020\/05\/noun-bacteria-2836408-1.svg\" alt=\"Dzianiny wrzosyste\" \/><span style=\"font-size: 18px; font-weight: bold;\">Patterned fabrics<\/span><\/p>\n<p style=\"margin: 30px 20px 10px 30px;\">We can say that the world is divided into those seeking solid colours and those seeking patterns. This is why the Trans-Tex portfolio covers woven and knitted fabrics both in patterns and in solid colours. It is the role of the manufacturer to cater to various tastes of customers.<\/p>\n<p style=\"margin: 30px 20px 10px 30px;\">We wish to stress that as with all kinds of dyeing processes used with our fabrics we hold the STANDARD 100 certificate issued by OEKO-TEX, which ensures that our products \u2013 whether dyed or natural \u2013 contain no harmful substances.<\/p>\n","protected":false},"excerpt":{"rendered":"<p>Patterned fabrics We can say that the world is divided into those seeking solid colours and those seeking patterns. This<\/p>\n<div><a class=\"read-more-blog-button\" href=\"https:\/\/trans-tex.pl\/?page_id=1208&#038;lang=en\"><span>Czytaj ca\u0142o\u015b\u0107 <img decoding=\"async\" src=\"\/wp-content\/uploads\/2020\/05\/path-copy-2.svg\"><\/span><\/a><\/div>\n","protected":false},"author":6,"featured_media":0,"parent":0,"menu_order":0,"comment_status":"closed","ping_status":"closed","template":"","meta":{"footnotes":""},"yoast_head":"<!-- This site is optimized with the Yoast SEO plugin v18.6 - https:\/\/yoast.com\/wordpress\/plugins\/seo\/ -->\n<title>Patterned fabrics - Trans-Tex Producent dzianin i tkanin<\/title>\n<meta name=\"description\" content=\"Trans-Tex - Producent dzianin i tkanin dla przemys\u0142u. W naszej ofercie \u2705 dzianiny wzorzyste najwy\u017cszej jako\u015bci potwierdzone certyfikatami. Sprawd\u017a!\" \/>\n<meta name=\"robots\" content=\"index, follow, max-snippet:-1, max-image-preview:large, max-video-preview:-1\" \/>\n<link rel=\"canonical\" href=\"https:\/\/trans-tex.pl\/?page_id=1208&#038;lang=en\" \/>\n<meta property=\"og:locale\" content=\"pl_PL\" \/>\n<meta property=\"og:type\" content=\"article\" \/>\n<meta property=\"og:title\" content=\"Patterned fabrics - Trans-Tex Producent dzianin i tkanin\" \/>\n<meta property=\"og:description\" content=\"Trans-Tex - Producent dzianin i tkanin dla przemys\u0142u. W naszej ofercie \u2705 dzianiny wzorzyste najwy\u017cszej jako\u015bci potwierdzone certyfikatami. Sprawd\u017a!\" \/>\n<meta property=\"og:url\" content=\"https:\/\/trans-tex.pl\/?page_id=1208&amp;lang=en\" \/>\n<meta property=\"og:site_name\" content=\"Trans-Tex Producent dzianin i tkanin\" \/>\n<meta property=\"og:image\" content=\"https:\/\/trans-tex.pl\/wp-content\/uploads\/2020\/05\/noun-bacteria-2836408-1.svg\" \/>\n<meta name=\"twitter:card\" content=\"summary_large_image\" \/>\n<script type=\"application\/ld+json\" class=\"yoast-schema-graph\">{\"@context\":\"https:\/\/schema.org\",\"@graph\":[{\"@type\":\"WebSite\",\"@id\":\"https:\/\/trans-tex.pl\/#website\",\"url\":\"https:\/\/trans-tex.pl\/\",\"name\":\"Trans-Tex Producent dzianin i tkanin\",\"description\":\"\",\"potentialAction\":[{\"@type\":\"SearchAction\",\"target\":{\"@type\":\"EntryPoint\",\"urlTemplate\":\"https:\/\/trans-tex.pl\/?s={search_term_string}\"},\"query-input\":\"required name=search_term_string\"}],\"inLanguage\":\"pl-PL\"},{\"@type\":\"ImageObject\",\"@id\":\"https:\/\/trans-tex.pl\/?page_id=1208&lang=en#primaryimage\",\"inLanguage\":\"pl-PL\",\"url\":\"https:\/\/trans-tex.pl\/wp-content\/uploads\/2020\/05\/noun-bacteria-2836408-1.svg\",\"contentUrl\":\"https:\/\/trans-tex.pl\/wp-content\/uploads\/2020\/05\/noun-bacteria-2836408-1.svg\"},{\"@type\":\"WebPage\",\"@id\":\"https:\/\/trans-tex.pl\/?page_id=1208&lang=en#webpage\",\"url\":\"https:\/\/trans-tex.pl\/?page_id=1208&lang=en\",\"name\":\"Patterned fabrics - Trans-Tex Producent dzianin i tkanin\",\"isPartOf\":{\"@id\":\"https:\/\/trans-tex.pl\/#website\"},\"primaryImageOfPage\":{\"@id\":\"https:\/\/trans-tex.pl\/?page_id=1208&lang=en#primaryimage\"},\"datePublished\":\"2023-01-30T11:31:20+00:00\",\"dateModified\":\"2023-01-30T11:31:20+00:00\",\"description\":\"Trans-Tex - Producent dzianin i tkanin dla przemys\u0142u. W naszej ofercie \u2705 dzianiny wzorzyste najwy\u017cszej jako\u015bci potwierdzone certyfikatami. Sprawd\u017a!\",\"breadcrumb\":{\"@id\":\"https:\/\/trans-tex.pl\/?page_id=1208&lang=en#breadcrumb\"},\"inLanguage\":\"pl-PL\",\"potentialAction\":[{\"@type\":\"ReadAction\",\"target\":[\"https:\/\/trans-tex.pl\/?page_id=1208&lang=en\"]}]},{\"@type\":\"BreadcrumbList\",\"@id\":\"https:\/\/trans-tex.pl\/?page_id=1208&lang=en#breadcrumb\",\"itemListElement\":[{\"@type\":\"ListItem\",\"position\":1,\"name\":\"Strona g\u0142\u00f3wna\",\"item\":\"https:\/\/trans-tex.pl\/\"},{\"@type\":\"ListItem\",\"position\":2,\"name\":\"Patterned fabrics\"}]}]}<\/script>\n<!-- \/ Yoast SEO plugin. -->","yoast_head_json":{"title":"Patterned fabrics - Trans-Tex Producent dzianin i tkanin","description":"Trans-Tex - Producent dzianin i tkanin dla przemys\u0142u. W naszej ofercie \u2705 dzianiny wzorzyste najwy\u017cszej jako\u015bci potwierdzone certyfikatami. Sprawd\u017a!","robots":{"index":"index","follow":"follow","max-snippet":"max-snippet:-1","max-image-preview":"max-image-preview:large","max-video-preview":"max-video-preview:-1"},"canonical":"https:\/\/trans-tex.pl\/?page_id=1208&lang=en","og_locale":"pl_PL","og_type":"article","og_title":"Patterned fabrics - Trans-Tex Producent dzianin i tkanin","og_description":"Trans-Tex - Producent dzianin i tkanin dla przemys\u0142u. W naszej ofercie \u2705 dzianiny wzorzyste najwy\u017cszej jako\u015bci potwierdzone certyfikatami. Sprawd\u017a!","og_url":"https:\/\/trans-tex.pl\/?page_id=1208&lang=en","og_site_name":"Trans-Tex Producent dzianin i tkanin","og_image":[{"url":"https:\/\/trans-tex.pl\/wp-content\/uploads\/2020\/05\/noun-bacteria-2836408-1.svg"}],"twitter_card":"summary_large_image","schema":{"@context":"https:\/\/schema.org","@graph":[{"@type":"WebSite","@id":"https:\/\/trans-tex.pl\/#website","url":"https:\/\/trans-tex.pl\/","name":"Trans-Tex Producent dzianin i tkanin","description":"","potentialAction":[{"@type":"SearchAction","target":{"@type":"EntryPoint","urlTemplate":"https:\/\/trans-tex.pl\/?s={search_term_string}"},"query-input":"required name=search_term_string"}],"inLanguage":"pl-PL"},{"@type":"ImageObject","@id":"https:\/\/trans-tex.pl\/?page_id=1208&lang=en#primaryimage","inLanguage":"pl-PL","url":"https:\/\/trans-tex.pl\/wp-content\/uploads\/2020\/05\/noun-bacteria-2836408-1.svg","contentUrl":"https:\/\/trans-tex.pl\/wp-content\/uploads\/2020\/05\/noun-bacteria-2836408-1.svg"},{"@type":"WebPage","@id":"https:\/\/trans-tex.pl\/?page_id=1208&lang=en#webpage","url":"https:\/\/trans-tex.pl\/?page_id=1208&lang=en","name":"Patterned fabrics - Trans-Tex Producent dzianin i tkanin","isPartOf":{"@id":"https:\/\/trans-tex.pl\/#website"},"primaryImageOfPage":{"@id":"https:\/\/trans-tex.pl\/?page_id=1208&lang=en#primaryimage"},"datePublished":"2023-01-30T11:31:20+00:00","dateModified":"2023-01-30T11:31:20+00:00","description":"Trans-Tex - Producent dzianin i tkanin dla przemys\u0142u. W naszej ofercie \u2705 dzianiny wzorzyste najwy\u017cszej jako\u015bci potwierdzone certyfikatami. Sprawd\u017a!","breadcrumb":{"@id":"https:\/\/trans-tex.pl\/?page_id=1208&lang=en#breadcrumb"},"inLanguage":"pl-PL","potentialAction":[{"@type":"ReadAction","target":["https:\/\/trans-tex.pl\/?page_id=1208&lang=en"]}]},{"@type":"BreadcrumbList","@id":"https:\/\/trans-tex.pl\/?page_id=1208&lang=en#breadcrumb","itemListElement":[{"@type":"ListItem","position":1,"name":"Strona g\u0142\u00f3wna","item":"https:\/\/trans-tex.pl\/"},{"@type":"ListItem","position":2,"name":"Patterned fabrics"}]}]}},"_links":{"self":[{"href":"https:\/\/trans-tex.pl\/index.php?rest_route=\/wp\/v2\/pages\/1208"}],"collection":[{"href":"https:\/\/trans-tex.pl\/index.php?rest_route=\/wp\/v2\/pages"}],"about":[{"href":"https:\/\/trans-tex.pl\/index.php?rest_route=\/wp\/v2\/types\/page"}],"author":[{"embeddable":true,"href":"https:\/\/trans-tex.pl\/index.php?rest_route=\/wp\/v2\/users\/6"}],"replies":[{"embeddable":true,"href":"https:\/\/trans-tex.pl\/index.php?rest_route=%2Fwp%2Fv2%2Fcomments&post=1208"}],"version-history":[{"count":1,"href":"https:\/\/trans-tex.pl\/index.php?rest_route=\/wp\/v2\/pages\/1208\/revisions"}],"predecessor-version":[{"id":1209,"href":"https:\/\/trans-tex.pl\/index.php?rest_route=\/wp\/v2\/pages\/1208\/revisions\/1209"}],"wp:attachment":[{"href":"https:\/\/trans-tex.pl\/index.php?rest_route=%2Fwp%2Fv2%2Fmedia&parent=1208"}],"curies":[{"name":"wp","href":"https:\/\/api.w.org\/{rel}","templated":true}]}}