{"id":1201,"date":"2023-01-30T12:17:42","date_gmt":"2023-01-30T11:17:42","guid":{"rendered":"https:\/\/trans-tex.pl\/?page_id=1201"},"modified":"2023-01-30T12:29:09","modified_gmt":"2023-01-30T11:29:09","slug":"quilted-fabrics","status":"publish","type":"page","link":"https:\/\/trans-tex.pl\/?page_id=1201&lang=en","title":{"rendered":"Quilted fabrics"},"content":{"rendered":"<p><img decoding=\"async\" class=\"textiles-two-section__icon\" style=\"margin: 30px 20px 10px 30px;\" src=\"https:\/\/trans-tex.pl\/wp-content\/uploads\/2020\/05\/noun-mattress-2275221-2.svg\" alt=\"Dzianiny pikowane\" \/><span style=\"font-size: 18px; font-weight: bold;\">Quilted fabrics<\/span><\/p>\n<p style=\"margin: 30px 20px 10px 30px;\">Quilted fabrics are usually two layers of material, with wadding sewn between them. The thickness of wadding is the function of end product purpose; the thicker it is the more clear the quilted pattern becomes, and thus the more decorative the appearance.<\/p>\n<p style=\"margin: 30px 20px 10px 30px;\">Commonly used quilted materials are used to manufacture jackets with a top exterior layer of polyamide fabric (in thicker variant) and thinner interior lining (usually made of polyester).<\/p>\n<p style=\"margin: 30px 20px 10px 30px;\">Trans-Tex, the manufacturer of woven and knitted fabrics, offers multiple variants of quilted fabrics. Depending on specifications and needs of customers, we can supply quilted woven or knitted fabrics either in two layers (top layer material and thermal insulation) or in three layers (additional lining). Another possibility with three-layered quilted fabrics is using the same material (in two different colours) as a top layer and lining layer, to obtain reversible jackets.<\/p>\n<p style=\"margin: 30px 20px 10px 30px;\">The best effect of quilting can be achieved on solid colours, where quilting and seams are the sole decorative design. However, we let the customer have the final say and we also produce quilted fabrics in a patterned variant.<\/p>\n<p style=\"margin: 30px 20px 10px 30px;\">Depending on individual needs of customers, quilted fabrics, especially synthetic ones designated for protective clothing, we may further enrich special impregnation repelling the first drops of water. This works in particular in materials designated for autumn and winter jackets.<\/p>\n<h2 style=\"margin: 30px 20px 10px 30px;\"><strong> Applications of quilted fabrics <\/strong><\/h2>\n<p style=\"margin: 30px 20px 10px 30px;\">Quilted fabrics are used first and foremost in<\/p>\n<ul>\n<li class=\"li1\">clothing industry &#8211; quilted materials are the great base for all kinds of jackets. The thickness of thermal insulation and top layer material are determined by the season the jacket is designed for. Two-layered quilted fabric, only comprising wadding and thin polyester or viscose layer, is the material used as a lining in all kinds of outerwear for children and adults. Quilted fabrics designated for jackets may be produced not only from synthetic fibres. Depending on the customer\u2019s needs and the designed effect, the thermal insulation layer may be quilted with any kind of woven or knitted fabric.<\/li>\n<li class=\"li1\">interior decoration items &#8211; quilted materials are used mostly in decorative bed throws. In such case, three-layered quilted fabrics are used, only the edges are finished; two-layered fabrics are combined with a more decorative top layer material. In addition, they are used in decorative cushions, all types of covers or kitchen accessories &#8211; protective gloves, mittens, kettle warmers.<\/li>\n<li class=\"li2\">We offer quilted materials for other industries too, not only made from synthetic but also from natural fibres. We also have nearly unlimited possibilities of dyeing and applying all kinds of designs.<\/li>\n<\/ul>\n","protected":false},"excerpt":{"rendered":"<p>Quilted fabrics Quilted fabrics are usually two layers of material, with wadding sewn between them. The thickness of wadding is<\/p>\n<div><a class=\"read-more-blog-button\" href=\"https:\/\/trans-tex.pl\/?page_id=1201&#038;lang=en\"><span>Czytaj ca\u0142o\u015b\u0107 <img decoding=\"async\" src=\"\/wp-content\/uploads\/2020\/05\/path-copy-2.svg\"><\/span><\/a><\/div>\n","protected":false},"author":6,"featured_media":0,"parent":0,"menu_order":0,"comment_status":"closed","ping_status":"closed","template":"","meta":{"footnotes":""},"yoast_head":"<!-- This site is optimized with the Yoast SEO plugin v18.6 - https:\/\/yoast.com\/wordpress\/plugins\/seo\/ -->\n<title>Quilted fabrics - Tkaniny pikowane na kurtki - materia\u0142 - Watolina producent<\/title>\n<meta name=\"description\" content=\"Trans-Tex - Producent dzianin i tkanin dla przemys\u0142u. W naszej ofercie \u2714\ufe0f dzianiny pikowane najwy\u017cszej jako\u015bci potwierdzone certyfikatami. Sprawd\u017a!\" \/>\n<meta name=\"robots\" content=\"index, follow, max-snippet:-1, max-image-preview:large, max-video-preview:-1\" \/>\n<link rel=\"canonical\" href=\"https:\/\/trans-tex.pl\/?page_id=1201&#038;lang=en\" \/>\n<meta property=\"og:locale\" content=\"pl_PL\" \/>\n<meta property=\"og:type\" content=\"article\" \/>\n<meta property=\"og:title\" content=\"Quilted fabrics - Tkaniny pikowane na kurtki - materia\u0142 - Watolina producent\" \/>\n<meta property=\"og:description\" content=\"Trans-Tex - Producent dzianin i tkanin dla przemys\u0142u. W naszej ofercie \u2714\ufe0f dzianiny pikowane najwy\u017cszej jako\u015bci potwierdzone certyfikatami. Sprawd\u017a!\" \/>\n<meta property=\"og:url\" content=\"https:\/\/trans-tex.pl\/?page_id=1201&amp;lang=en\" \/>\n<meta property=\"og:site_name\" content=\"Trans-Tex Producent dzianin i tkanin\" \/>\n<meta property=\"article:modified_time\" content=\"2023-01-30T11:29:09+00:00\" \/>\n<meta property=\"og:image\" content=\"https:\/\/trans-tex.pl\/wp-content\/uploads\/2020\/05\/noun-mattress-2275221-2.svg\" \/>\n<meta name=\"twitter:card\" content=\"summary_large_image\" \/>\n<meta name=\"twitter:label1\" content=\"Szacowany czas czytania\" \/>\n\t<meta name=\"twitter:data1\" content=\"2 minuty\" \/>\n<script type=\"application\/ld+json\" class=\"yoast-schema-graph\">{\"@context\":\"https:\/\/schema.org\",\"@graph\":[{\"@type\":\"WebSite\",\"@id\":\"https:\/\/trans-tex.pl\/#website\",\"url\":\"https:\/\/trans-tex.pl\/\",\"name\":\"Trans-Tex Producent dzianin i tkanin\",\"description\":\"\",\"potentialAction\":[{\"@type\":\"SearchAction\",\"target\":{\"@type\":\"EntryPoint\",\"urlTemplate\":\"https:\/\/trans-tex.pl\/?s={search_term_string}\"},\"query-input\":\"required name=search_term_string\"}],\"inLanguage\":\"pl-PL\"},{\"@type\":\"ImageObject\",\"@id\":\"https:\/\/trans-tex.pl\/?page_id=1201&lang=en#primaryimage\",\"inLanguage\":\"pl-PL\",\"url\":\"https:\/\/trans-tex.pl\/wp-content\/uploads\/2020\/05\/noun-mattress-2275221-2.svg\",\"contentUrl\":\"https:\/\/trans-tex.pl\/wp-content\/uploads\/2020\/05\/noun-mattress-2275221-2.svg\"},{\"@type\":\"WebPage\",\"@id\":\"https:\/\/trans-tex.pl\/?page_id=1201&lang=en#webpage\",\"url\":\"https:\/\/trans-tex.pl\/?page_id=1201&lang=en\",\"name\":\"Quilted fabrics - Tkaniny pikowane na kurtki - materia\u0142 - Watolina producent\",\"isPartOf\":{\"@id\":\"https:\/\/trans-tex.pl\/#website\"},\"primaryImageOfPage\":{\"@id\":\"https:\/\/trans-tex.pl\/?page_id=1201&lang=en#primaryimage\"},\"datePublished\":\"2023-01-30T11:17:42+00:00\",\"dateModified\":\"2023-01-30T11:29:09+00:00\",\"description\":\"Trans-Tex - Producent dzianin i tkanin dla przemys\u0142u. W naszej ofercie \u2714\ufe0f dzianiny pikowane najwy\u017cszej jako\u015bci potwierdzone certyfikatami. Sprawd\u017a!\",\"breadcrumb\":{\"@id\":\"https:\/\/trans-tex.pl\/?page_id=1201&lang=en#breadcrumb\"},\"inLanguage\":\"pl-PL\",\"potentialAction\":[{\"@type\":\"ReadAction\",\"target\":[\"https:\/\/trans-tex.pl\/?page_id=1201&lang=en\"]}]},{\"@type\":\"BreadcrumbList\",\"@id\":\"https:\/\/trans-tex.pl\/?page_id=1201&lang=en#breadcrumb\",\"itemListElement\":[{\"@type\":\"ListItem\",\"position\":1,\"name\":\"Strona g\u0142\u00f3wna\",\"item\":\"https:\/\/trans-tex.pl\/\"},{\"@type\":\"ListItem\",\"position\":2,\"name\":\"Quilted fabrics\"}]}]}<\/script>\n<!-- \/ Yoast SEO plugin. -->","yoast_head_json":{"title":"Quilted fabrics - Tkaniny pikowane na kurtki - materia\u0142 - Watolina producent","description":"Trans-Tex - Producent dzianin i tkanin dla przemys\u0142u. W naszej ofercie \u2714\ufe0f dzianiny pikowane najwy\u017cszej jako\u015bci potwierdzone certyfikatami. Sprawd\u017a!","robots":{"index":"index","follow":"follow","max-snippet":"max-snippet:-1","max-image-preview":"max-image-preview:large","max-video-preview":"max-video-preview:-1"},"canonical":"https:\/\/trans-tex.pl\/?page_id=1201&lang=en","og_locale":"pl_PL","og_type":"article","og_title":"Quilted fabrics - Tkaniny pikowane na kurtki - materia\u0142 - Watolina producent","og_description":"Trans-Tex - Producent dzianin i tkanin dla przemys\u0142u. W naszej ofercie \u2714\ufe0f dzianiny pikowane najwy\u017cszej jako\u015bci potwierdzone certyfikatami. Sprawd\u017a!","og_url":"https:\/\/trans-tex.pl\/?page_id=1201&lang=en","og_site_name":"Trans-Tex Producent dzianin i tkanin","article_modified_time":"2023-01-30T11:29:09+00:00","og_image":[{"url":"https:\/\/trans-tex.pl\/wp-content\/uploads\/2020\/05\/noun-mattress-2275221-2.svg"}],"twitter_card":"summary_large_image","twitter_misc":{"Szacowany czas czytania":"2 minuty"},"schema":{"@context":"https:\/\/schema.org","@graph":[{"@type":"WebSite","@id":"https:\/\/trans-tex.pl\/#website","url":"https:\/\/trans-tex.pl\/","name":"Trans-Tex Producent dzianin i tkanin","description":"","potentialAction":[{"@type":"SearchAction","target":{"@type":"EntryPoint","urlTemplate":"https:\/\/trans-tex.pl\/?s={search_term_string}"},"query-input":"required name=search_term_string"}],"inLanguage":"pl-PL"},{"@type":"ImageObject","@id":"https:\/\/trans-tex.pl\/?page_id=1201&lang=en#primaryimage","inLanguage":"pl-PL","url":"https:\/\/trans-tex.pl\/wp-content\/uploads\/2020\/05\/noun-mattress-2275221-2.svg","contentUrl":"https:\/\/trans-tex.pl\/wp-content\/uploads\/2020\/05\/noun-mattress-2275221-2.svg"},{"@type":"WebPage","@id":"https:\/\/trans-tex.pl\/?page_id=1201&lang=en#webpage","url":"https:\/\/trans-tex.pl\/?page_id=1201&lang=en","name":"Quilted fabrics - Tkaniny pikowane na kurtki - materia\u0142 - Watolina producent","isPartOf":{"@id":"https:\/\/trans-tex.pl\/#website"},"primaryImageOfPage":{"@id":"https:\/\/trans-tex.pl\/?page_id=1201&lang=en#primaryimage"},"datePublished":"2023-01-30T11:17:42+00:00","dateModified":"2023-01-30T11:29:09+00:00","description":"Trans-Tex - Producent dzianin i tkanin dla przemys\u0142u. W naszej ofercie \u2714\ufe0f dzianiny pikowane najwy\u017cszej jako\u015bci potwierdzone certyfikatami. Sprawd\u017a!","breadcrumb":{"@id":"https:\/\/trans-tex.pl\/?page_id=1201&lang=en#breadcrumb"},"inLanguage":"pl-PL","potentialAction":[{"@type":"ReadAction","target":["https:\/\/trans-tex.pl\/?page_id=1201&lang=en"]}]},{"@type":"BreadcrumbList","@id":"https:\/\/trans-tex.pl\/?page_id=1201&lang=en#breadcrumb","itemListElement":[{"@type":"ListItem","position":1,"name":"Strona g\u0142\u00f3wna","item":"https:\/\/trans-tex.pl\/"},{"@type":"ListItem","position":2,"name":"Quilted fabrics"}]}]}},"_links":{"self":[{"href":"https:\/\/trans-tex.pl\/index.php?rest_route=\/wp\/v2\/pages\/1201"}],"collection":[{"href":"https:\/\/trans-tex.pl\/index.php?rest_route=\/wp\/v2\/pages"}],"about":[{"href":"https:\/\/trans-tex.pl\/index.php?rest_route=\/wp\/v2\/types\/page"}],"author":[{"embeddable":true,"href":"https:\/\/trans-tex.pl\/index.php?rest_route=\/wp\/v2\/users\/6"}],"replies":[{"embeddable":true,"href":"https:\/\/trans-tex.pl\/index.php?rest_route=%2Fwp%2Fv2%2Fcomments&post=1201"}],"version-history":[{"count":3,"href":"https:\/\/trans-tex.pl\/index.php?rest_route=\/wp\/v2\/pages\/1201\/revisions"}],"predecessor-version":[{"id":1204,"href":"https:\/\/trans-tex.pl\/index.php?rest_route=\/wp\/v2\/pages\/1201\/revisions\/1204"}],"wp:attachment":[{"href":"https:\/\/trans-tex.pl\/index.php?rest_route=%2Fwp%2Fv2%2Fmedia&parent=1201"}],"curies":[{"name":"wp","href":"https:\/\/api.w.org\/{rel}","templated":true}]}}