{"id":1198,"date":"2023-01-30T12:08:16","date_gmt":"2023-01-30T11:08:16","guid":{"rendered":"https:\/\/trans-tex.pl\/?page_id=1198"},"modified":"2023-01-30T12:14:34","modified_gmt":"2023-01-30T11:14:34","slug":"jersey-fabrics","status":"publish","type":"page","link":"https:\/\/trans-tex.pl\/?page_id=1198&lang=en","title":{"rendered":"Jersey fabrics"},"content":{"rendered":"<p><img decoding=\"async\" class=\"textiles-two-section__icon\" style=\"margin: 30px 20px 10px 30px;\" src=\"https:\/\/trans-tex.pl\/wp-content\/uploads\/2020\/05\/noun-bacteria-2836408-1.svg\" alt=\"Dzianiny jersey\" \/><span style=\"font-size: 18px; font-weight: bold;\">Jersey fabrics<\/span><\/p>\n<p style=\"margin: 30px 20px 10px 30px;\">Jersey fabrics are among the most practical and versatile materials. Cotton jersey, composed of 95% cotton and 5% elastane, or jersey with added polyester, are the most popular types. The major application of jersey is clothing, as it offers great possibilities of dyeing and application of even intricate designs.<\/p>\n<p style=\"margin: 30px 20px 10px 30px;\">Jersey is mostly used in classic t-shirts and long sleeves. In such a case, depending on the customer, jersey is produced with the addition of polyester, which significantly improves the strength of the finished clothing item while also reducing the production cost.<\/p>\n<p style=\"margin: 30px 20px 10px 30px;\">Classic cotton jersey is ideally suited for underwear items (sleeveless shirts, briefs), bedclothes, bedsheets (including bedspreads) as well as all items of clothing and accessories for children from day one. Elastane content may be increased to obtain better elasticity of a given fabric and better comfort of wearing clothes close to the skin, especially in underwear.<\/p>\n<p style=\"margin: 30px 20px 10px 30px;\">Due to the simple and natural content and attractive designs available, cotton jersey is very often used at home in DIY projects.<\/p>\n<h2 style=\"margin: 30px 20px 10px 30px;\"><strong> Mattress jersey &#8211; top quality <\/strong><\/h2>\n<p style=\"margin: 30px 20px 10px 30px;\">Trans-Tex portfolio covers the broad variety of mattress jerseys, the basic material used in furniture industry. As the name suggests, it is mostly used to cover bed mattresses, in the form of a cover with zipper that may be removed and washed.<\/p>\n<p style=\"margin: 30px 20px 10px 30px;\">Mattress jersey is a very soft, elastic, quilted fabric with wadding that improves the top layer softness, further enhancing the comfort of using specific mattress. Also used in the manufacture of pillows, armchairs and all kinds of leisure furniture &#8211; depending on customer\u2019s needs.<strong><br \/>\n<\/strong><\/p>\n<p style=\"margin: 30px 20px 10px 30px;\">Production capacity of Trans-Tex with regard to jersey is very high and versatile. Our fabrics are available in a weight range of 120 to 1500 g\/m2; we also provide almost unlimited design potential. Fabrics may be produced using all natural fibres as well as artificial and synthetic fibres, to ensure that fabric properties are as required by the customer.<\/p>\n<p style=\"margin: 30px 20px 10px 30px;\">Our knitted fabrics may feature additional desirable properties, especially as regards mattress covers. Such properties include antibacterial, electrical or thermal insulation properties, high air permeability, fast drying, fragrance, and even the addition of aloe vera.<\/p>\n","protected":false},"excerpt":{"rendered":"<p>Jersey fabrics Jersey fabrics are among the most practical and versatile materials. Cotton jersey, composed of 95% cotton and 5%<\/p>\n<div><a class=\"read-more-blog-button\" href=\"https:\/\/trans-tex.pl\/?page_id=1198&#038;lang=en\"><span>Czytaj ca\u0142o\u015b\u0107 <img decoding=\"async\" src=\"\/wp-content\/uploads\/2020\/05\/path-copy-2.svg\"><\/span><\/a><\/div>\n","protected":false},"author":6,"featured_media":0,"parent":0,"menu_order":0,"comment_status":"closed","ping_status":"closed","template":"","meta":{"footnotes":""},"yoast_head":"<!-- This site is optimized with the Yoast SEO plugin v18.6 - https:\/\/yoast.com\/wordpress\/plugins\/seo\/ -->\n<title>Jersey materacowy - Jersey fabrics - Trans-Tex Producent dzianin i tkanin<\/title>\n<meta name=\"description\" content=\"Trans-Tex - Producent dzianin i tkanin dla przemys\u0142u. W naszej ofercie \u2705 dzianiny jersey najwy\u017cszej jako\u015bci potwierdzone certyfikatami. Sprawd\u017a!\" \/>\n<meta name=\"robots\" content=\"index, follow, max-snippet:-1, max-image-preview:large, max-video-preview:-1\" \/>\n<link rel=\"canonical\" href=\"https:\/\/trans-tex.pl\/?page_id=1198&#038;lang=en\" \/>\n<meta property=\"og:locale\" content=\"pl_PL\" \/>\n<meta property=\"og:type\" content=\"article\" \/>\n<meta property=\"og:title\" content=\"Jersey materacowy - Jersey fabrics - Trans-Tex Producent dzianin i tkanin\" \/>\n<meta property=\"og:description\" content=\"Trans-Tex - Producent dzianin i tkanin dla przemys\u0142u. W naszej ofercie \u2705 dzianiny jersey najwy\u017cszej jako\u015bci potwierdzone certyfikatami. Sprawd\u017a!\" \/>\n<meta property=\"og:url\" content=\"https:\/\/trans-tex.pl\/?page_id=1198&amp;lang=en\" \/>\n<meta property=\"og:site_name\" content=\"Trans-Tex Producent dzianin i tkanin\" \/>\n<meta property=\"article:modified_time\" content=\"2023-01-30T11:14:34+00:00\" \/>\n<meta property=\"og:image\" content=\"https:\/\/trans-tex.pl\/wp-content\/uploads\/2020\/05\/noun-bacteria-2836408-1.svg\" \/>\n<meta name=\"twitter:card\" content=\"summary_large_image\" \/>\n<meta name=\"twitter:label1\" content=\"Szacowany czas czytania\" \/>\n\t<meta name=\"twitter:data1\" content=\"2 minuty\" \/>\n<script type=\"application\/ld+json\" class=\"yoast-schema-graph\">{\"@context\":\"https:\/\/schema.org\",\"@graph\":[{\"@type\":\"WebSite\",\"@id\":\"https:\/\/trans-tex.pl\/#website\",\"url\":\"https:\/\/trans-tex.pl\/\",\"name\":\"Trans-Tex Producent dzianin i tkanin\",\"description\":\"\",\"potentialAction\":[{\"@type\":\"SearchAction\",\"target\":{\"@type\":\"EntryPoint\",\"urlTemplate\":\"https:\/\/trans-tex.pl\/?s={search_term_string}\"},\"query-input\":\"required name=search_term_string\"}],\"inLanguage\":\"pl-PL\"},{\"@type\":\"ImageObject\",\"@id\":\"https:\/\/trans-tex.pl\/?page_id=1198&lang=en#primaryimage\",\"inLanguage\":\"pl-PL\",\"url\":\"https:\/\/trans-tex.pl\/wp-content\/uploads\/2020\/05\/noun-bacteria-2836408-1.svg\",\"contentUrl\":\"https:\/\/trans-tex.pl\/wp-content\/uploads\/2020\/05\/noun-bacteria-2836408-1.svg\"},{\"@type\":\"WebPage\",\"@id\":\"https:\/\/trans-tex.pl\/?page_id=1198&lang=en#webpage\",\"url\":\"https:\/\/trans-tex.pl\/?page_id=1198&lang=en\",\"name\":\"Jersey materacowy - Jersey fabrics - Trans-Tex Producent dzianin i tkanin\",\"isPartOf\":{\"@id\":\"https:\/\/trans-tex.pl\/#website\"},\"primaryImageOfPage\":{\"@id\":\"https:\/\/trans-tex.pl\/?page_id=1198&lang=en#primaryimage\"},\"datePublished\":\"2023-01-30T11:08:16+00:00\",\"dateModified\":\"2023-01-30T11:14:34+00:00\",\"description\":\"Trans-Tex - Producent dzianin i tkanin dla przemys\u0142u. W naszej ofercie \u2705 dzianiny jersey najwy\u017cszej jako\u015bci potwierdzone certyfikatami. Sprawd\u017a!\",\"breadcrumb\":{\"@id\":\"https:\/\/trans-tex.pl\/?page_id=1198&lang=en#breadcrumb\"},\"inLanguage\":\"pl-PL\",\"potentialAction\":[{\"@type\":\"ReadAction\",\"target\":[\"https:\/\/trans-tex.pl\/?page_id=1198&lang=en\"]}]},{\"@type\":\"BreadcrumbList\",\"@id\":\"https:\/\/trans-tex.pl\/?page_id=1198&lang=en#breadcrumb\",\"itemListElement\":[{\"@type\":\"ListItem\",\"position\":1,\"name\":\"Strona g\u0142\u00f3wna\",\"item\":\"https:\/\/trans-tex.pl\/\"},{\"@type\":\"ListItem\",\"position\":2,\"name\":\"Jersey fabrics\"}]}]}<\/script>\n<!-- \/ Yoast SEO plugin. -->","yoast_head_json":{"title":"Jersey materacowy - Jersey fabrics - Trans-Tex Producent dzianin i tkanin","description":"Trans-Tex - Producent dzianin i tkanin dla przemys\u0142u. W naszej ofercie \u2705 dzianiny jersey najwy\u017cszej jako\u015bci potwierdzone certyfikatami. Sprawd\u017a!","robots":{"index":"index","follow":"follow","max-snippet":"max-snippet:-1","max-image-preview":"max-image-preview:large","max-video-preview":"max-video-preview:-1"},"canonical":"https:\/\/trans-tex.pl\/?page_id=1198&lang=en","og_locale":"pl_PL","og_type":"article","og_title":"Jersey materacowy - Jersey fabrics - Trans-Tex Producent dzianin i tkanin","og_description":"Trans-Tex - Producent dzianin i tkanin dla przemys\u0142u. W naszej ofercie \u2705 dzianiny jersey najwy\u017cszej jako\u015bci potwierdzone certyfikatami. Sprawd\u017a!","og_url":"https:\/\/trans-tex.pl\/?page_id=1198&lang=en","og_site_name":"Trans-Tex Producent dzianin i tkanin","article_modified_time":"2023-01-30T11:14:34+00:00","og_image":[{"url":"https:\/\/trans-tex.pl\/wp-content\/uploads\/2020\/05\/noun-bacteria-2836408-1.svg"}],"twitter_card":"summary_large_image","twitter_misc":{"Szacowany czas czytania":"2 minuty"},"schema":{"@context":"https:\/\/schema.org","@graph":[{"@type":"WebSite","@id":"https:\/\/trans-tex.pl\/#website","url":"https:\/\/trans-tex.pl\/","name":"Trans-Tex Producent dzianin i tkanin","description":"","potentialAction":[{"@type":"SearchAction","target":{"@type":"EntryPoint","urlTemplate":"https:\/\/trans-tex.pl\/?s={search_term_string}"},"query-input":"required name=search_term_string"}],"inLanguage":"pl-PL"},{"@type":"ImageObject","@id":"https:\/\/trans-tex.pl\/?page_id=1198&lang=en#primaryimage","inLanguage":"pl-PL","url":"https:\/\/trans-tex.pl\/wp-content\/uploads\/2020\/05\/noun-bacteria-2836408-1.svg","contentUrl":"https:\/\/trans-tex.pl\/wp-content\/uploads\/2020\/05\/noun-bacteria-2836408-1.svg"},{"@type":"WebPage","@id":"https:\/\/trans-tex.pl\/?page_id=1198&lang=en#webpage","url":"https:\/\/trans-tex.pl\/?page_id=1198&lang=en","name":"Jersey materacowy - Jersey fabrics - Trans-Tex Producent dzianin i tkanin","isPartOf":{"@id":"https:\/\/trans-tex.pl\/#website"},"primaryImageOfPage":{"@id":"https:\/\/trans-tex.pl\/?page_id=1198&lang=en#primaryimage"},"datePublished":"2023-01-30T11:08:16+00:00","dateModified":"2023-01-30T11:14:34+00:00","description":"Trans-Tex - Producent dzianin i tkanin dla przemys\u0142u. W naszej ofercie \u2705 dzianiny jersey najwy\u017cszej jako\u015bci potwierdzone certyfikatami. Sprawd\u017a!","breadcrumb":{"@id":"https:\/\/trans-tex.pl\/?page_id=1198&lang=en#breadcrumb"},"inLanguage":"pl-PL","potentialAction":[{"@type":"ReadAction","target":["https:\/\/trans-tex.pl\/?page_id=1198&lang=en"]}]},{"@type":"BreadcrumbList","@id":"https:\/\/trans-tex.pl\/?page_id=1198&lang=en#breadcrumb","itemListElement":[{"@type":"ListItem","position":1,"name":"Strona g\u0142\u00f3wna","item":"https:\/\/trans-tex.pl\/"},{"@type":"ListItem","position":2,"name":"Jersey fabrics"}]}]}},"_links":{"self":[{"href":"https:\/\/trans-tex.pl\/index.php?rest_route=\/wp\/v2\/pages\/1198"}],"collection":[{"href":"https:\/\/trans-tex.pl\/index.php?rest_route=\/wp\/v2\/pages"}],"about":[{"href":"https:\/\/trans-tex.pl\/index.php?rest_route=\/wp\/v2\/types\/page"}],"author":[{"embeddable":true,"href":"https:\/\/trans-tex.pl\/index.php?rest_route=\/wp\/v2\/users\/6"}],"replies":[{"embeddable":true,"href":"https:\/\/trans-tex.pl\/index.php?rest_route=%2Fwp%2Fv2%2Fcomments&post=1198"}],"version-history":[{"count":2,"href":"https:\/\/trans-tex.pl\/index.php?rest_route=\/wp\/v2\/pages\/1198\/revisions"}],"predecessor-version":[{"id":1200,"href":"https:\/\/trans-tex.pl\/index.php?rest_route=\/wp\/v2\/pages\/1198\/revisions\/1200"}],"wp:attachment":[{"href":"https:\/\/trans-tex.pl\/index.php?rest_route=%2Fwp%2Fv2%2Fmedia&parent=1198"}],"curies":[{"name":"wp","href":"https:\/\/api.w.org\/{rel}","templated":true}]}}