{"id":1183,"date":"2023-01-30T11:51:01","date_gmt":"2023-01-30T10:51:01","guid":{"rendered":"https:\/\/trans-tex.pl\/?page_id=1183"},"modified":"2023-01-30T11:54:30","modified_gmt":"2023-01-30T10:54:30","slug":"cotton-diagonal-fabric","status":"publish","type":"page","link":"https:\/\/trans-tex.pl\/?page_id=1183&lang=en","title":{"rendered":"Cotton diagonal fabric"},"content":{"rendered":"<p><img decoding=\"async\" class=\"textiles-two-section__icon\" style=\"margin: 30px 20px 10px 30px;\" src=\"https:\/\/trans-tex.pl\/wp-content\/uploads\/2020\/05\/noun-furniture-1047926.svg\" alt=\"Diagonal bawe\u0142niany\" \/><span style=\"font-size: 18px; font-weight: bold;\">Cotton diagonal fabric<\/span><\/p>\n<p class=\"p1\" style=\"margin-right: 30px; margin-left: 30px;\"><strong>Diagonal fabric<\/strong> \u2013 a material featuring a clear transversal wave in the form of stripes, significantly clearer on the right side. Diagonal weave is elastic in both directions. Such elasticity can be further enhanced by the addition of elastic fibres in various compositions.<\/p>\n<p class=\"p2\" style=\"margin-right: 30px; margin-left: 30px;\">Depending on the use of various types of fibres and production processes, <strong>diagonal fabric<\/strong> may have stripes more or less pronounced, and therefore visible, on both sides. This significantly affects the decorative properties of the material and its applications. A clearly projecting weave may lead to discomfort in clothing made from such fabric, but it will make a great material for decorative curtains, throws or pillows.<\/p>\n<h2 style=\"margin-right: 30px; margin-left: 30px;\">Cotton diagonal fabric \u2013 not only work clothes<\/h2>\n<p class=\"p1\" style=\"margin-right: 30px; margin-left: 30px;\">Regardless of composition, diagonal fabric features a very tight weave producing no gaps even when the fabric is extended.<\/p>\n<p class=\"p2\" style=\"margin-right: 30px; margin-left: 30px;\">Diagonal fabrics may be made using various fibres or their blends, depending on type and purpose:<\/p>\n<ul class=\"ul1\">\n<li class=\"li3\"><strong>viscose diagonal<\/strong> \u2013 viscose fibres are best combined with polyamide or polyester, which improves the strength of finished products and reduces their susceptibility to crumpling. Good material for outerwear, such as jackets, dresses, skirts, as well as curtains and other interior decoration items;<\/li>\n<li class=\"li3\"><strong>wool diagonal<\/strong> &#8211; wool fibres are mostly combined with polyester fibres. The addition of synthetic fibres significantly improves wool resistance to tear and crumpling, which makes finished products look much cleaner. Wool diagonal is suitable for smart jackets, skirts, dresses, throws and decorative pillows;<\/li>\n<li class=\"li4\"><strong>cotton diagonal<\/strong> \u2013 cotton is a strong fibre that has high hygroscopic properties and highlights structural patterns; in addition, finished products with high cotton content are easy in treatment and care. Ideal material for protective and work clothing, but also (depending on thickness) for light coats, jackets, skirts, dresses, curtains and all interior decoration items.<\/li>\n<\/ul>\n","protected":false},"excerpt":{"rendered":"<p>Cotton diagonal fabric Diagonal fabric \u2013 a material featuring a clear transversal wave in the form of stripes, significantly clearer<\/p>\n<div><a class=\"read-more-blog-button\" href=\"https:\/\/trans-tex.pl\/?page_id=1183&#038;lang=en\"><span>Czytaj ca\u0142o\u015b\u0107 <img decoding=\"async\" src=\"\/wp-content\/uploads\/2020\/05\/path-copy-2.svg\"><\/span><\/a><\/div>\n","protected":false},"author":6,"featured_media":0,"parent":0,"menu_order":0,"comment_status":"closed","ping_status":"closed","template":"","meta":{"footnotes":""},"yoast_head":"<!-- This site is optimized with the Yoast SEO plugin v18.6 - https:\/\/yoast.com\/wordpress\/plugins\/seo\/ -->\n<title>Cotton diagonal fabric - Dzianina diagonal - materia\u0142 - Trans-Tex<\/title>\n<meta name=\"description\" content=\"Trans-Tex - Producent dzianin i tkanin dla przemys\u0142u. W naszej ofercie \u2705 diagonal bawe\u0142niany najwy\u017cszej jako\u015bci potwierdzony certyfikatami. Sprawd\u017a!\" \/>\n<meta name=\"robots\" content=\"index, follow, max-snippet:-1, max-image-preview:large, max-video-preview:-1\" \/>\n<link rel=\"canonical\" href=\"https:\/\/trans-tex.pl\/?page_id=1183&#038;lang=en\" \/>\n<meta property=\"og:locale\" content=\"pl_PL\" \/>\n<meta property=\"og:type\" content=\"article\" \/>\n<meta property=\"og:title\" content=\"Cotton diagonal fabric - Dzianina diagonal - materia\u0142 - Trans-Tex\" \/>\n<meta property=\"og:description\" content=\"Trans-Tex - Producent dzianin i tkanin dla przemys\u0142u. W naszej ofercie \u2705 diagonal bawe\u0142niany najwy\u017cszej jako\u015bci potwierdzony certyfikatami. Sprawd\u017a!\" \/>\n<meta property=\"og:url\" content=\"https:\/\/trans-tex.pl\/?page_id=1183&amp;lang=en\" \/>\n<meta property=\"og:site_name\" content=\"Trans-Tex Producent dzianin i tkanin\" \/>\n<meta property=\"article:modified_time\" content=\"2023-01-30T10:54:30+00:00\" \/>\n<meta property=\"og:image\" content=\"https:\/\/trans-tex.pl\/wp-content\/uploads\/2020\/05\/noun-furniture-1047926.svg\" \/>\n<meta name=\"twitter:card\" content=\"summary_large_image\" \/>\n<meta name=\"twitter:label1\" content=\"Szacowany czas czytania\" \/>\n\t<meta name=\"twitter:data1\" content=\"2 minuty\" \/>\n<script type=\"application\/ld+json\" class=\"yoast-schema-graph\">{\"@context\":\"https:\/\/schema.org\",\"@graph\":[{\"@type\":\"WebSite\",\"@id\":\"https:\/\/trans-tex.pl\/#website\",\"url\":\"https:\/\/trans-tex.pl\/\",\"name\":\"Trans-Tex Producent dzianin i tkanin\",\"description\":\"\",\"potentialAction\":[{\"@type\":\"SearchAction\",\"target\":{\"@type\":\"EntryPoint\",\"urlTemplate\":\"https:\/\/trans-tex.pl\/?s={search_term_string}\"},\"query-input\":\"required name=search_term_string\"}],\"inLanguage\":\"pl-PL\"},{\"@type\":\"ImageObject\",\"@id\":\"https:\/\/trans-tex.pl\/?page_id=1183&lang=en#primaryimage\",\"inLanguage\":\"pl-PL\",\"url\":\"https:\/\/trans-tex.pl\/wp-content\/uploads\/2020\/05\/noun-furniture-1047926.svg\",\"contentUrl\":\"https:\/\/trans-tex.pl\/wp-content\/uploads\/2020\/05\/noun-furniture-1047926.svg\"},{\"@type\":\"WebPage\",\"@id\":\"https:\/\/trans-tex.pl\/?page_id=1183&lang=en#webpage\",\"url\":\"https:\/\/trans-tex.pl\/?page_id=1183&lang=en\",\"name\":\"Cotton diagonal fabric - Dzianina diagonal - materia\u0142 - Trans-Tex\",\"isPartOf\":{\"@id\":\"https:\/\/trans-tex.pl\/#website\"},\"primaryImageOfPage\":{\"@id\":\"https:\/\/trans-tex.pl\/?page_id=1183&lang=en#primaryimage\"},\"datePublished\":\"2023-01-30T10:51:01+00:00\",\"dateModified\":\"2023-01-30T10:54:30+00:00\",\"description\":\"Trans-Tex - Producent dzianin i tkanin dla przemys\u0142u. W naszej ofercie \u2705 diagonal bawe\u0142niany najwy\u017cszej jako\u015bci potwierdzony certyfikatami. Sprawd\u017a!\",\"breadcrumb\":{\"@id\":\"https:\/\/trans-tex.pl\/?page_id=1183&lang=en#breadcrumb\"},\"inLanguage\":\"pl-PL\",\"potentialAction\":[{\"@type\":\"ReadAction\",\"target\":[\"https:\/\/trans-tex.pl\/?page_id=1183&lang=en\"]}]},{\"@type\":\"BreadcrumbList\",\"@id\":\"https:\/\/trans-tex.pl\/?page_id=1183&lang=en#breadcrumb\",\"itemListElement\":[{\"@type\":\"ListItem\",\"position\":1,\"name\":\"Strona g\u0142\u00f3wna\",\"item\":\"https:\/\/trans-tex.pl\/\"},{\"@type\":\"ListItem\",\"position\":2,\"name\":\"Cotton diagonal fabric\"}]}]}<\/script>\n<!-- \/ Yoast SEO plugin. -->","yoast_head_json":{"title":"Cotton diagonal fabric - Dzianina diagonal - materia\u0142 - Trans-Tex","description":"Trans-Tex - Producent dzianin i tkanin dla przemys\u0142u. W naszej ofercie \u2705 diagonal bawe\u0142niany najwy\u017cszej jako\u015bci potwierdzony certyfikatami. Sprawd\u017a!","robots":{"index":"index","follow":"follow","max-snippet":"max-snippet:-1","max-image-preview":"max-image-preview:large","max-video-preview":"max-video-preview:-1"},"canonical":"https:\/\/trans-tex.pl\/?page_id=1183&lang=en","og_locale":"pl_PL","og_type":"article","og_title":"Cotton diagonal fabric - Dzianina diagonal - materia\u0142 - Trans-Tex","og_description":"Trans-Tex - Producent dzianin i tkanin dla przemys\u0142u. W naszej ofercie \u2705 diagonal bawe\u0142niany najwy\u017cszej jako\u015bci potwierdzony certyfikatami. Sprawd\u017a!","og_url":"https:\/\/trans-tex.pl\/?page_id=1183&lang=en","og_site_name":"Trans-Tex Producent dzianin i tkanin","article_modified_time":"2023-01-30T10:54:30+00:00","og_image":[{"url":"https:\/\/trans-tex.pl\/wp-content\/uploads\/2020\/05\/noun-furniture-1047926.svg"}],"twitter_card":"summary_large_image","twitter_misc":{"Szacowany czas czytania":"2 minuty"},"schema":{"@context":"https:\/\/schema.org","@graph":[{"@type":"WebSite","@id":"https:\/\/trans-tex.pl\/#website","url":"https:\/\/trans-tex.pl\/","name":"Trans-Tex Producent dzianin i tkanin","description":"","potentialAction":[{"@type":"SearchAction","target":{"@type":"EntryPoint","urlTemplate":"https:\/\/trans-tex.pl\/?s={search_term_string}"},"query-input":"required name=search_term_string"}],"inLanguage":"pl-PL"},{"@type":"ImageObject","@id":"https:\/\/trans-tex.pl\/?page_id=1183&lang=en#primaryimage","inLanguage":"pl-PL","url":"https:\/\/trans-tex.pl\/wp-content\/uploads\/2020\/05\/noun-furniture-1047926.svg","contentUrl":"https:\/\/trans-tex.pl\/wp-content\/uploads\/2020\/05\/noun-furniture-1047926.svg"},{"@type":"WebPage","@id":"https:\/\/trans-tex.pl\/?page_id=1183&lang=en#webpage","url":"https:\/\/trans-tex.pl\/?page_id=1183&lang=en","name":"Cotton diagonal fabric - Dzianina diagonal - materia\u0142 - Trans-Tex","isPartOf":{"@id":"https:\/\/trans-tex.pl\/#website"},"primaryImageOfPage":{"@id":"https:\/\/trans-tex.pl\/?page_id=1183&lang=en#primaryimage"},"datePublished":"2023-01-30T10:51:01+00:00","dateModified":"2023-01-30T10:54:30+00:00","description":"Trans-Tex - Producent dzianin i tkanin dla przemys\u0142u. W naszej ofercie \u2705 diagonal bawe\u0142niany najwy\u017cszej jako\u015bci potwierdzony certyfikatami. Sprawd\u017a!","breadcrumb":{"@id":"https:\/\/trans-tex.pl\/?page_id=1183&lang=en#breadcrumb"},"inLanguage":"pl-PL","potentialAction":[{"@type":"ReadAction","target":["https:\/\/trans-tex.pl\/?page_id=1183&lang=en"]}]},{"@type":"BreadcrumbList","@id":"https:\/\/trans-tex.pl\/?page_id=1183&lang=en#breadcrumb","itemListElement":[{"@type":"ListItem","position":1,"name":"Strona g\u0142\u00f3wna","item":"https:\/\/trans-tex.pl\/"},{"@type":"ListItem","position":2,"name":"Cotton diagonal fabric"}]}]}},"_links":{"self":[{"href":"https:\/\/trans-tex.pl\/index.php?rest_route=\/wp\/v2\/pages\/1183"}],"collection":[{"href":"https:\/\/trans-tex.pl\/index.php?rest_route=\/wp\/v2\/pages"}],"about":[{"href":"https:\/\/trans-tex.pl\/index.php?rest_route=\/wp\/v2\/types\/page"}],"author":[{"embeddable":true,"href":"https:\/\/trans-tex.pl\/index.php?rest_route=\/wp\/v2\/users\/6"}],"replies":[{"embeddable":true,"href":"https:\/\/trans-tex.pl\/index.php?rest_route=%2Fwp%2Fv2%2Fcomments&post=1183"}],"version-history":[{"count":6,"href":"https:\/\/trans-tex.pl\/index.php?rest_route=\/wp\/v2\/pages\/1183\/revisions"}],"predecessor-version":[{"id":1189,"href":"https:\/\/trans-tex.pl\/index.php?rest_route=\/wp\/v2\/pages\/1183\/revisions\/1189"}],"wp:attachment":[{"href":"https:\/\/trans-tex.pl\/index.php?rest_route=%2Fwp%2Fv2%2Fmedia&parent=1183"}],"curies":[{"name":"wp","href":"https:\/\/api.w.org\/{rel}","templated":true}]}}