{"id":1106,"date":"2020-10-13T15:48:55","date_gmt":"2020-10-13T13:48:55","guid":{"rendered":"http:\/\/trans-tex.pl\/?page_id=1106"},"modified":"2020-11-27T10:20:57","modified_gmt":"2020-11-27T09:20:57","slug":"dzianiny-jersey","status":"publish","type":"page","link":"https:\/\/trans-tex.pl\/?page_id=1106","title":{"rendered":"Dzianiny jersey"},"content":{"rendered":"<p><img decoding=\"async\" class=\"textiles-two-section__icon\" style=\"margin: 30px 20px 10px 30px;\" src=\"https:\/\/trans-tex.pl\/wp-content\/uploads\/2020\/05\/noun-bacteria-2836408-1.svg\" alt=\"Dzianiny jersey\" \/><span style=\"font-size: 18px; font-weight: bold;\">Dzianiny jersey<\/span><\/p>\n<p style=\"margin: 30px 20px 10px 30px;\">W\u015br\u00f3d materia\u0142\u00f3w o praktycznym i wszechstronnym zastosowaniu znajdziemy r\u00f3wnie\u017c <strong>dzianiny jersey<\/strong>. Do najbardziej popularnych nale\u017cy jersey bawe\u0142niany, w kt\u00f3rego sk\u0142ad wchodzi 95% bawe\u0142ny i 5% elastanu b\u0105d\u017a jersey z dodatkow\u0105 zawarto\u015bci\u0105 poliestru. Jersey jest najcz\u0119\u015bciej wykorzystywanym na odzie\u017c materia\u0142em oraz daje wspania\u0142e mo\u017cliwo\u015bci barwienia i nanoszenia nawet bardzo misternych wzor\u00f3w.<\/p>\n<p style=\"margin: 30px 20px 10px 30px;\">Najcz\u0119\u015bciej jest to materia\u0142 wykorzystywany do produkcji klasycznych T-shirt\u00f3w, zar\u00f3wno z d\u0142ugim, jak i kr\u00f3tkim r\u0119kawem. W tym przypadku, zale\u017cnie od zleceniodawcy, jersey produkowany jest z dodatkiem poliestru, kt\u00f3ry znacznie wzmacnia wytrzyma\u0142o\u015b\u0107 gotowej odzie\u017cy oraz mo\u017ce obni\u017cy\u0107 koszty jej produkcji.<\/p>\n<p style=\"margin: 30px 20px 10px 30px;\">Klasyczny jersey bawe\u0142niany doskonale nadaje si\u0119 r\u00f3wnie\u017c na bielizn\u0119 (podkoszulki, majtki), odzie\u017c nocn\u0105, komplety po\u015bcieli (\u0142\u0105cznie z prze\u015bcierad\u0142ami) oraz wszelkie ubrania i dodatki dla dzieci od pierwszego dnia \u017cycia. Chc\u0105c uzyska\u0107 wi\u0119kszy stopie\u0144 elastyczno\u015bci danej dzianiny, zw\u0142aszcza w przypadku bielizny, mo\u017cna zwi\u0119kszy\u0107 zawarto\u015b\u0107 elastanu, co znacznie poprawia komfort noszenia przylegaj\u0105cej do cia\u0142a odzie\u017cy.<\/p>\n<p style=\"margin: 30px 20px 10px 30px;\">Ze wzgl\u0119du na sw\u00f3j prosty i naturalny sk\u0142ad, pi\u0119kne wzornictwo, w kt\u00f3rym wyst\u0119puje jersey bawe\u0142niany, stanowi on dzianin\u0119 ch\u0119tnie wykorzystywan\u0105 w cha\u0142upnictwie do projekt\u00f3w DIY (Do It Yourself \u2013 zr\u00f3b to sam).<\/p>\n<h2 style=\"margin: 30px 20px 10px 30px;\"><strong>Jersey materacowy \u2013 najwy\u017csza jako\u015b\u0107<\/strong><\/h2>\n<p style=\"margin: 30px 20px 10px 30px;\">Produkcja firmy Trans-Tex, to bogata oferta na <strong>jersey materacowy<\/strong>, podstawowy materia\u0142 wykorzystywany w przemy\u015ble meblarskim. Jak sama nazwa wskazuje, przede wszystkim jest on dzianin\u0105 pokrywaj\u0105c\u0105 materace \u0142\u00f3\u017ckowe, najcz\u0119\u015bciej jako zapinany na zamek b\u0142yskawiczny pokrowiec, kt\u00f3ry mo\u017cna zdj\u0105\u0107 i upra\u0107.<\/p>\n<p style=\"margin: 30px 20px 10px 30px;\"><strong>Jersey materacowy<\/strong> jest dzianin\u0105 bardzo mi\u0119kk\u0105, elastyczn\u0105 i pikowan\u0105 wraz z owat\u0105, kt\u00f3ra zwi\u0119ksza mi\u0119kko\u015b\u0107 wierzchniej warstwy, tym samym zwi\u0119kszaj\u0105c komfort u\u017cytkowania danego materaca. Poza tym wykorzystywany jest r\u00f3wnie\u017c do produkcji poduszek, foteli oraz wszelkiego rodzaju mebli wypoczynkowych, wszystko zale\u017cy do czego zleceniodawca chce wykorzysta\u0107 dany materia\u0142.<\/p>\n<p style=\"margin: 30px 20px 10px 30px;\">Mo\u017cliwo\u015bci produkcyjne firmy Trans-Tex na <strong>dzianiny jersey<\/strong> s\u0105 bardzo du\u017ce i wszechstronne. Gramatury naszych dzianin to przedzia\u0142 od 120 do 1500 g\/m<sup>2<\/sup>, do tego posiadamy niemal nieograniczone mo\u017cliwo\u015bci wzornicze. Istnieje mo\u017cliwo\u015b\u0107 wykorzystania w produkcji dzianin wszystkich w\u0142\u00f3kien naturalnych oraz w\u0142\u00f3kien sztucznych i syntetycznych, wszystko po to, aby dany materia\u0142 posiada\u0142 w\u0142a\u015bciwo\u015bci potrzebne zleceniodawcy.<\/p>\n<p style=\"margin: 30px 20px 10px 30px;\">Dzianiny naszej produkcji mog\u0105 posiada\u0107 szereg dodatkowych w\u0142a\u015bciwo\u015bci, kt\u00f3re po\u017c\u0105dane s\u0105 zw\u0142aszcza w przypadku pokry\u0107 materacowych. W\u015br\u00f3d nich znajduj\u0105 si\u0119 w\u0142a\u015bciwo\u015bci antybakteryjne, elektro- lub termoizolacja, wysoka przepuszczalno\u015b\u0107 powietrza, w\u0142a\u015bciwo\u015bci szybkoschn\u0105ce, zapachowe, a nawet dodatkowe wzbogacanie w\u0142\u00f3kien poprzez dodatek aloesu.<\/p>\n","protected":false},"excerpt":{"rendered":"<p>Dzianiny jersey W\u015br\u00f3d materia\u0142\u00f3w o praktycznym i wszechstronnym zastosowaniu znajdziemy r\u00f3wnie\u017c dzianiny jersey. Do najbardziej popularnych nale\u017cy jersey bawe\u0142niany, w<\/p>\n<div><a class=\"read-more-blog-button\" href=\"https:\/\/trans-tex.pl\/?page_id=1106\"><span>Czytaj ca\u0142o\u015b\u0107 <img decoding=\"async\" src=\"\/wp-content\/uploads\/2020\/05\/path-copy-2.svg\"><\/span><\/a><\/div>\n","protected":false},"author":1,"featured_media":0,"parent":0,"menu_order":0,"comment_status":"closed","ping_status":"closed","template":"","meta":{"footnotes":""},"yoast_head":"<!-- This site is optimized with the Yoast SEO plugin v18.6 - https:\/\/yoast.com\/wordpress\/plugins\/seo\/ -->\n<title>Jersey materacowy - Dzianiny jersey - Trans-Tex Producent dzianin i tkanin<\/title>\n<meta name=\"description\" content=\"Trans-Tex - Producent dzianin i tkanin dla przemys\u0142u. W naszej ofercie \u2705 dzianiny jersey najwy\u017cszej jako\u015bci potwierdzone certyfikatami. Sprawd\u017a!\" \/>\n<meta name=\"robots\" content=\"index, follow, max-snippet:-1, max-image-preview:large, max-video-preview:-1\" \/>\n<link rel=\"canonical\" href=\"https:\/\/trans-tex.pl\/?page_id=1106\" \/>\n<meta property=\"og:locale\" content=\"pl_PL\" \/>\n<meta property=\"og:type\" content=\"article\" \/>\n<meta property=\"og:title\" content=\"Jersey materacowy - Dzianiny jersey - Trans-Tex Producent dzianin i tkanin\" \/>\n<meta property=\"og:description\" content=\"Trans-Tex - Producent dzianin i tkanin dla przemys\u0142u. W naszej ofercie \u2705 dzianiny jersey najwy\u017cszej jako\u015bci potwierdzone certyfikatami. Sprawd\u017a!\" \/>\n<meta property=\"og:url\" content=\"https:\/\/trans-tex.pl\/?page_id=1106\" \/>\n<meta property=\"og:site_name\" content=\"Trans-Tex Producent dzianin i tkanin\" \/>\n<meta property=\"article:modified_time\" content=\"2020-11-27T09:20:57+00:00\" \/>\n<meta property=\"og:image\" content=\"https:\/\/trans-tex.pl\/wp-content\/uploads\/2020\/05\/noun-bacteria-2836408-1.svg\" \/>\n<meta name=\"twitter:card\" content=\"summary_large_image\" \/>\n<meta name=\"twitter:label1\" content=\"Szacowany czas czytania\" \/>\n\t<meta name=\"twitter:data1\" content=\"2 minuty\" \/>\n<script type=\"application\/ld+json\" class=\"yoast-schema-graph\">{\"@context\":\"https:\/\/schema.org\",\"@graph\":[{\"@type\":\"WebSite\",\"@id\":\"https:\/\/trans-tex.pl\/#website\",\"url\":\"https:\/\/trans-tex.pl\/\",\"name\":\"Trans-Tex Producent dzianin i tkanin\",\"description\":\"\",\"potentialAction\":[{\"@type\":\"SearchAction\",\"target\":{\"@type\":\"EntryPoint\",\"urlTemplate\":\"https:\/\/trans-tex.pl\/?s={search_term_string}\"},\"query-input\":\"required name=search_term_string\"}],\"inLanguage\":\"pl-PL\"},{\"@type\":\"ImageObject\",\"@id\":\"https:\/\/trans-tex.pl\/?page_id=1106#primaryimage\",\"inLanguage\":\"pl-PL\",\"url\":\"https:\/\/trans-tex.pl\/wp-content\/uploads\/2020\/05\/noun-bacteria-2836408-1.svg\",\"contentUrl\":\"https:\/\/trans-tex.pl\/wp-content\/uploads\/2020\/05\/noun-bacteria-2836408-1.svg\"},{\"@type\":\"WebPage\",\"@id\":\"https:\/\/trans-tex.pl\/?page_id=1106#webpage\",\"url\":\"https:\/\/trans-tex.pl\/?page_id=1106\",\"name\":\"Jersey materacowy - Dzianiny jersey - Trans-Tex Producent dzianin i tkanin\",\"isPartOf\":{\"@id\":\"https:\/\/trans-tex.pl\/#website\"},\"primaryImageOfPage\":{\"@id\":\"https:\/\/trans-tex.pl\/?page_id=1106#primaryimage\"},\"datePublished\":\"2020-10-13T13:48:55+00:00\",\"dateModified\":\"2020-11-27T09:20:57+00:00\",\"description\":\"Trans-Tex - Producent dzianin i tkanin dla przemys\u0142u. W naszej ofercie \u2705 dzianiny jersey najwy\u017cszej jako\u015bci potwierdzone certyfikatami. Sprawd\u017a!\",\"breadcrumb\":{\"@id\":\"https:\/\/trans-tex.pl\/?page_id=1106#breadcrumb\"},\"inLanguage\":\"pl-PL\",\"potentialAction\":[{\"@type\":\"ReadAction\",\"target\":[\"https:\/\/trans-tex.pl\/?page_id=1106\"]}]},{\"@type\":\"BreadcrumbList\",\"@id\":\"https:\/\/trans-tex.pl\/?page_id=1106#breadcrumb\",\"itemListElement\":[{\"@type\":\"ListItem\",\"position\":1,\"name\":\"Strona g\u0142\u00f3wna\",\"item\":\"https:\/\/trans-tex.pl\/\"},{\"@type\":\"ListItem\",\"position\":2,\"name\":\"Dzianiny jersey\"}]}]}<\/script>\n<!-- \/ Yoast SEO plugin. -->","yoast_head_json":{"title":"Jersey materacowy - Dzianiny jersey - Trans-Tex Producent dzianin i tkanin","description":"Trans-Tex - Producent dzianin i tkanin dla przemys\u0142u. W naszej ofercie \u2705 dzianiny jersey najwy\u017cszej jako\u015bci potwierdzone certyfikatami. Sprawd\u017a!","robots":{"index":"index","follow":"follow","max-snippet":"max-snippet:-1","max-image-preview":"max-image-preview:large","max-video-preview":"max-video-preview:-1"},"canonical":"https:\/\/trans-tex.pl\/?page_id=1106","og_locale":"pl_PL","og_type":"article","og_title":"Jersey materacowy - Dzianiny jersey - Trans-Tex Producent dzianin i tkanin","og_description":"Trans-Tex - Producent dzianin i tkanin dla przemys\u0142u. W naszej ofercie \u2705 dzianiny jersey najwy\u017cszej jako\u015bci potwierdzone certyfikatami. Sprawd\u017a!","og_url":"https:\/\/trans-tex.pl\/?page_id=1106","og_site_name":"Trans-Tex Producent dzianin i tkanin","article_modified_time":"2020-11-27T09:20:57+00:00","og_image":[{"url":"https:\/\/trans-tex.pl\/wp-content\/uploads\/2020\/05\/noun-bacteria-2836408-1.svg"}],"twitter_card":"summary_large_image","twitter_misc":{"Szacowany czas czytania":"2 minuty"},"schema":{"@context":"https:\/\/schema.org","@graph":[{"@type":"WebSite","@id":"https:\/\/trans-tex.pl\/#website","url":"https:\/\/trans-tex.pl\/","name":"Trans-Tex Producent dzianin i tkanin","description":"","potentialAction":[{"@type":"SearchAction","target":{"@type":"EntryPoint","urlTemplate":"https:\/\/trans-tex.pl\/?s={search_term_string}"},"query-input":"required name=search_term_string"}],"inLanguage":"pl-PL"},{"@type":"ImageObject","@id":"https:\/\/trans-tex.pl\/?page_id=1106#primaryimage","inLanguage":"pl-PL","url":"https:\/\/trans-tex.pl\/wp-content\/uploads\/2020\/05\/noun-bacteria-2836408-1.svg","contentUrl":"https:\/\/trans-tex.pl\/wp-content\/uploads\/2020\/05\/noun-bacteria-2836408-1.svg"},{"@type":"WebPage","@id":"https:\/\/trans-tex.pl\/?page_id=1106#webpage","url":"https:\/\/trans-tex.pl\/?page_id=1106","name":"Jersey materacowy - Dzianiny jersey - Trans-Tex Producent dzianin i tkanin","isPartOf":{"@id":"https:\/\/trans-tex.pl\/#website"},"primaryImageOfPage":{"@id":"https:\/\/trans-tex.pl\/?page_id=1106#primaryimage"},"datePublished":"2020-10-13T13:48:55+00:00","dateModified":"2020-11-27T09:20:57+00:00","description":"Trans-Tex - Producent dzianin i tkanin dla przemys\u0142u. W naszej ofercie \u2705 dzianiny jersey najwy\u017cszej jako\u015bci potwierdzone certyfikatami. Sprawd\u017a!","breadcrumb":{"@id":"https:\/\/trans-tex.pl\/?page_id=1106#breadcrumb"},"inLanguage":"pl-PL","potentialAction":[{"@type":"ReadAction","target":["https:\/\/trans-tex.pl\/?page_id=1106"]}]},{"@type":"BreadcrumbList","@id":"https:\/\/trans-tex.pl\/?page_id=1106#breadcrumb","itemListElement":[{"@type":"ListItem","position":1,"name":"Strona g\u0142\u00f3wna","item":"https:\/\/trans-tex.pl\/"},{"@type":"ListItem","position":2,"name":"Dzianiny jersey"}]}]}},"_links":{"self":[{"href":"https:\/\/trans-tex.pl\/index.php?rest_route=\/wp\/v2\/pages\/1106"}],"collection":[{"href":"https:\/\/trans-tex.pl\/index.php?rest_route=\/wp\/v2\/pages"}],"about":[{"href":"https:\/\/trans-tex.pl\/index.php?rest_route=\/wp\/v2\/types\/page"}],"author":[{"embeddable":true,"href":"https:\/\/trans-tex.pl\/index.php?rest_route=\/wp\/v2\/users\/1"}],"replies":[{"embeddable":true,"href":"https:\/\/trans-tex.pl\/index.php?rest_route=%2Fwp%2Fv2%2Fcomments&post=1106"}],"version-history":[{"count":2,"href":"https:\/\/trans-tex.pl\/index.php?rest_route=\/wp\/v2\/pages\/1106\/revisions"}],"predecessor-version":[{"id":1111,"href":"https:\/\/trans-tex.pl\/index.php?rest_route=\/wp\/v2\/pages\/1106\/revisions\/1111"}],"wp:attachment":[{"href":"https:\/\/trans-tex.pl\/index.php?rest_route=%2Fwp%2Fv2%2Fmedia&parent=1106"}],"curies":[{"name":"wp","href":"https:\/\/api.w.org\/{rel}","templated":true}]}}