{"id":1104,"date":"2020-10-13T15:42:14","date_gmt":"2020-10-13T13:42:14","guid":{"rendered":"http:\/\/trans-tex.pl\/?page_id=1104"},"modified":"2020-10-14T09:06:51","modified_gmt":"2020-10-14T07:06:51","slug":"dzianiny-trykotowe","status":"publish","type":"page","link":"https:\/\/trans-tex.pl\/?page_id=1104","title":{"rendered":"Dzianiny trykotowe"},"content":{"rendered":"<p><img decoding=\"async\" class=\"textiles-two-section__icon\" style=\"margin: 30px 20px 10px 30px;\" src=\"https:\/\/trans-tex.pl\/wp-content\/uploads\/2020\/05\/noun-introlig-2140357.svg\" alt=\"Dzianiny trykotowe\" \/><span style=\"font-size: 18px; font-weight: bold;\">Dzianiny trykotowe<\/span><\/p>\n<p style=\"margin: 30px 20px 10px 30px;\">Dzianiny, jak na przyk\u0142ad <strong>trykot<\/strong>, to jeden z lepszych wynalazk\u00f3w ludzko\u015bci. Pozwalaj\u0105 cieszy\u0107 si\u0119 niezwyk\u0142\u0105 wygod\u0105 i swobod\u0105 ruch\u00f3w, przy jednoczesnej ochronie naszego cia\u0142a przed niekorzystnymi warunkami panuj\u0105cymi na zewn\u0105trz. Dzianiny s\u0105 materia\u0142ami, kt\u00f3re \u201epracuj\u0105\u201d i zawsze wracaj\u0105 do swojego pierwotnego kszta\u0142tu, a wi\u0119c sprawdzaj\u0105 si\u0119 wsz\u0119dzie tam, gdzie wyst\u0119puje znaczny ruch.<\/p>\n<p style=\"margin: 30px 20px 10px 30px;\">Tak jak tkaniny, dzianiny r\u00f3wnie\u017c posiadaj\u0105 podzia\u0142 na swoiste kategorie, wed\u0142ug kt\u00f3rych wyznacza si\u0119 ich przydatno\u015b\u0107 i wykorzystanie. Dzianina <strong>trykot<\/strong> jest do\u015b\u0107 cienkim materia\u0142em o splocie, kt\u00f3ry nadaje mu elastyczno\u015bci w obu kierunkach. Najcz\u0119\u015bciej jest wykorzystywany w przemy\u015ble odzie\u017cowym do szycia bielizny \u2013 majtek, podkoszulek, pi\u017cam, a przede wszystkim do produkcji odzie\u017cy sportowej.<\/p>\n<p style=\"margin: 30px 20px 10px 30px;\">Na bielizn\u0119 najbardziej po\u017c\u0105danym jest <strong>trykot <\/strong>bawe\u0142niany lub bambusowy; mo\u017ce by\u0107 z kilkoma procentami poliestru b\u0105d\u017a elastanu. Odzie\u017c sportowa cz\u0119\u015bciej szyta jest z dzianiny poliestrowej, kt\u00f3ra charakteryzuje wi\u0119ksz\u0105 trwa\u0142o\u015bci\u0105.<\/p>\n<h2 style=\"margin: 30px 20px 10px 30px;\"><strong>Trykot w przemy\u015ble<\/strong><\/h2>\n<p style=\"margin: 30px 20px 10px 30px;\">Dzianina ta wykorzystywana jest jeszcze jako tzw. <strong>trykot podbiciowy<\/strong>. Jego funkcja jest podobna do funkcji podszewki, jednak integruje si\u0119 go z g\u0142\u00f3wnym materia\u0142em wierzchnim poprzez sklejanie obu warstw, zszywanie, b\u0105d\u017a w przypadku w\u0142\u00f3kien syntetycznych &#8211; przez zgrzewanie na gor\u0105co.<\/p>\n<p style=\"margin: 30px 20px 10px 30px;\"><strong>Trykot podbiciowy <\/strong>pe\u0142ni niemal identyczn\u0105 funkcj\u0119 jak wigofil (flizelina), jednak jego przewag\u0105 jest du\u017ca elastyczno\u015b\u0107 i wytrzyma\u0142o\u015b\u0107 na rozci\u0105ganie oraz mo\u017cliwo\u015b\u0107 prania w wysokich temperaturach. Wykorzystywany jest zar\u00f3wno w przemy\u015ble odzie\u017cowym, jak i obuwniczym, bieli\u017aniarskim (w biustonoszach), a nawet meblarskim. Bez problemu daje si\u0119 barwi\u0107 na wszystkie kolory oraz pozwala nanosi\u0107 na siebie misterne wzory.<\/p>\n","protected":false},"excerpt":{"rendered":"<p>Dzianiny trykotowe Dzianiny, jak na przyk\u0142ad trykot, to jeden z lepszych wynalazk\u00f3w ludzko\u015bci. Pozwalaj\u0105 cieszy\u0107 si\u0119 niezwyk\u0142\u0105 wygod\u0105 i swobod\u0105<\/p>\n<div><a class=\"read-more-blog-button\" href=\"https:\/\/trans-tex.pl\/?page_id=1104\"><span>Czytaj ca\u0142o\u015b\u0107 <img decoding=\"async\" src=\"\/wp-content\/uploads\/2020\/05\/path-copy-2.svg\"><\/span><\/a><\/div>\n","protected":false},"author":1,"featured_media":0,"parent":0,"menu_order":0,"comment_status":"closed","ping_status":"closed","template":"","meta":{"footnotes":""},"yoast_head":"<!-- This site is optimized with the Yoast SEO plugin v18.6 - https:\/\/yoast.com\/wordpress\/plugins\/seo\/ -->\n<title>Dzianiny trykotowe - Trans-Tex Producent dzianin i tkanin<\/title>\n<meta name=\"description\" content=\"Trans-Tex - Producent dzianin i tkanin dla przemys\u0142u. W naszej ofercie \u2705 dzianiny trykotowe najwy\u017cszej jako\u015bci potwierdzone certyfikatami. Sprawd\u017a!\" \/>\n<meta name=\"robots\" content=\"index, follow, max-snippet:-1, max-image-preview:large, max-video-preview:-1\" \/>\n<link rel=\"canonical\" href=\"https:\/\/trans-tex.pl\/?page_id=1104\" \/>\n<meta property=\"og:locale\" content=\"pl_PL\" \/>\n<meta property=\"og:type\" content=\"article\" \/>\n<meta property=\"og:title\" content=\"Dzianiny trykotowe - Trans-Tex Producent dzianin i tkanin\" \/>\n<meta property=\"og:description\" content=\"Trans-Tex - Producent dzianin i tkanin dla przemys\u0142u. W naszej ofercie \u2705 dzianiny trykotowe najwy\u017cszej jako\u015bci potwierdzone certyfikatami. Sprawd\u017a!\" \/>\n<meta property=\"og:url\" content=\"https:\/\/trans-tex.pl\/?page_id=1104\" \/>\n<meta property=\"og:site_name\" content=\"Trans-Tex Producent dzianin i tkanin\" \/>\n<meta property=\"article:modified_time\" content=\"2020-10-14T07:06:51+00:00\" \/>\n<meta property=\"og:image\" content=\"https:\/\/trans-tex.pl\/wp-content\/uploads\/2020\/05\/noun-introlig-2140357.svg\" \/>\n<meta name=\"twitter:card\" content=\"summary_large_image\" \/>\n<meta name=\"twitter:label1\" content=\"Szacowany czas czytania\" \/>\n\t<meta name=\"twitter:data1\" content=\"1 minuta\" \/>\n<script type=\"application\/ld+json\" class=\"yoast-schema-graph\">{\"@context\":\"https:\/\/schema.org\",\"@graph\":[{\"@type\":\"WebSite\",\"@id\":\"https:\/\/trans-tex.pl\/#website\",\"url\":\"https:\/\/trans-tex.pl\/\",\"name\":\"Trans-Tex Producent dzianin i tkanin\",\"description\":\"\",\"potentialAction\":[{\"@type\":\"SearchAction\",\"target\":{\"@type\":\"EntryPoint\",\"urlTemplate\":\"https:\/\/trans-tex.pl\/?s={search_term_string}\"},\"query-input\":\"required name=search_term_string\"}],\"inLanguage\":\"pl-PL\"},{\"@type\":\"ImageObject\",\"@id\":\"https:\/\/trans-tex.pl\/?page_id=1104#primaryimage\",\"inLanguage\":\"pl-PL\",\"url\":\"https:\/\/trans-tex.pl\/wp-content\/uploads\/2020\/05\/noun-introlig-2140357.svg\",\"contentUrl\":\"https:\/\/trans-tex.pl\/wp-content\/uploads\/2020\/05\/noun-introlig-2140357.svg\"},{\"@type\":\"WebPage\",\"@id\":\"https:\/\/trans-tex.pl\/?page_id=1104#webpage\",\"url\":\"https:\/\/trans-tex.pl\/?page_id=1104\",\"name\":\"Dzianiny trykotowe - Trans-Tex Producent dzianin i tkanin\",\"isPartOf\":{\"@id\":\"https:\/\/trans-tex.pl\/#website\"},\"primaryImageOfPage\":{\"@id\":\"https:\/\/trans-tex.pl\/?page_id=1104#primaryimage\"},\"datePublished\":\"2020-10-13T13:42:14+00:00\",\"dateModified\":\"2020-10-14T07:06:51+00:00\",\"description\":\"Trans-Tex - Producent dzianin i tkanin dla przemys\u0142u. W naszej ofercie \u2705 dzianiny trykotowe najwy\u017cszej jako\u015bci potwierdzone certyfikatami. Sprawd\u017a!\",\"breadcrumb\":{\"@id\":\"https:\/\/trans-tex.pl\/?page_id=1104#breadcrumb\"},\"inLanguage\":\"pl-PL\",\"potentialAction\":[{\"@type\":\"ReadAction\",\"target\":[\"https:\/\/trans-tex.pl\/?page_id=1104\"]}]},{\"@type\":\"BreadcrumbList\",\"@id\":\"https:\/\/trans-tex.pl\/?page_id=1104#breadcrumb\",\"itemListElement\":[{\"@type\":\"ListItem\",\"position\":1,\"name\":\"Strona g\u0142\u00f3wna\",\"item\":\"https:\/\/trans-tex.pl\/\"},{\"@type\":\"ListItem\",\"position\":2,\"name\":\"Dzianiny trykotowe\"}]}]}<\/script>\n<!-- \/ Yoast SEO plugin. -->","yoast_head_json":{"title":"Dzianiny trykotowe - Trans-Tex Producent dzianin i tkanin","description":"Trans-Tex - Producent dzianin i tkanin dla przemys\u0142u. W naszej ofercie \u2705 dzianiny trykotowe najwy\u017cszej jako\u015bci potwierdzone certyfikatami. Sprawd\u017a!","robots":{"index":"index","follow":"follow","max-snippet":"max-snippet:-1","max-image-preview":"max-image-preview:large","max-video-preview":"max-video-preview:-1"},"canonical":"https:\/\/trans-tex.pl\/?page_id=1104","og_locale":"pl_PL","og_type":"article","og_title":"Dzianiny trykotowe - Trans-Tex Producent dzianin i tkanin","og_description":"Trans-Tex - Producent dzianin i tkanin dla przemys\u0142u. W naszej ofercie \u2705 dzianiny trykotowe najwy\u017cszej jako\u015bci potwierdzone certyfikatami. Sprawd\u017a!","og_url":"https:\/\/trans-tex.pl\/?page_id=1104","og_site_name":"Trans-Tex Producent dzianin i tkanin","article_modified_time":"2020-10-14T07:06:51+00:00","og_image":[{"url":"https:\/\/trans-tex.pl\/wp-content\/uploads\/2020\/05\/noun-introlig-2140357.svg"}],"twitter_card":"summary_large_image","twitter_misc":{"Szacowany czas czytania":"1 minuta"},"schema":{"@context":"https:\/\/schema.org","@graph":[{"@type":"WebSite","@id":"https:\/\/trans-tex.pl\/#website","url":"https:\/\/trans-tex.pl\/","name":"Trans-Tex Producent dzianin i tkanin","description":"","potentialAction":[{"@type":"SearchAction","target":{"@type":"EntryPoint","urlTemplate":"https:\/\/trans-tex.pl\/?s={search_term_string}"},"query-input":"required name=search_term_string"}],"inLanguage":"pl-PL"},{"@type":"ImageObject","@id":"https:\/\/trans-tex.pl\/?page_id=1104#primaryimage","inLanguage":"pl-PL","url":"https:\/\/trans-tex.pl\/wp-content\/uploads\/2020\/05\/noun-introlig-2140357.svg","contentUrl":"https:\/\/trans-tex.pl\/wp-content\/uploads\/2020\/05\/noun-introlig-2140357.svg"},{"@type":"WebPage","@id":"https:\/\/trans-tex.pl\/?page_id=1104#webpage","url":"https:\/\/trans-tex.pl\/?page_id=1104","name":"Dzianiny trykotowe - Trans-Tex Producent dzianin i tkanin","isPartOf":{"@id":"https:\/\/trans-tex.pl\/#website"},"primaryImageOfPage":{"@id":"https:\/\/trans-tex.pl\/?page_id=1104#primaryimage"},"datePublished":"2020-10-13T13:42:14+00:00","dateModified":"2020-10-14T07:06:51+00:00","description":"Trans-Tex - Producent dzianin i tkanin dla przemys\u0142u. W naszej ofercie \u2705 dzianiny trykotowe najwy\u017cszej jako\u015bci potwierdzone certyfikatami. Sprawd\u017a!","breadcrumb":{"@id":"https:\/\/trans-tex.pl\/?page_id=1104#breadcrumb"},"inLanguage":"pl-PL","potentialAction":[{"@type":"ReadAction","target":["https:\/\/trans-tex.pl\/?page_id=1104"]}]},{"@type":"BreadcrumbList","@id":"https:\/\/trans-tex.pl\/?page_id=1104#breadcrumb","itemListElement":[{"@type":"ListItem","position":1,"name":"Strona g\u0142\u00f3wna","item":"https:\/\/trans-tex.pl\/"},{"@type":"ListItem","position":2,"name":"Dzianiny trykotowe"}]}]}},"_links":{"self":[{"href":"https:\/\/trans-tex.pl\/index.php?rest_route=\/wp\/v2\/pages\/1104"}],"collection":[{"href":"https:\/\/trans-tex.pl\/index.php?rest_route=\/wp\/v2\/pages"}],"about":[{"href":"https:\/\/trans-tex.pl\/index.php?rest_route=\/wp\/v2\/types\/page"}],"author":[{"embeddable":true,"href":"https:\/\/trans-tex.pl\/index.php?rest_route=\/wp\/v2\/users\/1"}],"replies":[{"embeddable":true,"href":"https:\/\/trans-tex.pl\/index.php?rest_route=%2Fwp%2Fv2%2Fcomments&post=1104"}],"version-history":[{"count":1,"href":"https:\/\/trans-tex.pl\/index.php?rest_route=\/wp\/v2\/pages\/1104\/revisions"}],"predecessor-version":[{"id":1105,"href":"https:\/\/trans-tex.pl\/index.php?rest_route=\/wp\/v2\/pages\/1104\/revisions\/1105"}],"wp:attachment":[{"href":"https:\/\/trans-tex.pl\/index.php?rest_route=%2Fwp%2Fv2%2Fmedia&parent=1104"}],"curies":[{"name":"wp","href":"https:\/\/api.w.org\/{rel}","templated":true}]}}