{"id":1100,"date":"2020-10-13T15:37:01","date_gmt":"2020-10-13T13:37:01","guid":{"rendered":"http:\/\/trans-tex.pl\/?page_id=1100"},"modified":"2022-08-09T09:10:45","modified_gmt":"2022-08-09T07:10:45","slug":"tkanin-poliestrowe","status":"publish","type":"page","link":"https:\/\/trans-tex.pl\/?page_id=1100","title":{"rendered":"Tkaniny poliestrowe"},"content":{"rendered":"<p><img decoding=\"async\" class=\"textiles-two-section__icon\" style=\"margin: 30px 20px 10px 30px;\" src=\"https:\/\/trans-tex.pl\/wp-content\/uploads\/2020\/05\/noun-mattress-2275221-1.svg\" alt=\"tkaniny poliesterowe\" \/><span style=\"font-size: 18px; font-weight: bold;\">Tkaniny poliestrowe<\/span><\/p>\n<p style=\"margin: 30px 20px 10px 30px;\">Zar\u00f3wno tkaniny, jak i dzianiny, towarzysz\u0105 cz\u0142owiekowi w ka\u017cdej dziedzinie. Chroni\u0105 nasze cia\u0142a przed niekorzystnymi warunkami atmosferycznymi, przed zagro\u017ceniami obecnymi w danym \u015brodowisku pracy, ale te\u017c poprawiaj\u0105 komfort wykonywania codziennych czynno\u015bci. Firma Trans-Tex jako <strong>producent tkanin poliestrowych<\/strong> oraz tkanin z w\u0142\u00f3kien naturalnych i sztucznych stara si\u0119, by codzienne u\u017cytkowanie naszych wyrob\u00f3w by\u0142o nie tylko funkcjonalne, ale te\u017c przyjemne.<\/p>\n<p style=\"margin: 30px 20px 10px 30px;\">Tkaniny poliestrowe charakteryzuj\u0105 si\u0119 stosunkowo nisk\u0105 cen\u0105 oraz niemal nieograniczonymi mo\u017cliwo\u015bciami wykorzystania. Mo\u017cna nadawa\u0107 im szereg niezwykle praktycznych i po\u017cytecznych w\u0142a\u015bciwo\u015bci po\u017c\u0105danych w codziennym \u017cyciu oraz w trudnych warunkach pracy. To materia\u0142y niezwykle odporne na blakni\u0119cie, zar\u00f3wno pod wp\u0142ywem dzia\u0142ania promieni s\u0142onecznych, jak i wielokrotnego prania. Bez problemu daj\u0105 si\u0119 barwi\u0107 na wszystkie kolory oraz wzory. Nie ima si\u0119 ich ple\u015b\u0144 ani insekty. Poza tym w\u0142\u00f3kna poliestru stanowi\u0105 cz\u0119sty dodatek do w\u0142\u00f3kien naturalnych, aby je wzmocni\u0107 i przed\u0142u\u017cy\u0107 ich trwa\u0142o\u015b\u0107.<\/p>\n<h2 style=\"margin: 30px 20px 10px 30px;\"><strong>Wykorzystanie tkanin poliestrowych<\/strong><\/h2>\n<p style=\"margin: 30px 20px 10px 30px;\">Mo\u017cliwo\u015bci produkcyjne oraz dziedziny, w kt\u00f3rych wykorzystuje si\u0119 tkaniny poliestrowe, s\u0105 niemal\u017ce nieograniczone, gdy\u017c ca\u0142y czas pracuje si\u0119 nad nowymi technologiami, dzi\u0119ki kt\u00f3rym b\u0119dzie mo\u017cna nadawa\u0107 tkaninom kolejne, nowe i lepsze w\u0142a\u015bciwo\u015bci.<\/p>\n<p style=\"margin: 30px 20px 10px 30px;\"><strong>Producent tkanin poliestrowych<\/strong> firma Trans-Tex stara si\u0119, aby produkty wychodz\u0105ce z tkalni by\u0142y najwy\u017cszej jako\u015bci i \u015bci\u015ble odzwierciedla\u0142y potrzeby ka\u017cdego klienta. Posiadamy mo\u017cliwo\u015bci produkowania tkanin z w\u0142\u00f3kien poliestrowych i nadawania im r\u00f3\u017cnych w\u0142a\u015bciwo\u015bci, np.:<\/p>\n<ul>\n<li><strong>nieprzemakalno\u015bci<\/strong> \u2013 g\u0142\u00f3wnie polega to na pokrywaniu tkaniny specjaln\u0105 apretur\u0105, kt\u00f3ra nie dopuszcza do przemakania i wch\u0142aniania wody. Technologia po\u017c\u0105dana w przypadku tkanin przeznaczonych do produkcji plecak\u00f3w, toreb, kurtek na ka\u017cd\u0105 por\u0119 roku, p\u0142aszczy przeciwdeszczowych, pokrowc\u00f3w oraz niekt\u00f3rej odzie\u017cy roboczej;<\/li>\n<li><strong>oddychalno\u015bci<\/strong> \u2013 jako materia\u0142 ca\u0142kowicie syntetyczny poliester o zwartej strukturze nie ma tendencji do przepuszczania powietrza, je\u015bli chcemy aby by\u0142 on przeznaczony na odzie\u017c, zw\u0142aszcza sportow\u0105, nale\u017cy nada\u0107 mu cechy, dzi\u0119ki kt\u00f3rym stanie si\u0119 tkanin\u0105 odpowiednio przewiewn\u0105 i ochronn\u0105 za razem;<\/li>\n<li><strong>trudnopalno\u015bci<\/strong> \u2013 to w\u0142a\u015bciwo\u015bci po\u017c\u0105dane w przypadku odzie\u017cy roboczej specjalnego przeznaczenia, r\u00f3wnie\u017c w\u015br\u00f3d tkanin przeznaczonych na kurtyny i niekt\u00f3re zas\u0142ony.<\/li>\n<\/ul>\n<p style=\"margin: 30px 20px 10px 30px;\">Jako producent posiadamy mo\u017cliwo\u015bci nadawania tkaninom wielu r\u00f3\u017cnorodnych funkcji i w\u0142a\u015bciwo\u015bci wed\u0142ug zlece\u0144 klient\u00f3w. Jeste\u015bmy dumni, gdy udaje nam si\u0119 zaspokoi\u0107 wszystkie potrzeby i zadowoli\u0107 ka\u017cdego. Tkaniny poliestrowe produkujemy r\u00f3wnie\u017c w wersji pikowanej dwu- lub trzywarstwowe, z owat\u0105 r\u00f3\u017cnej grubo\u015bci. Staramy si\u0119 zaspokoi\u0107 potrzeby ka\u017cdej ga\u0142\u0119zi przemys\u0142u, odpowiednio dopasowuj\u0105c produkcj\u0119.<\/p>\n","protected":false},"excerpt":{"rendered":"<p>Tkaniny poliestrowe Zar\u00f3wno tkaniny, jak i dzianiny, towarzysz\u0105 cz\u0142owiekowi w ka\u017cdej dziedzinie. Chroni\u0105 nasze cia\u0142a przed niekorzystnymi warunkami atmosferycznymi, przed<\/p>\n<div><a class=\"read-more-blog-button\" href=\"https:\/\/trans-tex.pl\/?page_id=1100\"><span>Czytaj ca\u0142o\u015b\u0107 <img decoding=\"async\" src=\"\/wp-content\/uploads\/2020\/05\/path-copy-2.svg\"><\/span><\/a><\/div>\n","protected":false},"author":1,"featured_media":0,"parent":0,"menu_order":0,"comment_status":"closed","ping_status":"closed","template":"","meta":{"footnotes":""},"yoast_head":"<!-- This site is optimized with the Yoast SEO plugin v18.6 - https:\/\/yoast.com\/wordpress\/plugins\/seo\/ -->\n<title>Tkaniny poliestrowe - Trans-Tex Producent dzianin i tkanin<\/title>\n<meta name=\"description\" content=\"Trans-Tex - Producent dzianin i tkanin dla przemys\u0142u. W naszej ofercie \u2705 tkaniny poliestrowe najwy\u017cszej jako\u015bci potwierdzone certyfikatami. Sprawd\u017a!\" \/>\n<meta name=\"robots\" content=\"index, follow, max-snippet:-1, max-image-preview:large, max-video-preview:-1\" \/>\n<link rel=\"canonical\" href=\"https:\/\/trans-tex.pl\/?page_id=1100\" \/>\n<meta property=\"og:locale\" content=\"pl_PL\" \/>\n<meta property=\"og:type\" content=\"article\" \/>\n<meta property=\"og:title\" content=\"Tkaniny poliestrowe - Trans-Tex Producent dzianin i tkanin\" \/>\n<meta property=\"og:description\" content=\"Trans-Tex - Producent dzianin i tkanin dla przemys\u0142u. W naszej ofercie \u2705 tkaniny poliestrowe najwy\u017cszej jako\u015bci potwierdzone certyfikatami. Sprawd\u017a!\" \/>\n<meta property=\"og:url\" content=\"https:\/\/trans-tex.pl\/?page_id=1100\" \/>\n<meta property=\"og:site_name\" content=\"Trans-Tex Producent dzianin i tkanin\" \/>\n<meta property=\"article:modified_time\" content=\"2022-08-09T07:10:45+00:00\" \/>\n<meta property=\"og:image\" content=\"https:\/\/trans-tex.pl\/wp-content\/uploads\/2020\/05\/noun-mattress-2275221-1.svg\" \/>\n<meta name=\"twitter:card\" content=\"summary_large_image\" \/>\n<meta name=\"twitter:label1\" content=\"Szacowany czas czytania\" \/>\n\t<meta name=\"twitter:data1\" content=\"2 minuty\" \/>\n<script type=\"application\/ld+json\" class=\"yoast-schema-graph\">{\"@context\":\"https:\/\/schema.org\",\"@graph\":[{\"@type\":\"WebSite\",\"@id\":\"https:\/\/trans-tex.pl\/#website\",\"url\":\"https:\/\/trans-tex.pl\/\",\"name\":\"Trans-Tex Producent dzianin i tkanin\",\"description\":\"\",\"potentialAction\":[{\"@type\":\"SearchAction\",\"target\":{\"@type\":\"EntryPoint\",\"urlTemplate\":\"https:\/\/trans-tex.pl\/?s={search_term_string}\"},\"query-input\":\"required name=search_term_string\"}],\"inLanguage\":\"pl-PL\"},{\"@type\":\"ImageObject\",\"@id\":\"https:\/\/trans-tex.pl\/?page_id=1100#primaryimage\",\"inLanguage\":\"pl-PL\",\"url\":\"https:\/\/trans-tex.pl\/wp-content\/uploads\/2020\/05\/noun-mattress-2275221-1.svg\",\"contentUrl\":\"https:\/\/trans-tex.pl\/wp-content\/uploads\/2020\/05\/noun-mattress-2275221-1.svg\"},{\"@type\":\"WebPage\",\"@id\":\"https:\/\/trans-tex.pl\/?page_id=1100#webpage\",\"url\":\"https:\/\/trans-tex.pl\/?page_id=1100\",\"name\":\"Tkaniny poliestrowe - Trans-Tex Producent dzianin i tkanin\",\"isPartOf\":{\"@id\":\"https:\/\/trans-tex.pl\/#website\"},\"primaryImageOfPage\":{\"@id\":\"https:\/\/trans-tex.pl\/?page_id=1100#primaryimage\"},\"datePublished\":\"2020-10-13T13:37:01+00:00\",\"dateModified\":\"2022-08-09T07:10:45+00:00\",\"description\":\"Trans-Tex - Producent dzianin i tkanin dla przemys\u0142u. W naszej ofercie \u2705 tkaniny poliestrowe najwy\u017cszej jako\u015bci potwierdzone certyfikatami. Sprawd\u017a!\",\"breadcrumb\":{\"@id\":\"https:\/\/trans-tex.pl\/?page_id=1100#breadcrumb\"},\"inLanguage\":\"pl-PL\",\"potentialAction\":[{\"@type\":\"ReadAction\",\"target\":[\"https:\/\/trans-tex.pl\/?page_id=1100\"]}]},{\"@type\":\"BreadcrumbList\",\"@id\":\"https:\/\/trans-tex.pl\/?page_id=1100#breadcrumb\",\"itemListElement\":[{\"@type\":\"ListItem\",\"position\":1,\"name\":\"Strona g\u0142\u00f3wna\",\"item\":\"https:\/\/trans-tex.pl\/\"},{\"@type\":\"ListItem\",\"position\":2,\"name\":\"Tkaniny poliestrowe\"}]}]}<\/script>\n<!-- \/ Yoast SEO plugin. -->","yoast_head_json":{"title":"Tkaniny poliestrowe - Trans-Tex Producent dzianin i tkanin","description":"Trans-Tex - Producent dzianin i tkanin dla przemys\u0142u. W naszej ofercie \u2705 tkaniny poliestrowe najwy\u017cszej jako\u015bci potwierdzone certyfikatami. Sprawd\u017a!","robots":{"index":"index","follow":"follow","max-snippet":"max-snippet:-1","max-image-preview":"max-image-preview:large","max-video-preview":"max-video-preview:-1"},"canonical":"https:\/\/trans-tex.pl\/?page_id=1100","og_locale":"pl_PL","og_type":"article","og_title":"Tkaniny poliestrowe - Trans-Tex Producent dzianin i tkanin","og_description":"Trans-Tex - Producent dzianin i tkanin dla przemys\u0142u. W naszej ofercie \u2705 tkaniny poliestrowe najwy\u017cszej jako\u015bci potwierdzone certyfikatami. Sprawd\u017a!","og_url":"https:\/\/trans-tex.pl\/?page_id=1100","og_site_name":"Trans-Tex Producent dzianin i tkanin","article_modified_time":"2022-08-09T07:10:45+00:00","og_image":[{"url":"https:\/\/trans-tex.pl\/wp-content\/uploads\/2020\/05\/noun-mattress-2275221-1.svg"}],"twitter_card":"summary_large_image","twitter_misc":{"Szacowany czas czytania":"2 minuty"},"schema":{"@context":"https:\/\/schema.org","@graph":[{"@type":"WebSite","@id":"https:\/\/trans-tex.pl\/#website","url":"https:\/\/trans-tex.pl\/","name":"Trans-Tex Producent dzianin i tkanin","description":"","potentialAction":[{"@type":"SearchAction","target":{"@type":"EntryPoint","urlTemplate":"https:\/\/trans-tex.pl\/?s={search_term_string}"},"query-input":"required name=search_term_string"}],"inLanguage":"pl-PL"},{"@type":"ImageObject","@id":"https:\/\/trans-tex.pl\/?page_id=1100#primaryimage","inLanguage":"pl-PL","url":"https:\/\/trans-tex.pl\/wp-content\/uploads\/2020\/05\/noun-mattress-2275221-1.svg","contentUrl":"https:\/\/trans-tex.pl\/wp-content\/uploads\/2020\/05\/noun-mattress-2275221-1.svg"},{"@type":"WebPage","@id":"https:\/\/trans-tex.pl\/?page_id=1100#webpage","url":"https:\/\/trans-tex.pl\/?page_id=1100","name":"Tkaniny poliestrowe - Trans-Tex Producent dzianin i tkanin","isPartOf":{"@id":"https:\/\/trans-tex.pl\/#website"},"primaryImageOfPage":{"@id":"https:\/\/trans-tex.pl\/?page_id=1100#primaryimage"},"datePublished":"2020-10-13T13:37:01+00:00","dateModified":"2022-08-09T07:10:45+00:00","description":"Trans-Tex - Producent dzianin i tkanin dla przemys\u0142u. W naszej ofercie \u2705 tkaniny poliestrowe najwy\u017cszej jako\u015bci potwierdzone certyfikatami. Sprawd\u017a!","breadcrumb":{"@id":"https:\/\/trans-tex.pl\/?page_id=1100#breadcrumb"},"inLanguage":"pl-PL","potentialAction":[{"@type":"ReadAction","target":["https:\/\/trans-tex.pl\/?page_id=1100"]}]},{"@type":"BreadcrumbList","@id":"https:\/\/trans-tex.pl\/?page_id=1100#breadcrumb","itemListElement":[{"@type":"ListItem","position":1,"name":"Strona g\u0142\u00f3wna","item":"https:\/\/trans-tex.pl\/"},{"@type":"ListItem","position":2,"name":"Tkaniny poliestrowe"}]}]}},"_links":{"self":[{"href":"https:\/\/trans-tex.pl\/index.php?rest_route=\/wp\/v2\/pages\/1100"}],"collection":[{"href":"https:\/\/trans-tex.pl\/index.php?rest_route=\/wp\/v2\/pages"}],"about":[{"href":"https:\/\/trans-tex.pl\/index.php?rest_route=\/wp\/v2\/types\/page"}],"author":[{"embeddable":true,"href":"https:\/\/trans-tex.pl\/index.php?rest_route=\/wp\/v2\/users\/1"}],"replies":[{"embeddable":true,"href":"https:\/\/trans-tex.pl\/index.php?rest_route=%2Fwp%2Fv2%2Fcomments&post=1100"}],"version-history":[{"count":3,"href":"https:\/\/trans-tex.pl\/index.php?rest_route=\/wp\/v2\/pages\/1100\/revisions"}],"predecessor-version":[{"id":1156,"href":"https:\/\/trans-tex.pl\/index.php?rest_route=\/wp\/v2\/pages\/1100\/revisions\/1156"}],"wp:attachment":[{"href":"https:\/\/trans-tex.pl\/index.php?rest_route=%2Fwp%2Fv2%2Fmedia&parent=1100"}],"curies":[{"name":"wp","href":"https:\/\/api.w.org\/{rel}","templated":true}]}}