{"id":1093,"date":"2020-10-13T15:18:29","date_gmt":"2020-10-13T13:18:29","guid":{"rendered":"http:\/\/trans-tex.pl\/?page_id=1093"},"modified":"2021-10-13T11:15:34","modified_gmt":"2021-10-13T09:15:34","slug":"dzianiny-pikowane","status":"publish","type":"page","link":"https:\/\/trans-tex.pl\/?page_id=1093","title":{"rendered":"Dzianiny pikowane"},"content":{"rendered":"<p><img decoding=\"async\" class=\"textiles-two-section__icon\" style=\"margin: 30px 20px 10px 30px;\" src=\"https:\/\/trans-tex.pl\/wp-content\/uploads\/2020\/05\/noun-mattress-2275221-2.svg\" alt=\"Dzianiny pikowane\" \/><span style=\"font-size: 18px; font-weight: bold;\">Dzianiny pikowane<\/span><\/p>\n<p style=\"margin: 30px 20px 10px 30px;\">Dzianiny pikowane czy te\u017c ich potoczna i wszechstronnie u\u017cywana nazwa \u2013 <strong>pik\u00f3wka<\/strong>, to najcz\u0119\u015bciej dwie warstwy materia\u0142u, pomi\u0119dzy kt\u00f3rymi znajduje si\u0119 ocieplina. Grubo\u015b\u0107 owaty uzale\u017cniona jest od przeznaczenia gotowego wyrobu, ale im grubsza, tym widoczniejszy staje si\u0119 wz\u00f3r po przeszyciu, a tym samym sam materia\u0142 jest ozdobniejszy.<\/p>\n<p style=\"margin: 30px 20px 10px 30px;\">Powszechnie u\u017cywane materia\u0142y pikowane wykorzystywane na kurtki zawieraj\u0105 wierzchni\u0105 warstw\u0119 sk\u0142adaj\u0105c\u0105 si\u0119 z tkaniny poliamidowej w grubszej wersji oraz cie\u0144sz\u0105 spodni\u0105 (przewa\u017cnie poliestrow\u0105) stanowi\u0105c\u0105 podszewk\u0119.<\/p>\n<p style=\"margin: 30px 20px 10px 30px;\">Firma Trans-Tex, jako producent tkanin i dzianin, w tym r\u00f3wnie\u017c <strong>pik\u00f3wki<\/strong>, ma mo\u017cliwo\u015b\u0107 produkowania jej w rozmaitych wersjach. Zale\u017cnie od zlecenia i potrzeb ka\u017cdego klienta mo\u017cemy wyprodukowa\u0107 tkaniny lub dzianiny pikowane dwuwarstwowe \u2013 sk\u0142adaj\u0105ce z materia\u0142u wierzchniego oraz ociepliny, b\u0105d\u017a trzywarstwowe \u2013 sk\u0142adaj\u0105ce si\u0119 jeszcze dodatkowo ze spodniego materia\u0142u stanowi\u0105cego podszewk\u0119. Inn\u0105 opcj\u0105 w przypadku pik\u00f3wki tr\u00f3jwarstwowej jest zastosowanie tego samego materia\u0142u (lecz w r\u00f3\u017cnych kolorach) jako warstwy wierzchniej i spodniej, co pozwala na szycie odzie\u017cy (zw\u0142aszcza kurtek) dwustronnej.<\/p>\n<p style=\"margin: 30px 20px 10px 30px;\">Najlepszy efekt materia\u0142\u00f3w pikowanych uzyskuje si\u0119 na tych monochromatycznych, gdy\u017c to przeszycia i wypuk\u0142o\u015bci watoliny stanowi\u0105 element ozdobny. Wychodzimy jednak z za\u0142o\u017cenia, i\u017c to do klienta nale\u017cy ostatnie zdanie i oczywi\u015bcie wykonujemy <strong>pik\u00f3wki<\/strong> r\u00f3wnie\u017c z materia\u0142\u00f3w wzorzystych.<\/p>\n<p style=\"margin: 30px 20px 10px 30px;\">Zale\u017cnie od potrzeb danego zleceniodawcy tkaniny pikowane, zw\u0142aszcza te syntetyczne przeznaczone na odzie\u017c ochronn\u0105, mo\u017cemy dodatkowo wzbogaci\u0107 specjaln\u0105 impregnacj\u0105 odpychaj\u0105c\u0105 pierwsze krople wody. Sprawdza si\u0119 to zw\u0142aszcza w przypadku materia\u0142\u00f3w przeznaczonych na kurtki jesienno-zimowe.<\/p>\n<h2 style=\"margin: 30px 20px 10px 30px;\"><strong>Wykorzystanie materia\u0142\u00f3w pikowanych<\/strong><\/h2>\n<p style=\"margin: 30px 20px 10px 30px;\">Tkaniny lub dzianiny pikowane (<strong>pik\u00f3wki<\/strong>) wykorzystywane s\u0105 przede wszystkim w:<\/p>\n<ul>\n<li>przemy\u015ble odzie\u017cowym \u2013 materia\u0142y pikowane stanowi\u0105 doskona\u0142y p\u00f3\u0142produkt do produkcji wszelkiego rodzaju kurtek. Grubo\u015b\u0107 ociepliny i rodzaj wierzchniego materia\u0142u stanowi\u0105 o tym, na jak\u0105 por\u0119 roku b\u0119dzie dana kurtka przeznaczona. <strong>Pik\u00f3wka<\/strong> dwuwarstwowa, sk\u0142adaj\u0105ca si\u0119 tylko z watoliny i cienkiej tkaniny poliestrowej lub wiskozowej, stanowi materia\u0142 wykorzystywany jako podszewka we wszelkiego rodzaju odzie\u017cy wierzchniej dla dzieci i os\u00f3b doros\u0142ych. Tkaniny pikowane przeznaczone do szycia kurtek mog\u0105 by\u0107 produkowane nie tylko z w\u0142\u00f3kien syntetycznych. Zale\u017cnie od potrzeb klienta ocieplina mo\u017ce by\u0107 przepikowana niemal z ka\u017cdym rodzajem tkaniny lub dzianiny, d\u0105\u017c\u0105c do uzyskania zamierzonego efektu ko\u0144cowego;<\/li>\n<li>wystroju wn\u0119trz \u2013 z <strong>pik\u00f3wki<\/strong> najcz\u0119\u015bciej powstaj\u0105 wszelkiego rodzaju ozdobne narzuty na \u0142\u00f3\u017cka. W przypadku tejsk\u0142adaj\u0105cej si\u0119 z trzech warstw wyka\u0144czane s\u0105 jedynie brzegi; te dwuwarstwowe \u0142\u0105czone s\u0105 z bardziej ozdobnym materia\u0142em wierzchnim. Poza tym powstaj\u0105 z niej ozdobne poduszki, r\u00f3\u017cnego rodzaju pokrowce czy kuchenne akcesoria \u2013 r\u0119kawice ochronne, \u0142apki, ocieplacze na czajniki;<\/li>\n<li>Mo\u017cemy wyprodukowa\u0107 materia\u0142y pikowane przeznaczone r\u00f3wnie\u017c do innych rodzaj\u00f3w przemys\u0142u oraz nie tylko z tkanin syntetycznych, ale r\u00f3wnie\u017c naturalnych. Posiadamy te\u017c niemal nieograniczone mo\u017cliwo\u015bci barwienia oraz nanoszenia wszelkiego rodzaju wzor\u00f3w.<\/li>\n<\/ul>\n","protected":false},"excerpt":{"rendered":"<p>Dzianiny pikowane Dzianiny pikowane czy te\u017c ich potoczna i wszechstronnie u\u017cywana nazwa \u2013 pik\u00f3wka, to najcz\u0119\u015bciej dwie warstwy materia\u0142u, pomi\u0119dzy<\/p>\n<div><a class=\"read-more-blog-button\" href=\"https:\/\/trans-tex.pl\/?page_id=1093\"><span>Czytaj ca\u0142o\u015b\u0107 <img decoding=\"async\" src=\"\/wp-content\/uploads\/2020\/05\/path-copy-2.svg\"><\/span><\/a><\/div>\n","protected":false},"author":1,"featured_media":0,"parent":0,"menu_order":0,"comment_status":"closed","ping_status":"closed","template":"","meta":{"footnotes":""},"yoast_head":"<!-- This site is optimized with the Yoast SEO plugin v18.6 - https:\/\/yoast.com\/wordpress\/plugins\/seo\/ -->\n<title>Dzianiny pikowane - Tkaniny pikowane na kurtki - materia\u0142 - Watolina producent<\/title>\n<meta name=\"description\" content=\"Trans-Tex - Producent dzianin i tkanin dla przemys\u0142u. W naszej ofercie \u2714\ufe0f dzianiny pikowane najwy\u017cszej jako\u015bci potwierdzone certyfikatami. Sprawd\u017a!\" \/>\n<meta name=\"robots\" content=\"index, follow, max-snippet:-1, max-image-preview:large, max-video-preview:-1\" \/>\n<link rel=\"canonical\" href=\"https:\/\/trans-tex.pl\/?page_id=1093\" \/>\n<meta property=\"og:locale\" content=\"pl_PL\" \/>\n<meta property=\"og:type\" content=\"article\" \/>\n<meta property=\"og:title\" content=\"Dzianiny pikowane - Tkaniny pikowane na kurtki - materia\u0142 - Watolina producent\" \/>\n<meta property=\"og:description\" content=\"Trans-Tex - Producent dzianin i tkanin dla przemys\u0142u. W naszej ofercie \u2714\ufe0f dzianiny pikowane najwy\u017cszej jako\u015bci potwierdzone certyfikatami. Sprawd\u017a!\" \/>\n<meta property=\"og:url\" content=\"https:\/\/trans-tex.pl\/?page_id=1093\" \/>\n<meta property=\"og:site_name\" content=\"Trans-Tex Producent dzianin i tkanin\" \/>\n<meta property=\"article:modified_time\" content=\"2021-10-13T09:15:34+00:00\" \/>\n<meta property=\"og:image\" content=\"https:\/\/trans-tex.pl\/wp-content\/uploads\/2020\/05\/noun-mattress-2275221-2.svg\" \/>\n<meta name=\"twitter:card\" content=\"summary_large_image\" \/>\n<meta name=\"twitter:label1\" content=\"Szacowany czas czytania\" \/>\n\t<meta name=\"twitter:data1\" content=\"2 minuty\" \/>\n<script type=\"application\/ld+json\" class=\"yoast-schema-graph\">{\"@context\":\"https:\/\/schema.org\",\"@graph\":[{\"@type\":\"WebSite\",\"@id\":\"https:\/\/trans-tex.pl\/#website\",\"url\":\"https:\/\/trans-tex.pl\/\",\"name\":\"Trans-Tex Producent dzianin i tkanin\",\"description\":\"\",\"potentialAction\":[{\"@type\":\"SearchAction\",\"target\":{\"@type\":\"EntryPoint\",\"urlTemplate\":\"https:\/\/trans-tex.pl\/?s={search_term_string}\"},\"query-input\":\"required name=search_term_string\"}],\"inLanguage\":\"pl-PL\"},{\"@type\":\"ImageObject\",\"@id\":\"https:\/\/trans-tex.pl\/?page_id=1093#primaryimage\",\"inLanguage\":\"pl-PL\",\"url\":\"https:\/\/trans-tex.pl\/wp-content\/uploads\/2020\/05\/noun-mattress-2275221-2.svg\",\"contentUrl\":\"https:\/\/trans-tex.pl\/wp-content\/uploads\/2020\/05\/noun-mattress-2275221-2.svg\"},{\"@type\":\"WebPage\",\"@id\":\"https:\/\/trans-tex.pl\/?page_id=1093#webpage\",\"url\":\"https:\/\/trans-tex.pl\/?page_id=1093\",\"name\":\"Dzianiny pikowane - Tkaniny pikowane na kurtki - materia\u0142 - Watolina producent\",\"isPartOf\":{\"@id\":\"https:\/\/trans-tex.pl\/#website\"},\"primaryImageOfPage\":{\"@id\":\"https:\/\/trans-tex.pl\/?page_id=1093#primaryimage\"},\"datePublished\":\"2020-10-13T13:18:29+00:00\",\"dateModified\":\"2021-10-13T09:15:34+00:00\",\"description\":\"Trans-Tex - Producent dzianin i tkanin dla przemys\u0142u. W naszej ofercie \u2714\ufe0f dzianiny pikowane najwy\u017cszej jako\u015bci potwierdzone certyfikatami. Sprawd\u017a!\",\"breadcrumb\":{\"@id\":\"https:\/\/trans-tex.pl\/?page_id=1093#breadcrumb\"},\"inLanguage\":\"pl-PL\",\"potentialAction\":[{\"@type\":\"ReadAction\",\"target\":[\"https:\/\/trans-tex.pl\/?page_id=1093\"]}]},{\"@type\":\"BreadcrumbList\",\"@id\":\"https:\/\/trans-tex.pl\/?page_id=1093#breadcrumb\",\"itemListElement\":[{\"@type\":\"ListItem\",\"position\":1,\"name\":\"Strona g\u0142\u00f3wna\",\"item\":\"https:\/\/trans-tex.pl\/\"},{\"@type\":\"ListItem\",\"position\":2,\"name\":\"Dzianiny pikowane\"}]}]}<\/script>\n<!-- \/ Yoast SEO plugin. -->","yoast_head_json":{"title":"Dzianiny pikowane - Tkaniny pikowane na kurtki - materia\u0142 - Watolina producent","description":"Trans-Tex - Producent dzianin i tkanin dla przemys\u0142u. W naszej ofercie \u2714\ufe0f dzianiny pikowane najwy\u017cszej jako\u015bci potwierdzone certyfikatami. Sprawd\u017a!","robots":{"index":"index","follow":"follow","max-snippet":"max-snippet:-1","max-image-preview":"max-image-preview:large","max-video-preview":"max-video-preview:-1"},"canonical":"https:\/\/trans-tex.pl\/?page_id=1093","og_locale":"pl_PL","og_type":"article","og_title":"Dzianiny pikowane - Tkaniny pikowane na kurtki - materia\u0142 - Watolina producent","og_description":"Trans-Tex - Producent dzianin i tkanin dla przemys\u0142u. W naszej ofercie \u2714\ufe0f dzianiny pikowane najwy\u017cszej jako\u015bci potwierdzone certyfikatami. Sprawd\u017a!","og_url":"https:\/\/trans-tex.pl\/?page_id=1093","og_site_name":"Trans-Tex Producent dzianin i tkanin","article_modified_time":"2021-10-13T09:15:34+00:00","og_image":[{"url":"https:\/\/trans-tex.pl\/wp-content\/uploads\/2020\/05\/noun-mattress-2275221-2.svg"}],"twitter_card":"summary_large_image","twitter_misc":{"Szacowany czas czytania":"2 minuty"},"schema":{"@context":"https:\/\/schema.org","@graph":[{"@type":"WebSite","@id":"https:\/\/trans-tex.pl\/#website","url":"https:\/\/trans-tex.pl\/","name":"Trans-Tex Producent dzianin i tkanin","description":"","potentialAction":[{"@type":"SearchAction","target":{"@type":"EntryPoint","urlTemplate":"https:\/\/trans-tex.pl\/?s={search_term_string}"},"query-input":"required name=search_term_string"}],"inLanguage":"pl-PL"},{"@type":"ImageObject","@id":"https:\/\/trans-tex.pl\/?page_id=1093#primaryimage","inLanguage":"pl-PL","url":"https:\/\/trans-tex.pl\/wp-content\/uploads\/2020\/05\/noun-mattress-2275221-2.svg","contentUrl":"https:\/\/trans-tex.pl\/wp-content\/uploads\/2020\/05\/noun-mattress-2275221-2.svg"},{"@type":"WebPage","@id":"https:\/\/trans-tex.pl\/?page_id=1093#webpage","url":"https:\/\/trans-tex.pl\/?page_id=1093","name":"Dzianiny pikowane - Tkaniny pikowane na kurtki - materia\u0142 - Watolina producent","isPartOf":{"@id":"https:\/\/trans-tex.pl\/#website"},"primaryImageOfPage":{"@id":"https:\/\/trans-tex.pl\/?page_id=1093#primaryimage"},"datePublished":"2020-10-13T13:18:29+00:00","dateModified":"2021-10-13T09:15:34+00:00","description":"Trans-Tex - Producent dzianin i tkanin dla przemys\u0142u. W naszej ofercie \u2714\ufe0f dzianiny pikowane najwy\u017cszej jako\u015bci potwierdzone certyfikatami. Sprawd\u017a!","breadcrumb":{"@id":"https:\/\/trans-tex.pl\/?page_id=1093#breadcrumb"},"inLanguage":"pl-PL","potentialAction":[{"@type":"ReadAction","target":["https:\/\/trans-tex.pl\/?page_id=1093"]}]},{"@type":"BreadcrumbList","@id":"https:\/\/trans-tex.pl\/?page_id=1093#breadcrumb","itemListElement":[{"@type":"ListItem","position":1,"name":"Strona g\u0142\u00f3wna","item":"https:\/\/trans-tex.pl\/"},{"@type":"ListItem","position":2,"name":"Dzianiny pikowane"}]}]}},"_links":{"self":[{"href":"https:\/\/trans-tex.pl\/index.php?rest_route=\/wp\/v2\/pages\/1093"}],"collection":[{"href":"https:\/\/trans-tex.pl\/index.php?rest_route=\/wp\/v2\/pages"}],"about":[{"href":"https:\/\/trans-tex.pl\/index.php?rest_route=\/wp\/v2\/types\/page"}],"author":[{"embeddable":true,"href":"https:\/\/trans-tex.pl\/index.php?rest_route=\/wp\/v2\/users\/1"}],"replies":[{"embeddable":true,"href":"https:\/\/trans-tex.pl\/index.php?rest_route=%2Fwp%2Fv2%2Fcomments&post=1093"}],"version-history":[{"count":1,"href":"https:\/\/trans-tex.pl\/index.php?rest_route=\/wp\/v2\/pages\/1093\/revisions"}],"predecessor-version":[{"id":1094,"href":"https:\/\/trans-tex.pl\/index.php?rest_route=\/wp\/v2\/pages\/1093\/revisions\/1094"}],"wp:attachment":[{"href":"https:\/\/trans-tex.pl\/index.php?rest_route=%2Fwp%2Fv2%2Fmedia&parent=1093"}],"curies":[{"name":"wp","href":"https:\/\/api.w.org\/{rel}","templated":true}]}}