{"id":1089,"date":"2020-10-13T15:11:54","date_gmt":"2020-10-13T13:11:54","guid":{"rendered":"http:\/\/trans-tex.pl\/?page_id=1089"},"modified":"2020-10-14T09:13:26","modified_gmt":"2020-10-14T07:13:26","slug":"tkaniny-muslinowe","status":"publish","type":"page","link":"https:\/\/trans-tex.pl\/?page_id=1089","title":{"rendered":"Tkaniny mu\u015blinowe"},"content":{"rendered":"<p><img decoding=\"async\" class=\"textiles-two-section__icon\" style=\"margin: 30px 20px 10px 30px;\" src=\"https:\/\/trans-tex.pl\/wp-content\/uploads\/2020\/05\/noun-textile-2140357.svg\" alt=\"tkanina mu\u015blinowa\" \/><span style=\"font-size: 18px; font-weight: bold;\">Tkaniny mu\u015blinowe<\/span><\/p>\n<p style=\"margin-right: 30px; margin-left: 30px;\">W\u015br\u00f3d materia\u0142\u00f3w, kt\u00f3re uchodz\u0105 za najdelikatniejsze dla sk\u00f3ry, zar\u00f3wno niemowl\u0105t, dzieci, jak i os\u00f3b doros\u0142ych, uznawane s\u0105 <strong>tkaniny mu\u015blinowe<\/strong>. Ich g\u0142\u00f3wnym elementem charakterystycznym jest lu\u017any splot i naturalny sk\u0142ad. Nale\u017cy pami\u0119ta\u0107, i\u017c \u201eprawdziwa\u201d tkanina mu\u015blinowa wyprodukowana jest wy\u0142\u0105cznie z w\u0142\u00f3kien naturalnych, takich jak jedwab, bawe\u0142na, we\u0142na, a nawet len. Ostatnimi czasy dost\u0119pny jest r\u00f3wnie\u017c <strong>mu\u015blin<\/strong> z w\u0142\u00f3kien bambusowych, jednak to w\u0142\u00f3kno sztuczne, a wi\u0119c jego nazwa pozostaje dyskusyjna. R\u00f3wnie\u017c mieszanki r\u00f3\u017cnych w\u0142\u00f3kien nie s\u0105 dopuszczane w klasycznym mu\u015blinie.<\/p>\n<p style=\"margin-right: 30px; margin-left: 30px;\">Szeroko dost\u0119pny i ciesz\u0105cy si\u0119 najwi\u0119ksz\u0105 popularno\u015bci\u0105 zar\u00f3wno jako p\u00f3\u0142produkt do tworzenia odzie\u017cy, dodatk\u00f3w, itp. oraz w\u015br\u00f3d klient\u00f3w indywidualnych, jest <strong>mu\u015blin<\/strong> bawe\u0142niany. Mo\u017ce by\u0107 dwu- lub trzywarstwowy i mimo to, wci\u0105\u017c zachowywa\u0107 swoj\u0105 niezwyk\u0142\u0105 lekko\u015b\u0107 i delikatno\u015b\u0107. Dlatego tak ch\u0119tnie wykorzystywany jest na odzie\u017c letni\u0105, kt\u00f3ra nawet pomimo kilku warstw b\u0119dzie stanowi\u0107 nieobci\u0105\u017caj\u0105c\u0105 ochron\u0119 przed pal\u0105cym s\u0142o\u0144cem, nie powoduj\u0105c przegrzania organizmu.<\/p>\n<p style=\"margin-right: 30px; margin-left: 30px;\">Wszystkie w\u0142\u00f3kna naturalne, z kt\u00f3rych produkowane s\u0105 <strong>tkaniny mu\u015blinowe<\/strong>, posiadaj\u0105 szereg w\u0142a\u015bciwo\u015bci charakterystycznych tylko dla danego w\u0142\u00f3kna, a ich podstawow\u0105 r\u00f3\u017cnic\u0105 b\u0119dzie cena produkcji danego materia\u0142u. <strong>Mu\u015blin<\/strong> jedwabny nale\u017cy bowiem do jednej z najdro\u017cszych tkanin dost\u0119pnych na rynku. Firma Trans-Tex jako producent materia\u0142\u00f3w posiada mo\u017cliwo\u015b\u0107 wyprodukowania ka\u017cdego z rodzaju mu\u015blin\u00f3w, r\u00f3wnie\u017c tych jedwabnych i we\u0142nianych.<\/p>\n<h2 style=\"margin-right: 30px; margin-left: 30px;\"><strong>Tkanin mu\u015blinowe \u2013 rodzaje i zastosowanie<\/strong><\/h2>\n<p style=\"margin-right: 30px; margin-left: 30px;\">Ze wzgl\u0119du na r\u00f3\u017cnorodno\u015b\u0107 w\u0142\u00f3kien, z kt\u00f3rych produkowane s\u0105 <strong>tkaniny mu\u015blinowe<\/strong>, ka\u017cda z nich posiada szereg cech charakterystycznych wy\u0142\u0105cznie dla danego w\u0142\u00f3kna, a nale\u017c\u0105 do nich:<\/p>\n<ul>\n<li><strong>mu\u015blin bawe\u0142niany<\/strong> \u2013 produkowany jest z cienkich i delikatnych w\u0142\u00f3kien bawe\u0142ny; matowy, o przyjemnym chwycie, posiada lekko marszczon\u0105 faktur\u0119. Lu\u017any splot w\u0142\u00f3kien pozwala na doskona\u0142\u0105 cyrkulacj\u0119 powietrza nawet w przypadku mu\u015blinu sk\u0142adaj\u0105cego si\u0119 z trzech warstw. Tkanina jest niezwykle lekka. Barwiona mo\u017ce by\u0107 na rozmaite kolory i wzory. Odznacza si\u0119 wysokim stopniem higroskopijno\u015bci. Mu\u015blin bawe\u0142niany wykorzystywany jest na letni\u0105 odzie\u017c dla doros\u0142ych (nawet w bluzkach z d\u0142ugim r\u0119kawem nie b\u0119dzie nam gor\u0105co w upa\u0142) oraz delikatne szale do ochrony przed s\u0142o\u0144cem. Najcz\u0119\u015bciej jednak mu\u015blin u\u017cywany jest do produkcji wyrob\u00f3w dla noworodk\u00f3w i niemowl\u0105t \u2013 na wszelkiego rodzaju ubranka, pieluszki, po\u015bciele czy letnie okrycia zewn\u0119trzne. Ze wzgl\u0119du na swoj\u0105 lekko\u015b\u0107 bawe\u0142niany mu\u015blin sprawdzi si\u0119 w drapowanych kreacjach wielowarstwowych, dzi\u0119ki czemu nie b\u0119d\u0105 one ci\u0119\u017ckie, jak to bywa w przypadku innych materia\u0142\u00f3w. Jego popularno\u015b\u0107 ma zwi\u0105zek r\u00f3wnie\u017c z cen\u0105, gdy\u017c tego typu tkanina nie nale\u017cy do bardzo drogich;<\/li>\n<li><strong>mu\u015blin jedwabny<\/strong> \u2013 uwa\u017cany za najszlachetniejszy materia\u0142 dost\u0119pny na rynku. Lekki jak pi\u00f3rko i niezwykle delikatny nawet dla najbardziej wra\u017cliwej sk\u00f3ry. Posiada delikatny po\u0142ysk charakterystyczny dla w\u0142\u00f3kien jedwabiu. Ze wzgl\u0119du na wysok\u0105 cen\u0119 produkcji najcz\u0119\u015bciej wykorzystywany jest na szale i chusty lecz mo\u017cliwo\u015bci wykorzystania jest wi\u0119cej. Mu\u015blin jedwabny, to doskona\u0142y materia\u0142 na zwiewne bluzki i sukienki, daje uczucie \u201edrugiej sk\u00f3ry\u201d. Latem jedwab pozwala cia\u0142u oddycha\u0107, zim\u0105 za\u015b, grzeje. Mo\u017ce by\u0107 wykorzystywany r\u00f3wnie\u017c do szycia ozdobnych zas\u0142on. Jednobarwny mu\u015blin cieszy si\u0119 popularno\u015bci\u0105 w\u015br\u00f3d r\u0119kodzielnik\u00f3w, kt\u00f3rzy r\u0119cznie maluj\u0105 na nim prawdziwe arcydzie\u0142a lub tworz\u0105 chusty i szale poprzez filcowanie na mokro jedwabiu z czesankow\u0105 we\u0142n\u0105 merynosa;<\/li>\n<li><strong>mu\u015blin we\u0142niany<\/strong> \u2013 szlachetna, we\u0142niana tkanina, kt\u00f3ra najcz\u0119\u015bciej wykorzystywana jest do produkcji ciep\u0142ych szali zimowych i delikatnych swetr\u00f3w. Pomimo swej delikatno\u015bci, jak ka\u017cda we\u0142na, mu\u015blin we\u0142niany b\u0119dzie posiada\u0142 doskona\u0142e w\u0142a\u015bciwo\u015bci cieplne podczas mro\u017aniejszych dni;<\/li>\n<li><strong>mu\u015blin lniany<\/strong> \u2013 tkanina o bardzo lu\u017anym splocie, przypomina wr\u0119cz gaz\u0119 o pomarszczonej fakturze. Posiada podobne w\u0142a\u015bciwo\u015bci do mu\u015blinu bawe\u0142nianego, odznacza si\u0119 jednak lekk\u0105 sztywno\u015bci\u0105. Stanowi doskona\u0142y materia\u0142 na firany, letnie szale oraz wielowarstwowe lenie suknie.<\/li>\n<\/ul>\n","protected":false},"excerpt":{"rendered":"<p>Tkaniny mu\u015blinowe W\u015br\u00f3d materia\u0142\u00f3w, kt\u00f3re uchodz\u0105 za najdelikatniejsze dla sk\u00f3ry, zar\u00f3wno niemowl\u0105t, dzieci, jak i os\u00f3b doros\u0142ych, uznawane s\u0105 tkaniny<\/p>\n<div><a class=\"read-more-blog-button\" href=\"https:\/\/trans-tex.pl\/?page_id=1089\"><span>Czytaj ca\u0142o\u015b\u0107 <img decoding=\"async\" src=\"\/wp-content\/uploads\/2020\/05\/path-copy-2.svg\"><\/span><\/a><\/div>\n","protected":false},"author":1,"featured_media":0,"parent":0,"menu_order":0,"comment_status":"closed","ping_status":"closed","template":"","meta":{"footnotes":""},"yoast_head":"<!-- This site is optimized with the Yoast SEO plugin v18.6 - https:\/\/yoast.com\/wordpress\/plugins\/seo\/ -->\n<title>Tkaniny mu\u015blinowe - Trans-Tex Producent dzianin i tkanin<\/title>\n<meta name=\"description\" content=\"Trans-Tex - Producent dzianin i tkanin dla przemys\u0142u. W naszej ofercie \u2705 tkaniny mu\u015blinowe najwy\u017cszej jako\u015bci potwierdzone certyfikatami. Sprawd\u017a!\" \/>\n<meta name=\"robots\" content=\"index, follow, max-snippet:-1, max-image-preview:large, max-video-preview:-1\" \/>\n<link rel=\"canonical\" href=\"https:\/\/trans-tex.pl\/?page_id=1089\" \/>\n<meta property=\"og:locale\" content=\"pl_PL\" \/>\n<meta property=\"og:type\" content=\"article\" \/>\n<meta property=\"og:title\" content=\"Tkaniny mu\u015blinowe - Trans-Tex Producent dzianin i tkanin\" \/>\n<meta property=\"og:description\" content=\"Trans-Tex - Producent dzianin i tkanin dla przemys\u0142u. W naszej ofercie \u2705 tkaniny mu\u015blinowe najwy\u017cszej jako\u015bci potwierdzone certyfikatami. Sprawd\u017a!\" \/>\n<meta property=\"og:url\" content=\"https:\/\/trans-tex.pl\/?page_id=1089\" \/>\n<meta property=\"og:site_name\" content=\"Trans-Tex Producent dzianin i tkanin\" \/>\n<meta property=\"article:modified_time\" content=\"2020-10-14T07:13:26+00:00\" \/>\n<meta property=\"og:image\" content=\"https:\/\/trans-tex.pl\/wp-content\/uploads\/2020\/05\/noun-textile-2140357.svg\" \/>\n<meta name=\"twitter:card\" content=\"summary_large_image\" \/>\n<meta name=\"twitter:label1\" content=\"Szacowany czas czytania\" \/>\n\t<meta name=\"twitter:data1\" content=\"4 minuty\" \/>\n<script type=\"application\/ld+json\" class=\"yoast-schema-graph\">{\"@context\":\"https:\/\/schema.org\",\"@graph\":[{\"@type\":\"WebSite\",\"@id\":\"https:\/\/trans-tex.pl\/#website\",\"url\":\"https:\/\/trans-tex.pl\/\",\"name\":\"Trans-Tex Producent dzianin i tkanin\",\"description\":\"\",\"potentialAction\":[{\"@type\":\"SearchAction\",\"target\":{\"@type\":\"EntryPoint\",\"urlTemplate\":\"https:\/\/trans-tex.pl\/?s={search_term_string}\"},\"query-input\":\"required name=search_term_string\"}],\"inLanguage\":\"pl-PL\"},{\"@type\":\"ImageObject\",\"@id\":\"https:\/\/trans-tex.pl\/?page_id=1089#primaryimage\",\"inLanguage\":\"pl-PL\",\"url\":\"https:\/\/trans-tex.pl\/wp-content\/uploads\/2020\/05\/noun-textile-2140357.svg\",\"contentUrl\":\"https:\/\/trans-tex.pl\/wp-content\/uploads\/2020\/05\/noun-textile-2140357.svg\"},{\"@type\":\"WebPage\",\"@id\":\"https:\/\/trans-tex.pl\/?page_id=1089#webpage\",\"url\":\"https:\/\/trans-tex.pl\/?page_id=1089\",\"name\":\"Tkaniny mu\u015blinowe - Trans-Tex Producent dzianin i tkanin\",\"isPartOf\":{\"@id\":\"https:\/\/trans-tex.pl\/#website\"},\"primaryImageOfPage\":{\"@id\":\"https:\/\/trans-tex.pl\/?page_id=1089#primaryimage\"},\"datePublished\":\"2020-10-13T13:11:54+00:00\",\"dateModified\":\"2020-10-14T07:13:26+00:00\",\"description\":\"Trans-Tex - Producent dzianin i tkanin dla przemys\u0142u. W naszej ofercie \u2705 tkaniny mu\u015blinowe najwy\u017cszej jako\u015bci potwierdzone certyfikatami. Sprawd\u017a!\",\"breadcrumb\":{\"@id\":\"https:\/\/trans-tex.pl\/?page_id=1089#breadcrumb\"},\"inLanguage\":\"pl-PL\",\"potentialAction\":[{\"@type\":\"ReadAction\",\"target\":[\"https:\/\/trans-tex.pl\/?page_id=1089\"]}]},{\"@type\":\"BreadcrumbList\",\"@id\":\"https:\/\/trans-tex.pl\/?page_id=1089#breadcrumb\",\"itemListElement\":[{\"@type\":\"ListItem\",\"position\":1,\"name\":\"Strona g\u0142\u00f3wna\",\"item\":\"https:\/\/trans-tex.pl\/\"},{\"@type\":\"ListItem\",\"position\":2,\"name\":\"Tkaniny mu\u015blinowe\"}]}]}<\/script>\n<!-- \/ Yoast SEO plugin. -->","yoast_head_json":{"title":"Tkaniny mu\u015blinowe - Trans-Tex Producent dzianin i tkanin","description":"Trans-Tex - Producent dzianin i tkanin dla przemys\u0142u. W naszej ofercie \u2705 tkaniny mu\u015blinowe najwy\u017cszej jako\u015bci potwierdzone certyfikatami. Sprawd\u017a!","robots":{"index":"index","follow":"follow","max-snippet":"max-snippet:-1","max-image-preview":"max-image-preview:large","max-video-preview":"max-video-preview:-1"},"canonical":"https:\/\/trans-tex.pl\/?page_id=1089","og_locale":"pl_PL","og_type":"article","og_title":"Tkaniny mu\u015blinowe - Trans-Tex Producent dzianin i tkanin","og_description":"Trans-Tex - Producent dzianin i tkanin dla przemys\u0142u. W naszej ofercie \u2705 tkaniny mu\u015blinowe najwy\u017cszej jako\u015bci potwierdzone certyfikatami. Sprawd\u017a!","og_url":"https:\/\/trans-tex.pl\/?page_id=1089","og_site_name":"Trans-Tex Producent dzianin i tkanin","article_modified_time":"2020-10-14T07:13:26+00:00","og_image":[{"url":"https:\/\/trans-tex.pl\/wp-content\/uploads\/2020\/05\/noun-textile-2140357.svg"}],"twitter_card":"summary_large_image","twitter_misc":{"Szacowany czas czytania":"4 minuty"},"schema":{"@context":"https:\/\/schema.org","@graph":[{"@type":"WebSite","@id":"https:\/\/trans-tex.pl\/#website","url":"https:\/\/trans-tex.pl\/","name":"Trans-Tex Producent dzianin i tkanin","description":"","potentialAction":[{"@type":"SearchAction","target":{"@type":"EntryPoint","urlTemplate":"https:\/\/trans-tex.pl\/?s={search_term_string}"},"query-input":"required name=search_term_string"}],"inLanguage":"pl-PL"},{"@type":"ImageObject","@id":"https:\/\/trans-tex.pl\/?page_id=1089#primaryimage","inLanguage":"pl-PL","url":"https:\/\/trans-tex.pl\/wp-content\/uploads\/2020\/05\/noun-textile-2140357.svg","contentUrl":"https:\/\/trans-tex.pl\/wp-content\/uploads\/2020\/05\/noun-textile-2140357.svg"},{"@type":"WebPage","@id":"https:\/\/trans-tex.pl\/?page_id=1089#webpage","url":"https:\/\/trans-tex.pl\/?page_id=1089","name":"Tkaniny mu\u015blinowe - Trans-Tex Producent dzianin i tkanin","isPartOf":{"@id":"https:\/\/trans-tex.pl\/#website"},"primaryImageOfPage":{"@id":"https:\/\/trans-tex.pl\/?page_id=1089#primaryimage"},"datePublished":"2020-10-13T13:11:54+00:00","dateModified":"2020-10-14T07:13:26+00:00","description":"Trans-Tex - Producent dzianin i tkanin dla przemys\u0142u. W naszej ofercie \u2705 tkaniny mu\u015blinowe najwy\u017cszej jako\u015bci potwierdzone certyfikatami. Sprawd\u017a!","breadcrumb":{"@id":"https:\/\/trans-tex.pl\/?page_id=1089#breadcrumb"},"inLanguage":"pl-PL","potentialAction":[{"@type":"ReadAction","target":["https:\/\/trans-tex.pl\/?page_id=1089"]}]},{"@type":"BreadcrumbList","@id":"https:\/\/trans-tex.pl\/?page_id=1089#breadcrumb","itemListElement":[{"@type":"ListItem","position":1,"name":"Strona g\u0142\u00f3wna","item":"https:\/\/trans-tex.pl\/"},{"@type":"ListItem","position":2,"name":"Tkaniny mu\u015blinowe"}]}]}},"_links":{"self":[{"href":"https:\/\/trans-tex.pl\/index.php?rest_route=\/wp\/v2\/pages\/1089"}],"collection":[{"href":"https:\/\/trans-tex.pl\/index.php?rest_route=\/wp\/v2\/pages"}],"about":[{"href":"https:\/\/trans-tex.pl\/index.php?rest_route=\/wp\/v2\/types\/page"}],"author":[{"embeddable":true,"href":"https:\/\/trans-tex.pl\/index.php?rest_route=\/wp\/v2\/users\/1"}],"replies":[{"embeddable":true,"href":"https:\/\/trans-tex.pl\/index.php?rest_route=%2Fwp%2Fv2%2Fcomments&post=1089"}],"version-history":[{"count":3,"href":"https:\/\/trans-tex.pl\/index.php?rest_route=\/wp\/v2\/pages\/1089\/revisions"}],"predecessor-version":[{"id":1092,"href":"https:\/\/trans-tex.pl\/index.php?rest_route=\/wp\/v2\/pages\/1089\/revisions\/1092"}],"wp:attachment":[{"href":"https:\/\/trans-tex.pl\/index.php?rest_route=%2Fwp%2Fv2%2Fmedia&parent=1089"}],"curies":[{"name":"wp","href":"https:\/\/api.w.org\/{rel}","templated":true}]}}