{"id":1074,"date":"2020-09-16T15:22:39","date_gmt":"2020-09-16T13:22:39","guid":{"rendered":"http:\/\/trans-tex.pl\/?page_id=1074"},"modified":"2020-10-14T09:15:11","modified_gmt":"2020-10-14T07:15:11","slug":"dzianiny-frotte","status":"publish","type":"page","link":"https:\/\/trans-tex.pl\/?page_id=1074","title":{"rendered":"Dzianiny frotte"},"content":{"rendered":"<p><img decoding=\"async\" class=\"textiles-two-section__icon\" style=\"margin: 30px 20px 10px 30px;\" src=\"https:\/\/trans-tex.pl\/wp-content\/uploads\/2020\/05\/noun-fireproof-436144-1.svg\" alt=\"Dzianiny frotte\" \/><span style=\"font-size: 18px; font-weight: bold;\">Dzianiny frotte<\/span><\/p>\n<p style=\"margin-right: 30px; margin-left: 30px;\">W\u015br\u00f3d materia\u0142\u00f3w po\u015bcielowych, poza flanel\u0105, od dawna du\u017c\u0105 popularno\u015bci\u0105 ciesz\u0105 si\u0119 <strong>dzianiny frotte<\/strong>, a kt\u00f3re r\u00f3wnie\u017c znajduj\u0105 si\u0119 w ofercie produkcyjnej firmy TRANS-TEX.<\/p>\n<p style=\"margin-right: 30px; margin-left: 30px;\"><strong>Frotte jest dzianin\u0105 o bardzo charakterystycznej okrywie p\u0119telkowej, dzi\u0119ki kt\u00f3rej stanowi ona materia\u0142 bardzo ch\u0142onny, delikatny w kontakcie ze sk\u00f3r\u0105 i zale\u017cnie od d\u0142ugo\u015bci p\u0119telek, bardzo mi\u0119sisty.<\/strong><\/p>\n<p style=\"margin-right: 30px; margin-left: 30px;\">W naszej podstawowej ofercie znajduj\u0105 si\u0119 <strong>dzianiny frotte<\/strong> o zr\u00f3\u017cnicowanych gramaturach, kt\u00f3re dopasowywane mog\u0105 by\u0107 \u015bci\u015ble do potrzeb danego klienta. Podstawowy sk\u0142ad surowca w tradycyjnej produkcji, to <strong>85% bawe\u0142ny z 15% poliestru, b\u0105d\u017a frotte w 100% poliestrowa<\/strong>. Istnieje mo\u017cliwo\u015b\u0107 w\u0142\u0105czenia do og\u00f3lnego sk\u0142adu dzianiny w\u0142\u00f3kien bambusowych, kt\u00f3re posiadaj\u0105 w\u0142a\u015bciwo\u015bci antybakteryjne oraz wy\u017cszy stopie\u0144 higroskopijno\u015bci ni\u017c bawe\u0142na lub w\u0142\u00f3kien wiskozowych, r\u00f3wnie\u017c o wysokim stopniu absorpcji wilgoci, a kt\u00f3re to w\u0142\u00f3kna gotowemu wyrobowi nadadz\u0105 po\u0142ysku i sprawi\u0105, \u017ce b\u0119d\u0105 lej\u0105ce.<\/p>\n<p style=\"margin-right: 30px; margin-left: 30px;\">Posiadamy r\u00f3wnie\u017c mo\u017cliwo\u015b\u0107 barwienia danej dzianiny w kolorach monochromatycznych, b\u0105d\u017a w motywy \u017cakardowe.<\/p>\n<h2 style=\"margin-right: 30px; margin-left: 30px;\">Mo\u017cliwo\u015bci wykorzystania frotte<\/h2>\n<p style=\"margin-right: 30px; margin-left: 30px;\">P\u0119telkowa struktura, kt\u00f3ra przypada na zewn\u0119trzn\u0105 warstw\u0119 frotte, nadaje jej puszysty, mi\u0119kki i ciep\u0142y chwyt. Do tego naturalny sk\u0142ad o bardzo wysokiej zawarto\u015bci w\u0142\u00f3kna naturalnego, jakim jest bawe\u0142na oraz ewentualny dodatek w\u0142\u00f3kien syntetycznych o po\u017c\u0105danych w\u0142a\u015bciwo\u015bciach, sprawiaj\u0105, i\u017c jest to materia\u0142 odpowiedni na wyroby zar\u00f3wno dla dzieci, jak i dla doros\u0142ych.<\/p>\n<p style=\"margin-right: 30px; margin-left: 30px;\">Dzianiny frotte przede wszystkim produkowane s\u0105 z my\u015bl\u0105 o wykorzystaniu ich do szycia:<\/p>\n<ul>\n<li>szlafrok\u00f3w dla doros\u0142ych i dla dzieci;<\/li>\n<li>otulaczy dla niemowl\u0105t i ma\u0142ych dzieci;<\/li>\n<li>opasek na czo\u0142o i nadgarstki dla os\u00f3b uprawiaj\u0105cych sporty;<\/li>\n<li>r\u0119cznik\u00f3w turban\u00f3w do w\u0142os\u00f3w;<\/li>\n<li>prze\u015bcierade\u0142 i po\u015bcieli.<\/li>\n<\/ul>\n<p style=\"margin-right: 30px; margin-left: 30px;\">Na wyroby dla noworodk\u00f3w i niemowl\u0105t najlepsza b\u0119dzie tkanina frotte o stuprocentowym sk\u0142adzie bawe\u0142nianym lub z dodatkiem w\u0142\u00f3kien bambusowych. Bawe\u0142na nie b\u0119dzie powodowa\u0107 podra\u017cnie\u0144, ani odparze\u0144 na ich niezwykle delikatnej i wra\u017cliwej sk\u00f3rze. Dobrym wyborem b\u0119dzie u\u017cycie w\u0142\u00f3kien bawe\u0142ny organicznej, pochodz\u0105cej z upraw ekologicznych, kt\u00f3re to uprawy odbywaj\u0105 si\u0119 bez u\u017cycia pestycyd\u00f3w (cz\u0119sto pozostaj\u0105cych we w\u0142\u00f3knach) i innych szkodliwych \u015brodk\u00f3w chemicznych.<\/p>\n<p style=\"margin-right: 30px; margin-left: 30px;\"><strong>Dzianiny frotte<\/strong> z mieszanki bawe\u0142ny z poliestrem lub ca\u0142kowicie produkowane z w\u0142\u00f3kien poliestrowych, b\u0119d\u0105 odpowiedniejsze na wyroby dla dzieci starszych oraz os\u00f3b doros\u0142ych. Dodatek w\u0142\u00f3kien poliestrowych do bawe\u0142nianych zwi\u0119ksza ich wytrzyma\u0142o\u015b\u0107 na rozci\u0105ganie, zagniecenia i przetarcia, wyd\u0142u\u017caj\u0105c tym samym \u017cywotno\u015b\u0107 wyrob\u00f3w u\u017cytkowych, zw\u0142aszcza prze\u015bcierade\u0142.<\/p>\n","protected":false},"excerpt":{"rendered":"<p>Dzianiny frotte W\u015br\u00f3d materia\u0142\u00f3w po\u015bcielowych, poza flanel\u0105, od dawna du\u017c\u0105 popularno\u015bci\u0105 ciesz\u0105 si\u0119 dzianiny frotte, a kt\u00f3re r\u00f3wnie\u017c znajduj\u0105 si\u0119<\/p>\n<div><a class=\"read-more-blog-button\" href=\"https:\/\/trans-tex.pl\/?page_id=1074\"><span>Czytaj ca\u0142o\u015b\u0107 <img decoding=\"async\" src=\"\/wp-content\/uploads\/2020\/05\/path-copy-2.svg\"><\/span><\/a><\/div>\n","protected":false},"author":1,"featured_media":0,"parent":0,"menu_order":0,"comment_status":"closed","ping_status":"closed","template":"","meta":{"footnotes":""},"yoast_head":"<!-- This site is optimized with the Yoast SEO plugin v18.6 - https:\/\/yoast.com\/wordpress\/plugins\/seo\/ -->\n<title>Dzianiny frotte - Trans-Tex Producent dzianin i tkanin<\/title>\n<meta name=\"description\" content=\"Trans-Tex - Producent dzianin i tkanin dla przemys\u0142u. W naszej ofercie \u2705 dzianiny frotte najwy\u017cszej jako\u015bci potwierdzone certyfikatami. Sprawd\u017a!\" \/>\n<meta name=\"robots\" content=\"index, follow, max-snippet:-1, max-image-preview:large, max-video-preview:-1\" \/>\n<link rel=\"canonical\" href=\"https:\/\/trans-tex.pl\/?page_id=1074\" \/>\n<meta property=\"og:locale\" content=\"pl_PL\" \/>\n<meta property=\"og:type\" content=\"article\" \/>\n<meta property=\"og:title\" content=\"Dzianiny frotte - Trans-Tex Producent dzianin i tkanin\" \/>\n<meta property=\"og:description\" content=\"Trans-Tex - Producent dzianin i tkanin dla przemys\u0142u. W naszej ofercie \u2705 dzianiny frotte najwy\u017cszej jako\u015bci potwierdzone certyfikatami. Sprawd\u017a!\" \/>\n<meta property=\"og:url\" content=\"https:\/\/trans-tex.pl\/?page_id=1074\" \/>\n<meta property=\"og:site_name\" content=\"Trans-Tex Producent dzianin i tkanin\" \/>\n<meta property=\"article:modified_time\" content=\"2020-10-14T07:15:11+00:00\" \/>\n<meta property=\"og:image\" content=\"https:\/\/trans-tex.pl\/wp-content\/uploads\/2020\/05\/noun-fireproof-436144-1.svg\" \/>\n<meta name=\"twitter:card\" content=\"summary_large_image\" \/>\n<meta name=\"twitter:label1\" content=\"Szacowany czas czytania\" \/>\n\t<meta name=\"twitter:data1\" content=\"2 minuty\" \/>\n<script type=\"application\/ld+json\" class=\"yoast-schema-graph\">{\"@context\":\"https:\/\/schema.org\",\"@graph\":[{\"@type\":\"WebSite\",\"@id\":\"https:\/\/trans-tex.pl\/#website\",\"url\":\"https:\/\/trans-tex.pl\/\",\"name\":\"Trans-Tex Producent dzianin i tkanin\",\"description\":\"\",\"potentialAction\":[{\"@type\":\"SearchAction\",\"target\":{\"@type\":\"EntryPoint\",\"urlTemplate\":\"https:\/\/trans-tex.pl\/?s={search_term_string}\"},\"query-input\":\"required name=search_term_string\"}],\"inLanguage\":\"pl-PL\"},{\"@type\":\"ImageObject\",\"@id\":\"https:\/\/trans-tex.pl\/?page_id=1074#primaryimage\",\"inLanguage\":\"pl-PL\",\"url\":\"https:\/\/trans-tex.pl\/wp-content\/uploads\/2020\/05\/noun-fireproof-436144-1.svg\",\"contentUrl\":\"https:\/\/trans-tex.pl\/wp-content\/uploads\/2020\/05\/noun-fireproof-436144-1.svg\"},{\"@type\":\"WebPage\",\"@id\":\"https:\/\/trans-tex.pl\/?page_id=1074#webpage\",\"url\":\"https:\/\/trans-tex.pl\/?page_id=1074\",\"name\":\"Dzianiny frotte - Trans-Tex Producent dzianin i tkanin\",\"isPartOf\":{\"@id\":\"https:\/\/trans-tex.pl\/#website\"},\"primaryImageOfPage\":{\"@id\":\"https:\/\/trans-tex.pl\/?page_id=1074#primaryimage\"},\"datePublished\":\"2020-09-16T13:22:39+00:00\",\"dateModified\":\"2020-10-14T07:15:11+00:00\",\"description\":\"Trans-Tex - Producent dzianin i tkanin dla przemys\u0142u. W naszej ofercie \u2705 dzianiny frotte najwy\u017cszej jako\u015bci potwierdzone certyfikatami. Sprawd\u017a!\",\"breadcrumb\":{\"@id\":\"https:\/\/trans-tex.pl\/?page_id=1074#breadcrumb\"},\"inLanguage\":\"pl-PL\",\"potentialAction\":[{\"@type\":\"ReadAction\",\"target\":[\"https:\/\/trans-tex.pl\/?page_id=1074\"]}]},{\"@type\":\"BreadcrumbList\",\"@id\":\"https:\/\/trans-tex.pl\/?page_id=1074#breadcrumb\",\"itemListElement\":[{\"@type\":\"ListItem\",\"position\":1,\"name\":\"Strona g\u0142\u00f3wna\",\"item\":\"https:\/\/trans-tex.pl\/\"},{\"@type\":\"ListItem\",\"position\":2,\"name\":\"Dzianiny frotte\"}]}]}<\/script>\n<!-- \/ Yoast SEO plugin. -->","yoast_head_json":{"title":"Dzianiny frotte - Trans-Tex Producent dzianin i tkanin","description":"Trans-Tex - Producent dzianin i tkanin dla przemys\u0142u. W naszej ofercie \u2705 dzianiny frotte najwy\u017cszej jako\u015bci potwierdzone certyfikatami. Sprawd\u017a!","robots":{"index":"index","follow":"follow","max-snippet":"max-snippet:-1","max-image-preview":"max-image-preview:large","max-video-preview":"max-video-preview:-1"},"canonical":"https:\/\/trans-tex.pl\/?page_id=1074","og_locale":"pl_PL","og_type":"article","og_title":"Dzianiny frotte - Trans-Tex Producent dzianin i tkanin","og_description":"Trans-Tex - Producent dzianin i tkanin dla przemys\u0142u. W naszej ofercie \u2705 dzianiny frotte najwy\u017cszej jako\u015bci potwierdzone certyfikatami. Sprawd\u017a!","og_url":"https:\/\/trans-tex.pl\/?page_id=1074","og_site_name":"Trans-Tex Producent dzianin i tkanin","article_modified_time":"2020-10-14T07:15:11+00:00","og_image":[{"url":"https:\/\/trans-tex.pl\/wp-content\/uploads\/2020\/05\/noun-fireproof-436144-1.svg"}],"twitter_card":"summary_large_image","twitter_misc":{"Szacowany czas czytania":"2 minuty"},"schema":{"@context":"https:\/\/schema.org","@graph":[{"@type":"WebSite","@id":"https:\/\/trans-tex.pl\/#website","url":"https:\/\/trans-tex.pl\/","name":"Trans-Tex Producent dzianin i tkanin","description":"","potentialAction":[{"@type":"SearchAction","target":{"@type":"EntryPoint","urlTemplate":"https:\/\/trans-tex.pl\/?s={search_term_string}"},"query-input":"required name=search_term_string"}],"inLanguage":"pl-PL"},{"@type":"ImageObject","@id":"https:\/\/trans-tex.pl\/?page_id=1074#primaryimage","inLanguage":"pl-PL","url":"https:\/\/trans-tex.pl\/wp-content\/uploads\/2020\/05\/noun-fireproof-436144-1.svg","contentUrl":"https:\/\/trans-tex.pl\/wp-content\/uploads\/2020\/05\/noun-fireproof-436144-1.svg"},{"@type":"WebPage","@id":"https:\/\/trans-tex.pl\/?page_id=1074#webpage","url":"https:\/\/trans-tex.pl\/?page_id=1074","name":"Dzianiny frotte - Trans-Tex Producent dzianin i tkanin","isPartOf":{"@id":"https:\/\/trans-tex.pl\/#website"},"primaryImageOfPage":{"@id":"https:\/\/trans-tex.pl\/?page_id=1074#primaryimage"},"datePublished":"2020-09-16T13:22:39+00:00","dateModified":"2020-10-14T07:15:11+00:00","description":"Trans-Tex - Producent dzianin i tkanin dla przemys\u0142u. W naszej ofercie \u2705 dzianiny frotte najwy\u017cszej jako\u015bci potwierdzone certyfikatami. Sprawd\u017a!","breadcrumb":{"@id":"https:\/\/trans-tex.pl\/?page_id=1074#breadcrumb"},"inLanguage":"pl-PL","potentialAction":[{"@type":"ReadAction","target":["https:\/\/trans-tex.pl\/?page_id=1074"]}]},{"@type":"BreadcrumbList","@id":"https:\/\/trans-tex.pl\/?page_id=1074#breadcrumb","itemListElement":[{"@type":"ListItem","position":1,"name":"Strona g\u0142\u00f3wna","item":"https:\/\/trans-tex.pl\/"},{"@type":"ListItem","position":2,"name":"Dzianiny frotte"}]}]}},"_links":{"self":[{"href":"https:\/\/trans-tex.pl\/index.php?rest_route=\/wp\/v2\/pages\/1074"}],"collection":[{"href":"https:\/\/trans-tex.pl\/index.php?rest_route=\/wp\/v2\/pages"}],"about":[{"href":"https:\/\/trans-tex.pl\/index.php?rest_route=\/wp\/v2\/types\/page"}],"author":[{"embeddable":true,"href":"https:\/\/trans-tex.pl\/index.php?rest_route=\/wp\/v2\/users\/1"}],"replies":[{"embeddable":true,"href":"https:\/\/trans-tex.pl\/index.php?rest_route=%2Fwp%2Fv2%2Fcomments&post=1074"}],"version-history":[{"count":3,"href":"https:\/\/trans-tex.pl\/index.php?rest_route=\/wp\/v2\/pages\/1074\/revisions"}],"predecessor-version":[{"id":1077,"href":"https:\/\/trans-tex.pl\/index.php?rest_route=\/wp\/v2\/pages\/1074\/revisions\/1077"}],"wp:attachment":[{"href":"https:\/\/trans-tex.pl\/index.php?rest_route=%2Fwp%2Fv2%2Fmedia&parent=1074"}],"curies":[{"name":"wp","href":"https:\/\/api.w.org\/{rel}","templated":true}]}}