{"id":1072,"date":"2020-09-16T15:17:15","date_gmt":"2020-09-16T13:17:15","guid":{"rendered":"http:\/\/trans-tex.pl\/?page_id=1072"},"modified":"2020-10-14T09:15:54","modified_gmt":"2020-10-14T07:15:54","slug":"dzianiny-dystansowe","status":"publish","type":"page","link":"https:\/\/trans-tex.pl\/?page_id=1072","title":{"rendered":"Dzianiny dystansowe"},"content":{"rendered":"<p><img decoding=\"async\" class=\"textiles-two-section__icon\" style=\"margin: 30px 20px 10px 30px;\" src=\"https:\/\/trans-tex.pl\/wp-content\/uploads\/2020\/05\/noun-slip-1784993-1.svg\" alt=\"Dzianiny dystansowe\" \/><span style=\"font-size: 18px; font-weight: bold;\">Dzianiny dystansowe<\/span><\/p>\n<p style=\"margin-right: 30px; margin-left: 30px;\">W\u015br\u00f3d dzianin funkcyjnych z oferty firmy TRANS-TEX znajduj\u0105 si\u0119 r\u00f3wnie\u017c <strong>dzianiny dystansowe<\/strong>, nazywane te\u017c dzianinami 3d (tr\u00f3jwymiarowymi), a wi\u0119c charakteryzuj\u0105cymi si\u0119 swoist\u0105 przestrzenno\u015bci\u0105. Wci\u0105\u017c pojawiaj\u0105ce si\u0119 nowe technologie obr\u00f3bki i \u0142\u0105czenia r\u00f3\u017cnorodnych w\u0142\u00f3kien pozwalaj\u0105 na uzyskiwanie niezwykle praktycznych i po\u017cytecznych efekt\u00f3w. Stosujemy r\u00f3wnie\u017c technologie wplatania do dzianin dystansowych nici miedzianych, czy w\u0119glowych. Dzi\u0119ki temu uzyska\u0107 mo\u017cna materia\u0142y o w\u0142a\u015bciwo\u015bciach antystatycznych, antybakteryjnych itp.<\/p>\n<p style=\"margin-right: 30px; margin-left: 30px;\">Najpopularniejsz\u0105 tego typu dzianin\u0105 jest siatka dystansowa. Ten syntetyczny materia\u0142 posiada wysok\u0105 przepuszczalno\u015b\u0107 powietrza oraz w\u0142a\u015bciwo\u015bci szybkoschn\u0105ce. Dzi\u0119ki tym cechom oraz du\u017cej wytrzyma\u0142o\u015bci, stosowany jest g\u0142\u00f3wnie w produkcji wszelkiego rodzaju <strong>plecak\u00f3w, toreb sportowych, futera\u0142\u00f3w, obuwia sportowego, a nawet, jako podszewka w kurtkach o odzie\u017cy sportowej.<\/strong> Siatka dystansowa barwiona mo\u017ce by\u0107 monochromatycznie lub wzorzy\u015bcie, zale\u017cnie od potrzeb klienta.<\/p>\n<h2 style=\"margin-right: 30px; margin-left: 30px;\">W wygodnej sypialni<\/h2>\n<p style=\"margin-right: 30px; margin-left: 30px;\">Typowe <strong>dzianiny dystansowe <\/strong>3d, to dwie warstwy siateczkowego materia\u0142u, pomi\u0119dzy kt\u00f3rymi znajduj\u0105 si\u0119 w\u0142\u00f3kna, kt\u00f3rych d\u0142ugo\u015b\u0107 i u\u0142o\u017cenie stanowi\u0105 o grubo\u015bci ca\u0142ej dzianiny. Struktura taka nadaje tym materia\u0142om wyj\u0105tkowej spr\u0119\u017cysto\u015bci, dzi\u0119ki czemu wykorzystywane mog\u0105 by\u0107 w przemy\u015ble meblarskim do produkcji materacy, podbi\u0107 krzese\u0142 i foteli tradycyjnych oraz foteli samochodowych. <strong>Poza tym wykorzystywane s\u0105, jako mi\u0119kka wy\u015bci\u00f3\u0142ka w plecakach, a nawet obuwiu.<\/strong><\/p>\n<p style=\"margin-right: 30px; margin-left: 30px;\">O wykorzystaniu dzianin 3d do produkcji siedzisk i materacy \u015bwiadczy mo\u017cliwo\u015b\u0107 nadawania im szeregu innych w\u0142a\u015bciwo\u015bci ni\u017c tylko spr\u0119\u017cysto\u015b\u0107. Dzi\u0119ki braku zwartej struktury s\u0105 lekkie, przewiewne, a zale\u017cnie od wymaga\u0144 danego klienta mog\u0105 charakteryzowa\u0107 si\u0119 jeszcze antybakteryjno\u015bci\u0105 oraz zr\u00f3\u017cnicowanym stopniem twardo\u015bci, spr\u0119\u017cysto\u015bci i grubo\u015bci.<\/p>\n<p style=\"margin-right: 30px; margin-left: 30px;\">Warto doda\u0107, i\u017c materace, do kt\u00f3rych produkcji wykorzystano <strong>dzianiny dystansowe<\/strong> odznaczaj\u0105 si\u0119 znacznie wi\u0119kszym komfortem u\u017cytkowania, ni\u017c w przypadku materacy spr\u0119\u017cynowych.<\/p>\n","protected":false},"excerpt":{"rendered":"<p>Dzianiny dystansowe W\u015br\u00f3d dzianin funkcyjnych z oferty firmy TRANS-TEX znajduj\u0105 si\u0119 r\u00f3wnie\u017c dzianiny dystansowe, nazywane te\u017c dzianinami 3d (tr\u00f3jwymiarowymi), a<\/p>\n<div><a class=\"read-more-blog-button\" href=\"https:\/\/trans-tex.pl\/?page_id=1072\"><span>Czytaj ca\u0142o\u015b\u0107 <img decoding=\"async\" src=\"\/wp-content\/uploads\/2020\/05\/path-copy-2.svg\"><\/span><\/a><\/div>\n","protected":false},"author":1,"featured_media":0,"parent":0,"menu_order":0,"comment_status":"closed","ping_status":"closed","template":"","meta":{"footnotes":""},"yoast_head":"<!-- This site is optimized with the Yoast SEO plugin v18.6 - https:\/\/yoast.com\/wordpress\/plugins\/seo\/ -->\n<title>Dzianiny dystansowe - Trans-Tex Producent dzianin i tkanin<\/title>\n<meta name=\"description\" content=\"Trans-Tex - Producent dzianin i tkanin dla przemys\u0142u. W naszej ofercie \u2705 dzianiny dystansowe najwy\u017cszej jako\u015bci potwierdzone certyfikatami. Sprawd\u017a!\" \/>\n<meta name=\"robots\" content=\"index, follow, max-snippet:-1, max-image-preview:large, max-video-preview:-1\" \/>\n<link rel=\"canonical\" href=\"https:\/\/trans-tex.pl\/?page_id=1072\" \/>\n<meta property=\"og:locale\" content=\"pl_PL\" \/>\n<meta property=\"og:type\" content=\"article\" \/>\n<meta property=\"og:title\" content=\"Dzianiny dystansowe - Trans-Tex Producent dzianin i tkanin\" \/>\n<meta property=\"og:description\" content=\"Trans-Tex - Producent dzianin i tkanin dla przemys\u0142u. W naszej ofercie \u2705 dzianiny dystansowe najwy\u017cszej jako\u015bci potwierdzone certyfikatami. Sprawd\u017a!\" \/>\n<meta property=\"og:url\" content=\"https:\/\/trans-tex.pl\/?page_id=1072\" \/>\n<meta property=\"og:site_name\" content=\"Trans-Tex Producent dzianin i tkanin\" \/>\n<meta property=\"article:modified_time\" content=\"2020-10-14T07:15:54+00:00\" \/>\n<meta property=\"og:image\" content=\"https:\/\/trans-tex.pl\/wp-content\/uploads\/2020\/05\/noun-slip-1784993-1.svg\" \/>\n<meta name=\"twitter:card\" content=\"summary_large_image\" \/>\n<meta name=\"twitter:label1\" content=\"Szacowany czas czytania\" \/>\n\t<meta name=\"twitter:data1\" content=\"2 minuty\" \/>\n<script type=\"application\/ld+json\" class=\"yoast-schema-graph\">{\"@context\":\"https:\/\/schema.org\",\"@graph\":[{\"@type\":\"WebSite\",\"@id\":\"https:\/\/trans-tex.pl\/#website\",\"url\":\"https:\/\/trans-tex.pl\/\",\"name\":\"Trans-Tex Producent dzianin i tkanin\",\"description\":\"\",\"potentialAction\":[{\"@type\":\"SearchAction\",\"target\":{\"@type\":\"EntryPoint\",\"urlTemplate\":\"https:\/\/trans-tex.pl\/?s={search_term_string}\"},\"query-input\":\"required name=search_term_string\"}],\"inLanguage\":\"pl-PL\"},{\"@type\":\"ImageObject\",\"@id\":\"https:\/\/trans-tex.pl\/?page_id=1072#primaryimage\",\"inLanguage\":\"pl-PL\",\"url\":\"https:\/\/trans-tex.pl\/wp-content\/uploads\/2020\/05\/noun-slip-1784993-1.svg\",\"contentUrl\":\"https:\/\/trans-tex.pl\/wp-content\/uploads\/2020\/05\/noun-slip-1784993-1.svg\"},{\"@type\":\"WebPage\",\"@id\":\"https:\/\/trans-tex.pl\/?page_id=1072#webpage\",\"url\":\"https:\/\/trans-tex.pl\/?page_id=1072\",\"name\":\"Dzianiny dystansowe - Trans-Tex Producent dzianin i tkanin\",\"isPartOf\":{\"@id\":\"https:\/\/trans-tex.pl\/#website\"},\"primaryImageOfPage\":{\"@id\":\"https:\/\/trans-tex.pl\/?page_id=1072#primaryimage\"},\"datePublished\":\"2020-09-16T13:17:15+00:00\",\"dateModified\":\"2020-10-14T07:15:54+00:00\",\"description\":\"Trans-Tex - Producent dzianin i tkanin dla przemys\u0142u. W naszej ofercie \u2705 dzianiny dystansowe najwy\u017cszej jako\u015bci potwierdzone certyfikatami. Sprawd\u017a!\",\"breadcrumb\":{\"@id\":\"https:\/\/trans-tex.pl\/?page_id=1072#breadcrumb\"},\"inLanguage\":\"pl-PL\",\"potentialAction\":[{\"@type\":\"ReadAction\",\"target\":[\"https:\/\/trans-tex.pl\/?page_id=1072\"]}]},{\"@type\":\"BreadcrumbList\",\"@id\":\"https:\/\/trans-tex.pl\/?page_id=1072#breadcrumb\",\"itemListElement\":[{\"@type\":\"ListItem\",\"position\":1,\"name\":\"Strona g\u0142\u00f3wna\",\"item\":\"https:\/\/trans-tex.pl\/\"},{\"@type\":\"ListItem\",\"position\":2,\"name\":\"Dzianiny dystansowe\"}]}]}<\/script>\n<!-- \/ Yoast SEO plugin. -->","yoast_head_json":{"title":"Dzianiny dystansowe - Trans-Tex Producent dzianin i tkanin","description":"Trans-Tex - Producent dzianin i tkanin dla przemys\u0142u. W naszej ofercie \u2705 dzianiny dystansowe najwy\u017cszej jako\u015bci potwierdzone certyfikatami. Sprawd\u017a!","robots":{"index":"index","follow":"follow","max-snippet":"max-snippet:-1","max-image-preview":"max-image-preview:large","max-video-preview":"max-video-preview:-1"},"canonical":"https:\/\/trans-tex.pl\/?page_id=1072","og_locale":"pl_PL","og_type":"article","og_title":"Dzianiny dystansowe - Trans-Tex Producent dzianin i tkanin","og_description":"Trans-Tex - Producent dzianin i tkanin dla przemys\u0142u. W naszej ofercie \u2705 dzianiny dystansowe najwy\u017cszej jako\u015bci potwierdzone certyfikatami. Sprawd\u017a!","og_url":"https:\/\/trans-tex.pl\/?page_id=1072","og_site_name":"Trans-Tex Producent dzianin i tkanin","article_modified_time":"2020-10-14T07:15:54+00:00","og_image":[{"url":"https:\/\/trans-tex.pl\/wp-content\/uploads\/2020\/05\/noun-slip-1784993-1.svg"}],"twitter_card":"summary_large_image","twitter_misc":{"Szacowany czas czytania":"2 minuty"},"schema":{"@context":"https:\/\/schema.org","@graph":[{"@type":"WebSite","@id":"https:\/\/trans-tex.pl\/#website","url":"https:\/\/trans-tex.pl\/","name":"Trans-Tex Producent dzianin i tkanin","description":"","potentialAction":[{"@type":"SearchAction","target":{"@type":"EntryPoint","urlTemplate":"https:\/\/trans-tex.pl\/?s={search_term_string}"},"query-input":"required name=search_term_string"}],"inLanguage":"pl-PL"},{"@type":"ImageObject","@id":"https:\/\/trans-tex.pl\/?page_id=1072#primaryimage","inLanguage":"pl-PL","url":"https:\/\/trans-tex.pl\/wp-content\/uploads\/2020\/05\/noun-slip-1784993-1.svg","contentUrl":"https:\/\/trans-tex.pl\/wp-content\/uploads\/2020\/05\/noun-slip-1784993-1.svg"},{"@type":"WebPage","@id":"https:\/\/trans-tex.pl\/?page_id=1072#webpage","url":"https:\/\/trans-tex.pl\/?page_id=1072","name":"Dzianiny dystansowe - Trans-Tex Producent dzianin i tkanin","isPartOf":{"@id":"https:\/\/trans-tex.pl\/#website"},"primaryImageOfPage":{"@id":"https:\/\/trans-tex.pl\/?page_id=1072#primaryimage"},"datePublished":"2020-09-16T13:17:15+00:00","dateModified":"2020-10-14T07:15:54+00:00","description":"Trans-Tex - Producent dzianin i tkanin dla przemys\u0142u. W naszej ofercie \u2705 dzianiny dystansowe najwy\u017cszej jako\u015bci potwierdzone certyfikatami. Sprawd\u017a!","breadcrumb":{"@id":"https:\/\/trans-tex.pl\/?page_id=1072#breadcrumb"},"inLanguage":"pl-PL","potentialAction":[{"@type":"ReadAction","target":["https:\/\/trans-tex.pl\/?page_id=1072"]}]},{"@type":"BreadcrumbList","@id":"https:\/\/trans-tex.pl\/?page_id=1072#breadcrumb","itemListElement":[{"@type":"ListItem","position":1,"name":"Strona g\u0142\u00f3wna","item":"https:\/\/trans-tex.pl\/"},{"@type":"ListItem","position":2,"name":"Dzianiny dystansowe"}]}]}},"_links":{"self":[{"href":"https:\/\/trans-tex.pl\/index.php?rest_route=\/wp\/v2\/pages\/1072"}],"collection":[{"href":"https:\/\/trans-tex.pl\/index.php?rest_route=\/wp\/v2\/pages"}],"about":[{"href":"https:\/\/trans-tex.pl\/index.php?rest_route=\/wp\/v2\/types\/page"}],"author":[{"embeddable":true,"href":"https:\/\/trans-tex.pl\/index.php?rest_route=\/wp\/v2\/users\/1"}],"replies":[{"embeddable":true,"href":"https:\/\/trans-tex.pl\/index.php?rest_route=%2Fwp%2Fv2%2Fcomments&post=1072"}],"version-history":[{"count":1,"href":"https:\/\/trans-tex.pl\/index.php?rest_route=\/wp\/v2\/pages\/1072\/revisions"}],"predecessor-version":[{"id":1073,"href":"https:\/\/trans-tex.pl\/index.php?rest_route=\/wp\/v2\/pages\/1072\/revisions\/1073"}],"wp:attachment":[{"href":"https:\/\/trans-tex.pl\/index.php?rest_route=%2Fwp%2Fv2%2Fmedia&parent=1072"}],"curies":[{"name":"wp","href":"https:\/\/api.w.org\/{rel}","templated":true}]}}