{"id":1070,"date":"2020-09-16T15:11:36","date_gmt":"2020-09-16T13:11:36","guid":{"rendered":"http:\/\/trans-tex.pl\/?page_id=1070"},"modified":"2020-10-14T09:17:09","modified_gmt":"2020-10-14T07:17:09","slug":"tkaniny-drapane","status":"publish","type":"page","link":"https:\/\/trans-tex.pl\/?page_id=1070","title":{"rendered":"Tkaniny drapane"},"content":{"rendered":"<p><img decoding=\"async\" class=\"textiles-two-section__icon\" style=\"margin: 30px 20px 10px 30px;\" src=\"https:\/\/trans-tex.pl\/wp-content\/uploads\/2020\/05\/noun-tetr-2140357.svg\" alt=\"Tkaniny drapane\" \/><span style=\"font-size: 18px; font-weight: bold;\">Tkaniny drapane<\/span><\/p>\n<p style=\"margin-right: 30px; margin-left: 30px;\">W ofercie firmy TRANS-TEX znajduj\u0105 si\u0119 r\u00f3wnie\u017c <strong>tkaniny drapane<\/strong> nazywane flanel\u0105 lub moltonem. Charakteryzuj\u0105 si\u0119 powierzchni\u0105 drapan\u0105 (charakterystycznym meszkiem) z jednej lub obu stron. Tradycyjna flanela kojarzy si\u0119 raczej z m\u0119skimi koszulami roboczymi, kt\u00f3re do dzi\u015b nie wychodz\u0105 z mody, a popularne sta\u0142y si\u0119 r\u00f3wnie\u017c w\u015br\u00f3d kobiet. Moda powraca cyklicznie, tak jak moda na flanelowe koszule w krat\u0119.<\/p>\n<p style=\"margin-right: 30px; margin-left: 30px;\">W tradycyjnej produkcji posiadamy flanel\u0119 w dw\u00f3ch szeroko\u015bciach i o r\u00f3\u017cnych wybarwieniach. Poza przemys\u0142em odzie\u017cowym zamawiana jest r\u00f3wnie\u017c przez inne bran\u017ce i wykorzystywana jako czy\u015bciwo (wysoka ch\u0142onno\u015b\u0107 cieczy) oraz na tarcze polerskie (wysoki stopie\u0144 delikatno\u015bci).<\/p>\n<h2 style=\"margin-right: 30px; margin-left: 30px;\">Tkaniny drapane \u2013 wielofunkcyjno\u015b\u0107 flaneli<\/h2>\n<p style=\"margin-right: 30px; margin-left: 30px;\"><strong>Ze wzgl\u0119du na sk\u0142ad rozr\u00f3\u017cniamy dwa rodzaje flaneli:<\/strong><\/p>\n<ul>\n<li><strong>flanela bawe\u0142niana<\/strong> \u2013 najpopularniejsza i najch\u0119tniej u\u017cywana. Produkowana jest w stu procentach z w\u0142\u00f3kien bawe\u0142nianych, posiada gramatur\u0119 od 160 do 180 g\/m<sup>2<\/sup> i szeroko\u015b\u0107 160 lub 220 cm. Mo\u017ce by\u0107 drapana dwu- lub jednostronnie. Bawe\u0142na w swej podstawowej formie (niedrapane, g\u0142adkie tkaniny bawe\u0142niane) jest materia\u0142em ch\u0142odz\u0105cym, nienadaj\u0105cym si\u0119 na okres jesienno-zimowy. W przypadku flaneli, po uzyskaniu pokrywy w\u0142\u00f3knistej poprzez jej drapanie i wyczesywanie w\u0142\u00f3kien (st\u0105d nazwa <strong>tkaniny drapane<\/strong>), nabiera ona wi\u0119kszych w\u0142a\u015bciwo\u015bci termoizolacyjnych i staje si\u0119 tkanin\u0105 odpowiedni\u0105 r\u00f3wnie\u017c na odzie\u017c ca\u0142oroczn\u0105. Jest niezwykle delikatna dla sk\u00f3ry i posiada wysoki stopie\u0144 higroskopijno\u015bci, dlatego najcz\u0119\u015bciej wykorzystywana jest na maty higieniczne oraz ekologiczne pieluszki dla niemowl\u0105t wielokrotnego u\u017cytku. Flanela ze wzgl\u0119du na wysoki stopie\u0144 wch\u0142anialno\u015bci wilgoci, naturalny sk\u0142ad i mo\u017cliwo\u015b\u0107 prania jej w wysokich temperaturach, stanowi idealny p\u00f3\u0142fabrykat do produkcji prze\u015bcierade\u0142, komplet\u00f3w po\u015bcieli i pi\u017cam dla obu p\u0142ci. Ciekawsz\u0105 bran\u017c\u0105, kt\u00f3ra r\u00f3wnie\u017c wykorzystuje molton w kawa\u0142kach ca\u0142kiem sporych rozmiar\u00f3w, jest bran\u017ca rozrywkowa. Mo\u017ce by\u0107 bowiem u\u017cywany do obijania \u015bcian, jako os\u0142ona akustyczna oraz (ze wzgl\u0119du na znikom\u0105 przepuszczalno\u015b\u0107 \u015bwiat\u0142a) jako kurtyny i wszelkiego rodzaju os\u0142ony w teatrach itp. miejscach. Dodatkowo nadaje mu si\u0119 w\u0142a\u015bciwo\u015bci trudnopalne;<\/li>\n<li><strong>flanela we\u0142niana<\/strong> \u2013 znacznie mniej popularna od tej bawe\u0142nianej, ale o doskona\u0142ych w\u0142a\u015bciwo\u015bciach i wielkiej klasie. Najlepiej gdy jest produkowana z we\u0142ny owiec merynos\u00f3w, kt\u00f3ra nadaje si\u0119 nawet dla wra\u017cliwej sk\u00f3ry, posiada doskona\u0142e w\u0142a\u015bciwo\u015bci termoizolacyjne (grzeje nawet, gdy jest mokra) i jest chyba jedyn\u0105 we\u0142n\u0105, kt\u00f3ra nadaje si\u0119 na odzie\u017c ca\u0142oroczn\u0105. Molton we\u0142niany jest tkanin\u0105 szlachetn\u0105, wykorzystywan\u0105 do szycia eleganckiej odzie\u017cy wierzchniej: \u017cakiet\u00f3w, marynarek, spodni, sp\u00f3dnic, sukienek, p\u0142aszczyk\u00f3w. Z tego te\u017c wzgl\u0119du, by nie ujmowa\u0107 jej elegancji, barwiona jest jednolicie, w pr\u0105\u017cki lub stonowane kraty.<\/li>\n<\/ul>\n","protected":false},"excerpt":{"rendered":"<p>Tkaniny drapane W ofercie firmy TRANS-TEX znajduj\u0105 si\u0119 r\u00f3wnie\u017c tkaniny drapane nazywane flanel\u0105 lub moltonem. Charakteryzuj\u0105 si\u0119 powierzchni\u0105 drapan\u0105 (charakterystycznym<\/p>\n<div><a class=\"read-more-blog-button\" href=\"https:\/\/trans-tex.pl\/?page_id=1070\"><span>Czytaj ca\u0142o\u015b\u0107 <img decoding=\"async\" src=\"\/wp-content\/uploads\/2020\/05\/path-copy-2.svg\"><\/span><\/a><\/div>\n","protected":false},"author":1,"featured_media":0,"parent":0,"menu_order":0,"comment_status":"closed","ping_status":"closed","template":"","meta":{"footnotes":""},"yoast_head":"<!-- This site is optimized with the Yoast SEO plugin v18.6 - https:\/\/yoast.com\/wordpress\/plugins\/seo\/ -->\n<title>Tkaniny drapane - Trans-Tex Producent dzianin i tkanin<\/title>\n<meta name=\"description\" content=\"Trans-Tex - Producent dzianin i tkanin dla przemys\u0142u. W naszej ofercie \u2705 tkaniny drapane najwy\u017cszej jako\u015bci potwierdzone certyfikatami. Sprawd\u017a!\" \/>\n<meta name=\"robots\" content=\"index, follow, max-snippet:-1, max-image-preview:large, max-video-preview:-1\" \/>\n<link rel=\"canonical\" href=\"https:\/\/trans-tex.pl\/?page_id=1070\" \/>\n<meta property=\"og:locale\" content=\"pl_PL\" \/>\n<meta property=\"og:type\" content=\"article\" \/>\n<meta property=\"og:title\" content=\"Tkaniny drapane - Trans-Tex Producent dzianin i tkanin\" \/>\n<meta property=\"og:description\" content=\"Trans-Tex - Producent dzianin i tkanin dla przemys\u0142u. W naszej ofercie \u2705 tkaniny drapane najwy\u017cszej jako\u015bci potwierdzone certyfikatami. Sprawd\u017a!\" \/>\n<meta property=\"og:url\" content=\"https:\/\/trans-tex.pl\/?page_id=1070\" \/>\n<meta property=\"og:site_name\" content=\"Trans-Tex Producent dzianin i tkanin\" \/>\n<meta property=\"article:modified_time\" content=\"2020-10-14T07:17:09+00:00\" \/>\n<meta property=\"og:image\" content=\"https:\/\/trans-tex.pl\/wp-content\/uploads\/2020\/05\/noun-tetr-2140357.svg\" \/>\n<meta name=\"twitter:card\" content=\"summary_large_image\" \/>\n<meta name=\"twitter:label1\" content=\"Szacowany czas czytania\" \/>\n\t<meta name=\"twitter:data1\" content=\"2 minuty\" \/>\n<script type=\"application\/ld+json\" class=\"yoast-schema-graph\">{\"@context\":\"https:\/\/schema.org\",\"@graph\":[{\"@type\":\"WebSite\",\"@id\":\"https:\/\/trans-tex.pl\/#website\",\"url\":\"https:\/\/trans-tex.pl\/\",\"name\":\"Trans-Tex Producent dzianin i tkanin\",\"description\":\"\",\"potentialAction\":[{\"@type\":\"SearchAction\",\"target\":{\"@type\":\"EntryPoint\",\"urlTemplate\":\"https:\/\/trans-tex.pl\/?s={search_term_string}\"},\"query-input\":\"required name=search_term_string\"}],\"inLanguage\":\"pl-PL\"},{\"@type\":\"ImageObject\",\"@id\":\"https:\/\/trans-tex.pl\/?page_id=1070#primaryimage\",\"inLanguage\":\"pl-PL\",\"url\":\"https:\/\/trans-tex.pl\/wp-content\/uploads\/2020\/05\/noun-tetr-2140357.svg\",\"contentUrl\":\"https:\/\/trans-tex.pl\/wp-content\/uploads\/2020\/05\/noun-tetr-2140357.svg\"},{\"@type\":\"WebPage\",\"@id\":\"https:\/\/trans-tex.pl\/?page_id=1070#webpage\",\"url\":\"https:\/\/trans-tex.pl\/?page_id=1070\",\"name\":\"Tkaniny drapane - Trans-Tex Producent dzianin i tkanin\",\"isPartOf\":{\"@id\":\"https:\/\/trans-tex.pl\/#website\"},\"primaryImageOfPage\":{\"@id\":\"https:\/\/trans-tex.pl\/?page_id=1070#primaryimage\"},\"datePublished\":\"2020-09-16T13:11:36+00:00\",\"dateModified\":\"2020-10-14T07:17:09+00:00\",\"description\":\"Trans-Tex - Producent dzianin i tkanin dla przemys\u0142u. W naszej ofercie \u2705 tkaniny drapane najwy\u017cszej jako\u015bci potwierdzone certyfikatami. Sprawd\u017a!\",\"breadcrumb\":{\"@id\":\"https:\/\/trans-tex.pl\/?page_id=1070#breadcrumb\"},\"inLanguage\":\"pl-PL\",\"potentialAction\":[{\"@type\":\"ReadAction\",\"target\":[\"https:\/\/trans-tex.pl\/?page_id=1070\"]}]},{\"@type\":\"BreadcrumbList\",\"@id\":\"https:\/\/trans-tex.pl\/?page_id=1070#breadcrumb\",\"itemListElement\":[{\"@type\":\"ListItem\",\"position\":1,\"name\":\"Strona g\u0142\u00f3wna\",\"item\":\"https:\/\/trans-tex.pl\/\"},{\"@type\":\"ListItem\",\"position\":2,\"name\":\"Tkaniny drapane\"}]}]}<\/script>\n<!-- \/ Yoast SEO plugin. -->","yoast_head_json":{"title":"Tkaniny drapane - Trans-Tex Producent dzianin i tkanin","description":"Trans-Tex - Producent dzianin i tkanin dla przemys\u0142u. W naszej ofercie \u2705 tkaniny drapane najwy\u017cszej jako\u015bci potwierdzone certyfikatami. Sprawd\u017a!","robots":{"index":"index","follow":"follow","max-snippet":"max-snippet:-1","max-image-preview":"max-image-preview:large","max-video-preview":"max-video-preview:-1"},"canonical":"https:\/\/trans-tex.pl\/?page_id=1070","og_locale":"pl_PL","og_type":"article","og_title":"Tkaniny drapane - Trans-Tex Producent dzianin i tkanin","og_description":"Trans-Tex - Producent dzianin i tkanin dla przemys\u0142u. W naszej ofercie \u2705 tkaniny drapane najwy\u017cszej jako\u015bci potwierdzone certyfikatami. Sprawd\u017a!","og_url":"https:\/\/trans-tex.pl\/?page_id=1070","og_site_name":"Trans-Tex Producent dzianin i tkanin","article_modified_time":"2020-10-14T07:17:09+00:00","og_image":[{"url":"https:\/\/trans-tex.pl\/wp-content\/uploads\/2020\/05\/noun-tetr-2140357.svg"}],"twitter_card":"summary_large_image","twitter_misc":{"Szacowany czas czytania":"2 minuty"},"schema":{"@context":"https:\/\/schema.org","@graph":[{"@type":"WebSite","@id":"https:\/\/trans-tex.pl\/#website","url":"https:\/\/trans-tex.pl\/","name":"Trans-Tex Producent dzianin i tkanin","description":"","potentialAction":[{"@type":"SearchAction","target":{"@type":"EntryPoint","urlTemplate":"https:\/\/trans-tex.pl\/?s={search_term_string}"},"query-input":"required name=search_term_string"}],"inLanguage":"pl-PL"},{"@type":"ImageObject","@id":"https:\/\/trans-tex.pl\/?page_id=1070#primaryimage","inLanguage":"pl-PL","url":"https:\/\/trans-tex.pl\/wp-content\/uploads\/2020\/05\/noun-tetr-2140357.svg","contentUrl":"https:\/\/trans-tex.pl\/wp-content\/uploads\/2020\/05\/noun-tetr-2140357.svg"},{"@type":"WebPage","@id":"https:\/\/trans-tex.pl\/?page_id=1070#webpage","url":"https:\/\/trans-tex.pl\/?page_id=1070","name":"Tkaniny drapane - Trans-Tex Producent dzianin i tkanin","isPartOf":{"@id":"https:\/\/trans-tex.pl\/#website"},"primaryImageOfPage":{"@id":"https:\/\/trans-tex.pl\/?page_id=1070#primaryimage"},"datePublished":"2020-09-16T13:11:36+00:00","dateModified":"2020-10-14T07:17:09+00:00","description":"Trans-Tex - Producent dzianin i tkanin dla przemys\u0142u. W naszej ofercie \u2705 tkaniny drapane najwy\u017cszej jako\u015bci potwierdzone certyfikatami. Sprawd\u017a!","breadcrumb":{"@id":"https:\/\/trans-tex.pl\/?page_id=1070#breadcrumb"},"inLanguage":"pl-PL","potentialAction":[{"@type":"ReadAction","target":["https:\/\/trans-tex.pl\/?page_id=1070"]}]},{"@type":"BreadcrumbList","@id":"https:\/\/trans-tex.pl\/?page_id=1070#breadcrumb","itemListElement":[{"@type":"ListItem","position":1,"name":"Strona g\u0142\u00f3wna","item":"https:\/\/trans-tex.pl\/"},{"@type":"ListItem","position":2,"name":"Tkaniny drapane"}]}]}},"_links":{"self":[{"href":"https:\/\/trans-tex.pl\/index.php?rest_route=\/wp\/v2\/pages\/1070"}],"collection":[{"href":"https:\/\/trans-tex.pl\/index.php?rest_route=\/wp\/v2\/pages"}],"about":[{"href":"https:\/\/trans-tex.pl\/index.php?rest_route=\/wp\/v2\/types\/page"}],"author":[{"embeddable":true,"href":"https:\/\/trans-tex.pl\/index.php?rest_route=\/wp\/v2\/users\/1"}],"replies":[{"embeddable":true,"href":"https:\/\/trans-tex.pl\/index.php?rest_route=%2Fwp%2Fv2%2Fcomments&post=1070"}],"version-history":[{"count":1,"href":"https:\/\/trans-tex.pl\/index.php?rest_route=\/wp\/v2\/pages\/1070\/revisions"}],"predecessor-version":[{"id":1071,"href":"https:\/\/trans-tex.pl\/index.php?rest_route=\/wp\/v2\/pages\/1070\/revisions\/1071"}],"wp:attachment":[{"href":"https:\/\/trans-tex.pl\/index.php?rest_route=%2Fwp%2Fv2%2Fmedia&parent=1070"}],"curies":[{"name":"wp","href":"https:\/\/api.w.org\/{rel}","templated":true}]}}