{"id":1063,"date":"2020-09-16T14:56:05","date_gmt":"2020-09-16T12:56:05","guid":{"rendered":"http:\/\/trans-tex.pl\/?page_id=1063"},"modified":"2020-11-27T10:18:15","modified_gmt":"2020-11-27T09:18:15","slug":"diagonal-bawelniany","status":"publish","type":"page","link":"https:\/\/trans-tex.pl\/?page_id=1063","title":{"rendered":"Diagonal bawe\u0142niany"},"content":{"rendered":"<p><img decoding=\"async\" class=\"textiles-two-section__icon\" style=\"margin: 30px 20px 10px 30px;\" src=\"https:\/\/trans-tex.pl\/wp-content\/uploads\/2020\/05\/noun-furniture-1047926.svg\" alt=\"Diagonal bawe\u0142niany\" \/><span style=\"font-size: 18px; font-weight: bold;\">Diagonal bawe\u0142niany<\/span><\/p>\n<p style=\"margin-right: 30px; margin-left: 30px;\"><strong>Diagonal &#8211; materia\u0142<\/strong> charakteryzuj\u0105cy si\u0119 wyra\u017anym poprzecznym splotem w postaci pr\u0105\u017ck\u00f3w, kt\u00f3re zdecydowanie wyra\u017aniejsze s\u0105 po jego prawej stronie. Sko\u015bno\u015b\u0107 splotu sprawia, i\u017c jest on elastyczny w obu kierunkach. Spr\u0119\u017cysto\u015b\u0107 t\u0119 mo\u017cna zwi\u0119kszy\u0107, dodaj\u0105c do\u0144 w\u0142\u00f3kna elastyczne w zr\u00f3\u017cnicowanym sk\u0142adzie procentowym.<\/p>\n<p style=\"margin-right: 30px; margin-left: 30px;\">Stosuj\u0105c r\u00f3\u017cne rodzaje produkcji oraz w\u0142\u00f3kna, <strong>dzianina diagonal<\/strong> mo\u017ce posiada\u0107 mniej lub bardziej wypuk\u0142e, a tym samym widoczne pr\u0105\u017cki po obu stronach. Ma to znaczny wp\u0142yw na stopie\u0144 dekoracyjno\u015bci materia\u0142u i jego przeznaczenie. Wyra\u017anie wypuk\u0142y splot mo\u017ce powodowa\u0107 dyskomfort w przypadku noszenia szytej z niego odzie\u017cy, natomiast b\u0119dzie stanowi\u0142 doskona\u0142\u0105 ozdob\u0119 dla zas\u0142on, narzut czy poduszek.<\/p>\n<h2 style=\"margin-right: 30px; margin-left: 30px;\">Diagonal bawe\u0142niany \u2013 nie tylko na odzie\u017c robocz\u0105<\/h2>\n<p style=\"margin-right: 30px; margin-left: 30px;\">Bez wzgl\u0119du na sk\u0142ad surowcowy, <strong>dzianina diagonal<\/strong> charakteryzuje si\u0119 bardzo zwartym splotem niepowoduj\u0105cym prze\u015bwit\u00f3w nawet podczas rozci\u0105gania materia\u0142u.<\/p>\n<p style=\"margin-right: 30px; margin-left: 30px;\">Ze wzgl\u0119du na rodzaj przeznaczenia diagonal prz\u0119dzony mo\u017ce by\u0107 z r\u00f3\u017cnego rodzaju w\u0142\u00f3kien oraz r\u00f3\u017cnych ich mieszanek:<\/p>\n<ul>\n<li><strong>diagonal wiskozowy<\/strong> \u2013 w\u0142\u00f3kna wiskozowe najlepiej \u0142\u0105czy\u0107 z poliamidem lub poliestrem, zwi\u0119kszaj\u0105c w ten spos\u00f3b wytrzyma\u0142o\u015b\u0107 gotowych wyrob\u00f3w i zmniejszaj\u0105c podatno\u015b\u0107 na zagniecenia. B\u0119dzie to materia\u0142 odpowiedni na odzie\u017c wierzchni\u0105, jak marynarki, \u017cakiety, sukienki, sp\u00f3dnice, a tak\u017ce zas\u0142ony i inne elementy dekoracji wn\u0119trz;<\/li>\n<li><strong>diagonal we\u0142niany<\/strong> \u2013 w\u0142\u00f3kna we\u0142ny najcz\u0119\u015bciej \u0142\u0105czy si\u0119 z poliestrowymi. Dodatek w\u0142\u00f3kien syntetycznych znacznie zwi\u0119ksza wytrzyma\u0142o\u015b\u0107 we\u0142ny na przetarcia i gniecenie, dzi\u0119ki czemu gotowe wyroby wygl\u0105daj\u0105 znacznie schludniej. Diagonal we\u0142niany b\u0119dzie materia\u0142em odpowiednim na eleganckie \u017cakiety, marynarki, sp\u00f3dnice, sukienki, narzuty i poduszki dekoracyjne;<\/li>\n<li><strong>diagonal bawe\u0142niany<\/strong> \u2013 bawe\u0142na jest w\u0142\u00f3knem mocnym, o wysokiej higroskopijno\u015bci i pozwala wyra\u017anie podkre\u015bla\u0107 wzory strukturalne, dodatkowo gotowe materia\u0142y o du\u017cej zawarto\u015bci bawe\u0142ny s\u0105 do\u015b\u0107 \u0142atwe w obr\u00f3bce i piel\u0119gnacji. Stanowi doskona\u0142y materia\u0142 na ochronn\u0105 odzie\u017c robocz\u0105, ale tak\u017ce (zale\u017cnie od grubo\u015bci) na lekkie p\u0142aszcze, \u017cakiety, marynarki, sp\u00f3dnice, sukienki, zas\u0142ony i wszelkie elementy dekoracyjne wn\u0119trz.<\/li>\n<\/ul>\n","protected":false},"excerpt":{"rendered":"<p>Diagonal bawe\u0142niany Diagonal &#8211; materia\u0142 charakteryzuj\u0105cy si\u0119 wyra\u017anym poprzecznym splotem w postaci pr\u0105\u017ck\u00f3w, kt\u00f3re zdecydowanie wyra\u017aniejsze s\u0105 po jego prawej<\/p>\n<div><a class=\"read-more-blog-button\" href=\"https:\/\/trans-tex.pl\/?page_id=1063\"><span>Czytaj ca\u0142o\u015b\u0107 <img decoding=\"async\" src=\"\/wp-content\/uploads\/2020\/05\/path-copy-2.svg\"><\/span><\/a><\/div>\n","protected":false},"author":1,"featured_media":0,"parent":0,"menu_order":0,"comment_status":"closed","ping_status":"closed","template":"","meta":{"footnotes":""},"yoast_head":"<!-- This site is optimized with the Yoast SEO plugin v18.6 - https:\/\/yoast.com\/wordpress\/plugins\/seo\/ -->\n<title>Diagonal bawe\u0142niany - Dzianina diagonal - materia\u0142 - Trans-Tex<\/title>\n<meta name=\"description\" content=\"Trans-Tex - Producent dzianin i tkanin dla przemys\u0142u. W naszej ofercie \u2705 diagonal bawe\u0142niany najwy\u017cszej jako\u015bci potwierdzony certyfikatami. Sprawd\u017a!\" \/>\n<meta name=\"robots\" content=\"index, follow, max-snippet:-1, max-image-preview:large, max-video-preview:-1\" \/>\n<link rel=\"canonical\" href=\"https:\/\/trans-tex.pl\/?page_id=1063\" \/>\n<meta property=\"og:locale\" content=\"pl_PL\" \/>\n<meta property=\"og:type\" content=\"article\" \/>\n<meta property=\"og:title\" content=\"Diagonal bawe\u0142niany - Dzianina diagonal - materia\u0142 - Trans-Tex\" \/>\n<meta property=\"og:description\" content=\"Trans-Tex - Producent dzianin i tkanin dla przemys\u0142u. W naszej ofercie \u2705 diagonal bawe\u0142niany najwy\u017cszej jako\u015bci potwierdzony certyfikatami. Sprawd\u017a!\" \/>\n<meta property=\"og:url\" content=\"https:\/\/trans-tex.pl\/?page_id=1063\" \/>\n<meta property=\"og:site_name\" content=\"Trans-Tex Producent dzianin i tkanin\" \/>\n<meta property=\"article:modified_time\" content=\"2020-11-27T09:18:15+00:00\" \/>\n<meta property=\"og:image\" content=\"https:\/\/trans-tex.pl\/wp-content\/uploads\/2020\/05\/noun-furniture-1047926.svg\" \/>\n<meta name=\"twitter:card\" content=\"summary_large_image\" \/>\n<meta name=\"twitter:label1\" content=\"Szacowany czas czytania\" \/>\n\t<meta name=\"twitter:data1\" content=\"2 minuty\" \/>\n<script type=\"application\/ld+json\" class=\"yoast-schema-graph\">{\"@context\":\"https:\/\/schema.org\",\"@graph\":[{\"@type\":\"WebSite\",\"@id\":\"https:\/\/trans-tex.pl\/#website\",\"url\":\"https:\/\/trans-tex.pl\/\",\"name\":\"Trans-Tex Producent dzianin i tkanin\",\"description\":\"\",\"potentialAction\":[{\"@type\":\"SearchAction\",\"target\":{\"@type\":\"EntryPoint\",\"urlTemplate\":\"https:\/\/trans-tex.pl\/?s={search_term_string}\"},\"query-input\":\"required name=search_term_string\"}],\"inLanguage\":\"pl-PL\"},{\"@type\":\"ImageObject\",\"@id\":\"https:\/\/trans-tex.pl\/?page_id=1063#primaryimage\",\"inLanguage\":\"pl-PL\",\"url\":\"https:\/\/trans-tex.pl\/wp-content\/uploads\/2020\/05\/noun-furniture-1047926.svg\",\"contentUrl\":\"https:\/\/trans-tex.pl\/wp-content\/uploads\/2020\/05\/noun-furniture-1047926.svg\"},{\"@type\":\"WebPage\",\"@id\":\"https:\/\/trans-tex.pl\/?page_id=1063#webpage\",\"url\":\"https:\/\/trans-tex.pl\/?page_id=1063\",\"name\":\"Diagonal bawe\u0142niany - Dzianina diagonal - materia\u0142 - Trans-Tex\",\"isPartOf\":{\"@id\":\"https:\/\/trans-tex.pl\/#website\"},\"primaryImageOfPage\":{\"@id\":\"https:\/\/trans-tex.pl\/?page_id=1063#primaryimage\"},\"datePublished\":\"2020-09-16T12:56:05+00:00\",\"dateModified\":\"2020-11-27T09:18:15+00:00\",\"description\":\"Trans-Tex - Producent dzianin i tkanin dla przemys\u0142u. W naszej ofercie \u2705 diagonal bawe\u0142niany najwy\u017cszej jako\u015bci potwierdzony certyfikatami. Sprawd\u017a!\",\"breadcrumb\":{\"@id\":\"https:\/\/trans-tex.pl\/?page_id=1063#breadcrumb\"},\"inLanguage\":\"pl-PL\",\"potentialAction\":[{\"@type\":\"ReadAction\",\"target\":[\"https:\/\/trans-tex.pl\/?page_id=1063\"]}]},{\"@type\":\"BreadcrumbList\",\"@id\":\"https:\/\/trans-tex.pl\/?page_id=1063#breadcrumb\",\"itemListElement\":[{\"@type\":\"ListItem\",\"position\":1,\"name\":\"Strona g\u0142\u00f3wna\",\"item\":\"https:\/\/trans-tex.pl\/\"},{\"@type\":\"ListItem\",\"position\":2,\"name\":\"Diagonal bawe\u0142niany\"}]}]}<\/script>\n<!-- \/ Yoast SEO plugin. -->","yoast_head_json":{"title":"Diagonal bawe\u0142niany - Dzianina diagonal - materia\u0142 - Trans-Tex","description":"Trans-Tex - Producent dzianin i tkanin dla przemys\u0142u. W naszej ofercie \u2705 diagonal bawe\u0142niany najwy\u017cszej jako\u015bci potwierdzony certyfikatami. Sprawd\u017a!","robots":{"index":"index","follow":"follow","max-snippet":"max-snippet:-1","max-image-preview":"max-image-preview:large","max-video-preview":"max-video-preview:-1"},"canonical":"https:\/\/trans-tex.pl\/?page_id=1063","og_locale":"pl_PL","og_type":"article","og_title":"Diagonal bawe\u0142niany - Dzianina diagonal - materia\u0142 - Trans-Tex","og_description":"Trans-Tex - Producent dzianin i tkanin dla przemys\u0142u. W naszej ofercie \u2705 diagonal bawe\u0142niany najwy\u017cszej jako\u015bci potwierdzony certyfikatami. Sprawd\u017a!","og_url":"https:\/\/trans-tex.pl\/?page_id=1063","og_site_name":"Trans-Tex Producent dzianin i tkanin","article_modified_time":"2020-11-27T09:18:15+00:00","og_image":[{"url":"https:\/\/trans-tex.pl\/wp-content\/uploads\/2020\/05\/noun-furniture-1047926.svg"}],"twitter_card":"summary_large_image","twitter_misc":{"Szacowany czas czytania":"2 minuty"},"schema":{"@context":"https:\/\/schema.org","@graph":[{"@type":"WebSite","@id":"https:\/\/trans-tex.pl\/#website","url":"https:\/\/trans-tex.pl\/","name":"Trans-Tex Producent dzianin i tkanin","description":"","potentialAction":[{"@type":"SearchAction","target":{"@type":"EntryPoint","urlTemplate":"https:\/\/trans-tex.pl\/?s={search_term_string}"},"query-input":"required name=search_term_string"}],"inLanguage":"pl-PL"},{"@type":"ImageObject","@id":"https:\/\/trans-tex.pl\/?page_id=1063#primaryimage","inLanguage":"pl-PL","url":"https:\/\/trans-tex.pl\/wp-content\/uploads\/2020\/05\/noun-furniture-1047926.svg","contentUrl":"https:\/\/trans-tex.pl\/wp-content\/uploads\/2020\/05\/noun-furniture-1047926.svg"},{"@type":"WebPage","@id":"https:\/\/trans-tex.pl\/?page_id=1063#webpage","url":"https:\/\/trans-tex.pl\/?page_id=1063","name":"Diagonal bawe\u0142niany - Dzianina diagonal - materia\u0142 - Trans-Tex","isPartOf":{"@id":"https:\/\/trans-tex.pl\/#website"},"primaryImageOfPage":{"@id":"https:\/\/trans-tex.pl\/?page_id=1063#primaryimage"},"datePublished":"2020-09-16T12:56:05+00:00","dateModified":"2020-11-27T09:18:15+00:00","description":"Trans-Tex - Producent dzianin i tkanin dla przemys\u0142u. W naszej ofercie \u2705 diagonal bawe\u0142niany najwy\u017cszej jako\u015bci potwierdzony certyfikatami. Sprawd\u017a!","breadcrumb":{"@id":"https:\/\/trans-tex.pl\/?page_id=1063#breadcrumb"},"inLanguage":"pl-PL","potentialAction":[{"@type":"ReadAction","target":["https:\/\/trans-tex.pl\/?page_id=1063"]}]},{"@type":"BreadcrumbList","@id":"https:\/\/trans-tex.pl\/?page_id=1063#breadcrumb","itemListElement":[{"@type":"ListItem","position":1,"name":"Strona g\u0142\u00f3wna","item":"https:\/\/trans-tex.pl\/"},{"@type":"ListItem","position":2,"name":"Diagonal bawe\u0142niany"}]}]}},"_links":{"self":[{"href":"https:\/\/trans-tex.pl\/index.php?rest_route=\/wp\/v2\/pages\/1063"}],"collection":[{"href":"https:\/\/trans-tex.pl\/index.php?rest_route=\/wp\/v2\/pages"}],"about":[{"href":"https:\/\/trans-tex.pl\/index.php?rest_route=\/wp\/v2\/types\/page"}],"author":[{"embeddable":true,"href":"https:\/\/trans-tex.pl\/index.php?rest_route=\/wp\/v2\/users\/1"}],"replies":[{"embeddable":true,"href":"https:\/\/trans-tex.pl\/index.php?rest_route=%2Fwp%2Fv2%2Fcomments&post=1063"}],"version-history":[{"count":3,"href":"https:\/\/trans-tex.pl\/index.php?rest_route=\/wp\/v2\/pages\/1063\/revisions"}],"predecessor-version":[{"id":1182,"href":"https:\/\/trans-tex.pl\/index.php?rest_route=\/wp\/v2\/pages\/1063\/revisions\/1182"}],"wp:attachment":[{"href":"https:\/\/trans-tex.pl\/index.php?rest_route=%2Fwp%2Fv2%2Fmedia&parent=1063"}],"curies":[{"name":"wp","href":"https:\/\/api.w.org\/{rel}","templated":true}]}}