{"id":1058,"date":"2020-09-16T14:42:32","date_gmt":"2020-09-16T12:42:32","guid":{"rendered":"http:\/\/trans-tex.pl\/?page_id=1058"},"modified":"2020-10-14T09:20:21","modified_gmt":"2020-10-14T07:20:21","slug":"czysciwo-bawelniane","status":"publish","type":"page","link":"https:\/\/trans-tex.pl\/?page_id=1058","title":{"rendered":"Czy\u015bciwo bawe\u0142niane"},"content":{"rendered":"<p><img decoding=\"async\" class=\"textiles-two-section__icon\" style=\"margin: 30px 20px 10px 30px;\" src=\"https:\/\/trans-tex.pl\/wp-content\/uploads\/2020\/05\/noun-carrier-2140357.svg\" alt=\"Czy\u015bciwo bawe\u0142niane\" \/><span style=\"font-size: 18px; font-weight: bold;\">Czy\u015bciwo bawe\u0142niane<\/span><\/p>\n<p style=\"margin-right: 30px; margin-left: 30px;\">Wiele ga\u0142\u0119zi przemys\u0142u wi\u0105\u017ce si\u0119 z r\u00f3\u017cnego rodzaju zabrudzeniami, z kt\u00f3rymi zwyk\u0142e szmatki czy g\u0105bki nie radz\u0105 sobie tak dobrze, jak radzi sobie <strong>czy\u015bciwo bawe\u0142niane<\/strong>. Przewaga produkt\u00f3w do sprz\u0105tania, kt\u00f3re na co dzie\u0144 u\u017cywamy w domu, wykonywane s\u0105 w wi\u0119kszo\u015bci z w\u0142\u00f3kien syntetycznych lub syntetycznych zmieszanych z bawe\u0142nianymi. S\u0105 one wystarczaj\u0105ce w przypadku domowych porz\u0105dk\u00f3w, nie sprawdzaj\u0105 si\u0119 jednak w warsztatach samochodowych czy przemy\u015ble metalurgicznym.<\/p>\n<p style=\"margin-right: 30px; margin-left: 30px;\">Czy\u015bciwo naszej produkcji charakteryzuje si\u0119 <strong>wyj\u0105tkow\u0105 ch\u0142onno\u015bci\u0105 wszelkiego rodzaju p\u0142yn\u00f3w<\/strong>, przy jednakowym zachowaniu delikatno\u015bci dla wra\u017cliwych powierzchni. Dzi\u0119ki stuprocentowej zawarto\u015bci bawe\u0142ny materia\u0142 jest g\u0142adki r\u00f3wnie\u017c dla sk\u00f3ry r\u0105k, do czyszczenia kt\u00f3rych r\u00f3wnie\u017c mo\u017ce by\u0107 przeznaczony.<\/p>\n<p style=\"margin-right: 30px; margin-left: 30px;\">W\u015br\u00f3d tkanin ju\u017c znajduj\u0105cych si\u0119 w ofercie TRANS-TEX, a cz\u0119sto wykorzystywanych jako <strong>czy\u015bciwo bawe\u0142niane<\/strong>, znajduj\u0105 si\u0119:<\/p>\n<ul>\n<li><strong>tkaniny flanelowe<\/strong> (molton) o gramaturze 160-180 g\/m<sup>2 <\/sup>i szeroko\u015bciach 160 i 220 cm;<\/li>\n<li><strong>tkaniny tetrowe<\/strong> (mu\u015blinowe) o szeroko\u015bciach 80 i 160 cm.<\/li>\n<\/ul>\n<p style=\"margin-right: 30px; margin-left: 30px;\">Oba rodzaje tkanin s\u0105 produkowane przede wszystkim z my\u015bl\u0105 o wyrobach dla dzieci i niemowl\u0105t (pieluszki, po\u015bciele, kocyki), a wi\u0119c ju\u017c z zasady odznacza\u0107 si\u0119 musz\u0105 szczeg\u00f3ln\u0105 delikatno\u015bci\u0105. <strong>Na zlecenie klienta oraz po wprowadzeniu odpowiednich poprawek mog\u0105 one by\u0107 produkowane z przeznaczeniem na czy\u015bciwo.<\/strong><\/p>\n<h2 style=\"margin-right: 30px; margin-left: 30px;\">Czy\u015bciwo bawe\u0142niane \u2013 materia\u0142 do wszystkiego<\/h2>\n<p style=\"margin-right: 30px; margin-left: 30px;\">R\u00f3\u017cnego rodzaju szmaty do \u201ezada\u0144 specjalnych\u201d wykorzystywane s\u0105 niemal w ka\u017cdej dziedzinie przemys\u0142u. Ze wzgl\u0119du na swoj\u0105 nisk\u0105 cen\u0119 bardzo cz\u0119sto jako czy\u015bciwo u\u017cywa si\u0119 segregowanych wed\u0142ug koloru i sk\u0142adu materia\u0142owego u\u017cywanych ubra\u0144. <strong>Najlepiej sprawdz\u0105 si\u0119 te ze stuprocentowej bawe\u0142ny, jednak cz\u0119\u015b\u0107 tego typu szmat z przeznaczeniem na czy\u015bciwo nie zawsze stanowi materia\u0142y o dobrej wch\u0142anialno\u015bci r\u00f3\u017cnego rodzaju zabrudze\u0144.<\/strong><\/p>\n<p style=\"margin-right: 30px; margin-left: 30px;\">Najlepszym rozwi\u0105zaniem jest produkcja wysokiej jako\u015bci czy\u015bciwa w stu procentach wykonanego z bawe\u0142ny i z g\u00f3ry zaprojektowanego do usuwania okre\u015blonych zabrudze\u0144. Najnowsze technologie pozwalaj\u0105 na uzyskanie zaskakuj\u0105cych efekt\u00f3w, nawet przy tak pozornie prozaicznych produktach jakim s\u0105 szmaty do czyszczenia.<\/p>\n<p style=\"margin-right: 30px; margin-left: 30px;\">Polecamy zamawianie czy\u015bciwa bawe\u0142nianego nie na sprzeda\u017c, lecz na wynajem, kt\u00f3ra to metoda zyskuje coraz wi\u0119cej zwolennik\u00f3w, cho\u0107by z racji redukcji ilo\u015b\u0107 odpad\u00f3w. <strong>Mo\u017ce by\u0107 ono produkowane w r\u00f3\u017cnej gramaturze, zale\u017cnie od przeznaczenia gotowego wyrobu.<\/strong> Grubsze czy\u015bciwo sprawdzi si\u0119 jako uniwersalna szmatka do czyszczenia wszelkiego rodzaju powierzchni, wycierania r\u0105k ubrudzonych smarami, a nawet do mycia pod\u0142\u00f3g. Delikatne wersje b\u0119d\u0105 odpowiednie do powierzchni, na kt\u00f3rych chcemy unikn\u0105\u0107 zarysowa\u0144 oraz maksymalnie obni\u017cy\u0107 ilo\u015b\u0107 uwalniaj\u0105cych si\u0119 py\u0142k\u00f3w podczas czyszczenia najdelikatniejszych element\u00f3w.<\/p>\n","protected":false},"excerpt":{"rendered":"<p>Czy\u015bciwo bawe\u0142niane Wiele ga\u0142\u0119zi przemys\u0142u wi\u0105\u017ce si\u0119 z r\u00f3\u017cnego rodzaju zabrudzeniami, z kt\u00f3rymi zwyk\u0142e szmatki czy g\u0105bki nie radz\u0105 sobie<\/p>\n<div><a class=\"read-more-blog-button\" href=\"https:\/\/trans-tex.pl\/?page_id=1058\"><span>Czytaj ca\u0142o\u015b\u0107 <img decoding=\"async\" src=\"\/wp-content\/uploads\/2020\/05\/path-copy-2.svg\"><\/span><\/a><\/div>\n","protected":false},"author":1,"featured_media":0,"parent":0,"menu_order":0,"comment_status":"closed","ping_status":"closed","template":"","meta":{"footnotes":""},"yoast_head":"<!-- This site is optimized with the Yoast SEO plugin v18.6 - https:\/\/yoast.com\/wordpress\/plugins\/seo\/ -->\n<title>Czy\u015bciwo bawe\u0142niane - Trans-Tex Producent dzianin i tkanin<\/title>\n<meta name=\"description\" content=\"Trans-Tex - Producent dzianin i tkanin dla przemys\u0142u. W naszej ofercie \u2705 czy\u015bciwo bawe\u0142niane najwy\u017cszej jako\u015bci potwierdzone certyfikatami. Sprawd\u017a!\" \/>\n<meta name=\"robots\" content=\"index, follow, max-snippet:-1, max-image-preview:large, max-video-preview:-1\" \/>\n<link rel=\"canonical\" href=\"https:\/\/trans-tex.pl\/?page_id=1058\" \/>\n<meta property=\"og:locale\" content=\"pl_PL\" \/>\n<meta property=\"og:type\" content=\"article\" \/>\n<meta property=\"og:title\" content=\"Czy\u015bciwo bawe\u0142niane - Trans-Tex Producent dzianin i tkanin\" \/>\n<meta property=\"og:description\" content=\"Trans-Tex - Producent dzianin i tkanin dla przemys\u0142u. W naszej ofercie \u2705 czy\u015bciwo bawe\u0142niane najwy\u017cszej jako\u015bci potwierdzone certyfikatami. Sprawd\u017a!\" \/>\n<meta property=\"og:url\" content=\"https:\/\/trans-tex.pl\/?page_id=1058\" \/>\n<meta property=\"og:site_name\" content=\"Trans-Tex Producent dzianin i tkanin\" \/>\n<meta property=\"article:modified_time\" content=\"2020-10-14T07:20:21+00:00\" \/>\n<meta property=\"og:image\" content=\"https:\/\/trans-tex.pl\/wp-content\/uploads\/2020\/05\/noun-carrier-2140357.svg\" \/>\n<meta name=\"twitter:card\" content=\"summary_large_image\" \/>\n<meta name=\"twitter:label1\" content=\"Szacowany czas czytania\" \/>\n\t<meta name=\"twitter:data1\" content=\"2 minuty\" \/>\n<script type=\"application\/ld+json\" class=\"yoast-schema-graph\">{\"@context\":\"https:\/\/schema.org\",\"@graph\":[{\"@type\":\"WebSite\",\"@id\":\"https:\/\/trans-tex.pl\/#website\",\"url\":\"https:\/\/trans-tex.pl\/\",\"name\":\"Trans-Tex Producent dzianin i tkanin\",\"description\":\"\",\"potentialAction\":[{\"@type\":\"SearchAction\",\"target\":{\"@type\":\"EntryPoint\",\"urlTemplate\":\"https:\/\/trans-tex.pl\/?s={search_term_string}\"},\"query-input\":\"required name=search_term_string\"}],\"inLanguage\":\"pl-PL\"},{\"@type\":\"ImageObject\",\"@id\":\"https:\/\/trans-tex.pl\/?page_id=1058#primaryimage\",\"inLanguage\":\"pl-PL\",\"url\":\"https:\/\/trans-tex.pl\/wp-content\/uploads\/2020\/05\/noun-carrier-2140357.svg\",\"contentUrl\":\"https:\/\/trans-tex.pl\/wp-content\/uploads\/2020\/05\/noun-carrier-2140357.svg\"},{\"@type\":\"WebPage\",\"@id\":\"https:\/\/trans-tex.pl\/?page_id=1058#webpage\",\"url\":\"https:\/\/trans-tex.pl\/?page_id=1058\",\"name\":\"Czy\u015bciwo bawe\u0142niane - Trans-Tex Producent dzianin i tkanin\",\"isPartOf\":{\"@id\":\"https:\/\/trans-tex.pl\/#website\"},\"primaryImageOfPage\":{\"@id\":\"https:\/\/trans-tex.pl\/?page_id=1058#primaryimage\"},\"datePublished\":\"2020-09-16T12:42:32+00:00\",\"dateModified\":\"2020-10-14T07:20:21+00:00\",\"description\":\"Trans-Tex - Producent dzianin i tkanin dla przemys\u0142u. W naszej ofercie \u2705 czy\u015bciwo bawe\u0142niane najwy\u017cszej jako\u015bci potwierdzone certyfikatami. Sprawd\u017a!\",\"breadcrumb\":{\"@id\":\"https:\/\/trans-tex.pl\/?page_id=1058#breadcrumb\"},\"inLanguage\":\"pl-PL\",\"potentialAction\":[{\"@type\":\"ReadAction\",\"target\":[\"https:\/\/trans-tex.pl\/?page_id=1058\"]}]},{\"@type\":\"BreadcrumbList\",\"@id\":\"https:\/\/trans-tex.pl\/?page_id=1058#breadcrumb\",\"itemListElement\":[{\"@type\":\"ListItem\",\"position\":1,\"name\":\"Strona g\u0142\u00f3wna\",\"item\":\"https:\/\/trans-tex.pl\/\"},{\"@type\":\"ListItem\",\"position\":2,\"name\":\"Czy\u015bciwo bawe\u0142niane\"}]}]}<\/script>\n<!-- \/ Yoast SEO plugin. -->","yoast_head_json":{"title":"Czy\u015bciwo bawe\u0142niane - Trans-Tex Producent dzianin i tkanin","description":"Trans-Tex - Producent dzianin i tkanin dla przemys\u0142u. W naszej ofercie \u2705 czy\u015bciwo bawe\u0142niane najwy\u017cszej jako\u015bci potwierdzone certyfikatami. Sprawd\u017a!","robots":{"index":"index","follow":"follow","max-snippet":"max-snippet:-1","max-image-preview":"max-image-preview:large","max-video-preview":"max-video-preview:-1"},"canonical":"https:\/\/trans-tex.pl\/?page_id=1058","og_locale":"pl_PL","og_type":"article","og_title":"Czy\u015bciwo bawe\u0142niane - Trans-Tex Producent dzianin i tkanin","og_description":"Trans-Tex - Producent dzianin i tkanin dla przemys\u0142u. W naszej ofercie \u2705 czy\u015bciwo bawe\u0142niane najwy\u017cszej jako\u015bci potwierdzone certyfikatami. Sprawd\u017a!","og_url":"https:\/\/trans-tex.pl\/?page_id=1058","og_site_name":"Trans-Tex Producent dzianin i tkanin","article_modified_time":"2020-10-14T07:20:21+00:00","og_image":[{"url":"https:\/\/trans-tex.pl\/wp-content\/uploads\/2020\/05\/noun-carrier-2140357.svg"}],"twitter_card":"summary_large_image","twitter_misc":{"Szacowany czas czytania":"2 minuty"},"schema":{"@context":"https:\/\/schema.org","@graph":[{"@type":"WebSite","@id":"https:\/\/trans-tex.pl\/#website","url":"https:\/\/trans-tex.pl\/","name":"Trans-Tex Producent dzianin i tkanin","description":"","potentialAction":[{"@type":"SearchAction","target":{"@type":"EntryPoint","urlTemplate":"https:\/\/trans-tex.pl\/?s={search_term_string}"},"query-input":"required name=search_term_string"}],"inLanguage":"pl-PL"},{"@type":"ImageObject","@id":"https:\/\/trans-tex.pl\/?page_id=1058#primaryimage","inLanguage":"pl-PL","url":"https:\/\/trans-tex.pl\/wp-content\/uploads\/2020\/05\/noun-carrier-2140357.svg","contentUrl":"https:\/\/trans-tex.pl\/wp-content\/uploads\/2020\/05\/noun-carrier-2140357.svg"},{"@type":"WebPage","@id":"https:\/\/trans-tex.pl\/?page_id=1058#webpage","url":"https:\/\/trans-tex.pl\/?page_id=1058","name":"Czy\u015bciwo bawe\u0142niane - Trans-Tex Producent dzianin i tkanin","isPartOf":{"@id":"https:\/\/trans-tex.pl\/#website"},"primaryImageOfPage":{"@id":"https:\/\/trans-tex.pl\/?page_id=1058#primaryimage"},"datePublished":"2020-09-16T12:42:32+00:00","dateModified":"2020-10-14T07:20:21+00:00","description":"Trans-Tex - Producent dzianin i tkanin dla przemys\u0142u. W naszej ofercie \u2705 czy\u015bciwo bawe\u0142niane najwy\u017cszej jako\u015bci potwierdzone certyfikatami. Sprawd\u017a!","breadcrumb":{"@id":"https:\/\/trans-tex.pl\/?page_id=1058#breadcrumb"},"inLanguage":"pl-PL","potentialAction":[{"@type":"ReadAction","target":["https:\/\/trans-tex.pl\/?page_id=1058"]}]},{"@type":"BreadcrumbList","@id":"https:\/\/trans-tex.pl\/?page_id=1058#breadcrumb","itemListElement":[{"@type":"ListItem","position":1,"name":"Strona g\u0142\u00f3wna","item":"https:\/\/trans-tex.pl\/"},{"@type":"ListItem","position":2,"name":"Czy\u015bciwo bawe\u0142niane"}]}]}},"_links":{"self":[{"href":"https:\/\/trans-tex.pl\/index.php?rest_route=\/wp\/v2\/pages\/1058"}],"collection":[{"href":"https:\/\/trans-tex.pl\/index.php?rest_route=\/wp\/v2\/pages"}],"about":[{"href":"https:\/\/trans-tex.pl\/index.php?rest_route=\/wp\/v2\/types\/page"}],"author":[{"embeddable":true,"href":"https:\/\/trans-tex.pl\/index.php?rest_route=\/wp\/v2\/users\/1"}],"replies":[{"embeddable":true,"href":"https:\/\/trans-tex.pl\/index.php?rest_route=%2Fwp%2Fv2%2Fcomments&post=1058"}],"version-history":[{"count":3,"href":"https:\/\/trans-tex.pl\/index.php?rest_route=\/wp\/v2\/pages\/1058\/revisions"}],"predecessor-version":[{"id":1062,"href":"https:\/\/trans-tex.pl\/index.php?rest_route=\/wp\/v2\/pages\/1058\/revisions\/1062"}],"wp:attachment":[{"href":"https:\/\/trans-tex.pl\/index.php?rest_route=%2Fwp%2Fv2%2Fmedia&parent=1058"}],"curies":[{"name":"wp","href":"https:\/\/api.w.org\/{rel}","templated":true}]}}