{"id":1044,"date":"2020-09-16T14:25:38","date_gmt":"2020-09-16T12:25:38","guid":{"rendered":"http:\/\/trans-tex.pl\/?page_id=1044"},"modified":"2022-08-09T09:31:46","modified_gmt":"2022-08-09T07:31:46","slug":"bawelna-kanwas","status":"publish","type":"page","link":"https:\/\/trans-tex.pl\/?page_id=1044","title":{"rendered":"Bawe\u0142na kanwas"},"content":{"rendered":"<p><!--<span data-mce-type=\"bookmark\" style=\"display: inline-block; width: 0px; overflow: hidden; line-height: 0;\" class=\"mce_SELRES_start\"><\/span><img decoding=\"async\" width=\"445\" height=\"425\" class=\"wp-image-83 size-full alignleft\" style=\"float: left; margin-right: 30px; margin-left: 20px;\" src=\"http:\/\/trans-tex.pl\/wp-content\/uploads\/2020\/05\/mask.png\" alt=\"bawe\u0142na kanwas\" srcset=\"https:\/\/trans-tex.pl\/wp-content\/uploads\/2020\/05\/mask.png 445w, https:\/\/trans-tex.pl\/wp-content\/uploads\/2020\/05\/mask-300x287.png 300w\" sizes=\"(max-width: 445px) 100vw, 445px\" \/><span data-mce-type=\"bookmark\" style=\"display: inline-block; width: 0px; overflow: hidden; line-height: 0;\" class=\"mce_SELRES_end\"><\/span>--><img decoding=\"async\" class=\"textiles-two-section__icon\" style=\"margin: 30px 20px 10px 30px;\" src=\"http:\/\/trans-tex.pl\/wp-content\/uploads\/2020\/05\/flanelowe-1.svg\" alt=\"Dzianiny antybakteryjne\" \/><span style=\"font-size: 18px; font-weight: bold;\">Bawe\u0142na kanwas<\/span><\/p>\n<p style=\"margin-right: 30px; margin-left: 30px;\">Bawe\u0142na kanwas (canvas) lub jej mieszanka z poliestrem produkowana jest w gramaturze powy\u017cej <strong>300 g\/m2<\/strong> i szeroko\u015bciach do <strong>250 cm<\/strong>. Jest materia\u0142em o du\u017cej odporno\u015bci na przetarcia, a dzi\u0119ki dodatkowi poliestru w r\u00f3\u017cnym stopniu tak\u017ce na zagniecenia (im wi\u0119kszy procent poliestru, tym wi\u0119ksza odporno\u015b\u0107 na gniecenie).<\/p>\n<p style=\"margin-right: 30px; margin-left: 30px;\">Wersja o ni\u017cszej gramaturze mo\u017ce by\u0107 wykorzystywana na obrusy (r\u00f3wnie\u017c te o zadruku graficznym). <strong>Kanwas grubszy jest doskona\u0142\u0105 tkanin\u0105 na odzie\u017c ochronn\u0105 i mundury; dodatkowym atutem mo\u017ce by\u0107 nadanie jej w\u0142a\u015bciwo\u015bci trudnopalnych<\/strong> (zw\u0142aszcza dla odzie\u017cy roboczej).<br \/>\nKolory naszym wyrobom nadajemy \u015bci\u015ble wed\u0142ug zlece\u0144 klient\u00f3w, a kt\u00f3re mo\u017cemy zaprezentowa\u0107 w odpowiednim pr\u00f3bniku.<\/p>\n<h2 style=\"margin-left: 30px;\">Mo\u017cliwo\u015bci wykorzystania<\/h2>\n<p style=\"margin-right: 30px; margin-left: 30px;\">Swoj\u0105 faktur\u0105 tkanina kanwas przypomina p\u0142\u00f3tno \u017ceglarskie i jest podobnie wytrzyma\u0142a. Dzi\u0119ki swemu \u201esurowemu\u201d i rustykalnemu wygl\u0105dowi stanowi doskona\u0142y materia\u0142 na oryginalne poduszki ozdobne, kt\u00f3re b\u0119d\u0105 komponowa\u0107 si\u0119 ze stylem skandynawskim i wsp\u00f3\u0142czesnymi betonowymi wn\u0119trzami.<br \/>\n<strong>Bawe\u0142na kanwas<\/strong> to r\u00f3wnie\u017c idealny p\u00f3\u0142produkt do tworzenia toreb o r\u00f3\u017cnym przeznaczeniu \u2013 torby damskie, m\u0119skie, r\u00f3\u017cnego rodzaju worki, torby podr\u00f3\u017cne. Doskonale \u0142\u0105czy si\u0119 z elementami sk\u00f3rzanymi, kt\u00f3re dodaj\u0105 klasy gotowym wyrobom.<\/p>\n<p style=\"margin-right: 30px; margin-left: 30px;\">Materia\u0142 o przeznaczeniu na torby mo\u017ce zosta\u0107 dodatkowo zabezpieczony impregnatem nadaj\u0105cym mu w\u0142a\u015bciwo\u015bci cz\u0119\u015bciowo wodoodporne. Podobnie jak w przypadku przeznaczenia na r\u00f3\u017cnego rodzaju pokrowce do u\u017cytkowania na zewn\u0105trz. <strong>Je\u015bli natomiast ma zosta\u0107 przeznaczony do produkcji odzie\u017cy roboczej, warto, poza trudno palno\u015bci\u0105, wzbogaci\u0107 kanwas o w\u0142a\u015bciwo\u015bci antybakteryjne<\/strong>, podobnie jak w przypadku przeznaczenia na obicia mebli i poszewki poduszek.<\/p>\n","protected":false},"excerpt":{"rendered":"<p>Bawe\u0142na kanwas Bawe\u0142na kanwas (canvas) lub jej mieszanka z poliestrem produkowana jest w gramaturze powy\u017cej 300 g\/m2 i szeroko\u015bciach do<\/p>\n<div><a class=\"read-more-blog-button\" href=\"https:\/\/trans-tex.pl\/?page_id=1044\"><span>Czytaj ca\u0142o\u015b\u0107 <img decoding=\"async\" src=\"\/wp-content\/uploads\/2020\/05\/path-copy-2.svg\"><\/span><\/a><\/div>\n","protected":false},"author":1,"featured_media":0,"parent":0,"menu_order":0,"comment_status":"closed","ping_status":"closed","template":"","meta":{"footnotes":""},"yoast_head":"<!-- This site is optimized with the Yoast SEO plugin v18.6 - https:\/\/yoast.com\/wordpress\/plugins\/seo\/ -->\n<title>Bawe\u0142na kanwas - Trans-Tex Producent dzianin i tkanin<\/title>\n<meta name=\"description\" content=\"Trans-Tex - Producent dzianin i tkanin dla przemys\u0142u. W naszej ofercie \u2705 bawe\u0142na kanwas najwy\u017cszej jako\u015bci potwierdzone certyfikatami. Sprawd\u017a!\" \/>\n<meta name=\"robots\" content=\"index, follow, max-snippet:-1, max-image-preview:large, max-video-preview:-1\" \/>\n<link rel=\"canonical\" href=\"https:\/\/trans-tex.pl\/?page_id=1044\" \/>\n<meta property=\"og:locale\" content=\"pl_PL\" \/>\n<meta property=\"og:type\" content=\"article\" \/>\n<meta property=\"og:title\" content=\"Bawe\u0142na kanwas - Trans-Tex Producent dzianin i tkanin\" \/>\n<meta property=\"og:description\" content=\"Trans-Tex - Producent dzianin i tkanin dla przemys\u0142u. W naszej ofercie \u2705 bawe\u0142na kanwas najwy\u017cszej jako\u015bci potwierdzone certyfikatami. Sprawd\u017a!\" \/>\n<meta property=\"og:url\" content=\"https:\/\/trans-tex.pl\/?page_id=1044\" \/>\n<meta property=\"og:site_name\" content=\"Trans-Tex Producent dzianin i tkanin\" \/>\n<meta property=\"article:modified_time\" content=\"2022-08-09T07:31:46+00:00\" \/>\n<meta property=\"og:image\" content=\"http:\/\/trans-tex.pl\/wp-content\/uploads\/2020\/05\/mask.png\" \/>\n<meta name=\"twitter:card\" content=\"summary_large_image\" \/>\n<meta name=\"twitter:label1\" content=\"Szacowany czas czytania\" \/>\n\t<meta name=\"twitter:data1\" content=\"1 minuta\" \/>\n<script type=\"application\/ld+json\" class=\"yoast-schema-graph\">{\"@context\":\"https:\/\/schema.org\",\"@graph\":[{\"@type\":\"WebSite\",\"@id\":\"https:\/\/trans-tex.pl\/#website\",\"url\":\"https:\/\/trans-tex.pl\/\",\"name\":\"Trans-Tex Producent dzianin i tkanin\",\"description\":\"\",\"potentialAction\":[{\"@type\":\"SearchAction\",\"target\":{\"@type\":\"EntryPoint\",\"urlTemplate\":\"https:\/\/trans-tex.pl\/?s={search_term_string}\"},\"query-input\":\"required name=search_term_string\"}],\"inLanguage\":\"pl-PL\"},{\"@type\":\"ImageObject\",\"@id\":\"https:\/\/trans-tex.pl\/?page_id=1044#primaryimage\",\"inLanguage\":\"pl-PL\",\"url\":\"https:\/\/trans-tex.pl\/wp-content\/uploads\/2020\/05\/mask.png\",\"contentUrl\":\"https:\/\/trans-tex.pl\/wp-content\/uploads\/2020\/05\/mask.png\",\"width\":445,\"height\":425},{\"@type\":\"WebPage\",\"@id\":\"https:\/\/trans-tex.pl\/?page_id=1044#webpage\",\"url\":\"https:\/\/trans-tex.pl\/?page_id=1044\",\"name\":\"Bawe\u0142na kanwas - Trans-Tex Producent dzianin i tkanin\",\"isPartOf\":{\"@id\":\"https:\/\/trans-tex.pl\/#website\"},\"primaryImageOfPage\":{\"@id\":\"https:\/\/trans-tex.pl\/?page_id=1044#primaryimage\"},\"datePublished\":\"2020-09-16T12:25:38+00:00\",\"dateModified\":\"2022-08-09T07:31:46+00:00\",\"description\":\"Trans-Tex - Producent dzianin i tkanin dla przemys\u0142u. W naszej ofercie \u2705 bawe\u0142na kanwas najwy\u017cszej jako\u015bci potwierdzone certyfikatami. Sprawd\u017a!\",\"breadcrumb\":{\"@id\":\"https:\/\/trans-tex.pl\/?page_id=1044#breadcrumb\"},\"inLanguage\":\"pl-PL\",\"potentialAction\":[{\"@type\":\"ReadAction\",\"target\":[\"https:\/\/trans-tex.pl\/?page_id=1044\"]}]},{\"@type\":\"BreadcrumbList\",\"@id\":\"https:\/\/trans-tex.pl\/?page_id=1044#breadcrumb\",\"itemListElement\":[{\"@type\":\"ListItem\",\"position\":1,\"name\":\"Strona g\u0142\u00f3wna\",\"item\":\"https:\/\/trans-tex.pl\/\"},{\"@type\":\"ListItem\",\"position\":2,\"name\":\"Bawe\u0142na kanwas\"}]}]}<\/script>\n<!-- \/ Yoast SEO plugin. -->","yoast_head_json":{"title":"Bawe\u0142na kanwas - Trans-Tex Producent dzianin i tkanin","description":"Trans-Tex - Producent dzianin i tkanin dla przemys\u0142u. W naszej ofercie \u2705 bawe\u0142na kanwas najwy\u017cszej jako\u015bci potwierdzone certyfikatami. Sprawd\u017a!","robots":{"index":"index","follow":"follow","max-snippet":"max-snippet:-1","max-image-preview":"max-image-preview:large","max-video-preview":"max-video-preview:-1"},"canonical":"https:\/\/trans-tex.pl\/?page_id=1044","og_locale":"pl_PL","og_type":"article","og_title":"Bawe\u0142na kanwas - Trans-Tex Producent dzianin i tkanin","og_description":"Trans-Tex - Producent dzianin i tkanin dla przemys\u0142u. W naszej ofercie \u2705 bawe\u0142na kanwas najwy\u017cszej jako\u015bci potwierdzone certyfikatami. Sprawd\u017a!","og_url":"https:\/\/trans-tex.pl\/?page_id=1044","og_site_name":"Trans-Tex Producent dzianin i tkanin","article_modified_time":"2022-08-09T07:31:46+00:00","og_image":[{"url":"http:\/\/trans-tex.pl\/wp-content\/uploads\/2020\/05\/mask.png"}],"twitter_card":"summary_large_image","twitter_misc":{"Szacowany czas czytania":"1 minuta"},"schema":{"@context":"https:\/\/schema.org","@graph":[{"@type":"WebSite","@id":"https:\/\/trans-tex.pl\/#website","url":"https:\/\/trans-tex.pl\/","name":"Trans-Tex Producent dzianin i tkanin","description":"","potentialAction":[{"@type":"SearchAction","target":{"@type":"EntryPoint","urlTemplate":"https:\/\/trans-tex.pl\/?s={search_term_string}"},"query-input":"required name=search_term_string"}],"inLanguage":"pl-PL"},{"@type":"ImageObject","@id":"https:\/\/trans-tex.pl\/?page_id=1044#primaryimage","inLanguage":"pl-PL","url":"https:\/\/trans-tex.pl\/wp-content\/uploads\/2020\/05\/mask.png","contentUrl":"https:\/\/trans-tex.pl\/wp-content\/uploads\/2020\/05\/mask.png","width":445,"height":425},{"@type":"WebPage","@id":"https:\/\/trans-tex.pl\/?page_id=1044#webpage","url":"https:\/\/trans-tex.pl\/?page_id=1044","name":"Bawe\u0142na kanwas - Trans-Tex Producent dzianin i tkanin","isPartOf":{"@id":"https:\/\/trans-tex.pl\/#website"},"primaryImageOfPage":{"@id":"https:\/\/trans-tex.pl\/?page_id=1044#primaryimage"},"datePublished":"2020-09-16T12:25:38+00:00","dateModified":"2022-08-09T07:31:46+00:00","description":"Trans-Tex - Producent dzianin i tkanin dla przemys\u0142u. W naszej ofercie \u2705 bawe\u0142na kanwas najwy\u017cszej jako\u015bci potwierdzone certyfikatami. Sprawd\u017a!","breadcrumb":{"@id":"https:\/\/trans-tex.pl\/?page_id=1044#breadcrumb"},"inLanguage":"pl-PL","potentialAction":[{"@type":"ReadAction","target":["https:\/\/trans-tex.pl\/?page_id=1044"]}]},{"@type":"BreadcrumbList","@id":"https:\/\/trans-tex.pl\/?page_id=1044#breadcrumb","itemListElement":[{"@type":"ListItem","position":1,"name":"Strona g\u0142\u00f3wna","item":"https:\/\/trans-tex.pl\/"},{"@type":"ListItem","position":2,"name":"Bawe\u0142na kanwas"}]}]}},"_links":{"self":[{"href":"https:\/\/trans-tex.pl\/index.php?rest_route=\/wp\/v2\/pages\/1044"}],"collection":[{"href":"https:\/\/trans-tex.pl\/index.php?rest_route=\/wp\/v2\/pages"}],"about":[{"href":"https:\/\/trans-tex.pl\/index.php?rest_route=\/wp\/v2\/types\/page"}],"author":[{"embeddable":true,"href":"https:\/\/trans-tex.pl\/index.php?rest_route=\/wp\/v2\/users\/1"}],"replies":[{"embeddable":true,"href":"https:\/\/trans-tex.pl\/index.php?rest_route=%2Fwp%2Fv2%2Fcomments&post=1044"}],"version-history":[{"count":15,"href":"https:\/\/trans-tex.pl\/index.php?rest_route=\/wp\/v2\/pages\/1044\/revisions"}],"predecessor-version":[{"id":1158,"href":"https:\/\/trans-tex.pl\/index.php?rest_route=\/wp\/v2\/pages\/1044\/revisions\/1158"}],"wp:attachment":[{"href":"https:\/\/trans-tex.pl\/index.php?rest_route=%2Fwp%2Fv2%2Fmedia&parent=1044"}],"curies":[{"name":"wp","href":"https:\/\/api.w.org\/{rel}","templated":true}]}}